{"id":729,"date":"2017-11-16T01:04:10","date_gmt":"2017-11-16T00:04:10","guid":{"rendered":"https:\/\/partnerdev.esky.pl\/?page_id=729"},"modified":"2019-03-29T12:38:37","modified_gmt":"2019-03-29T11:38:37","slug":"faq","status":"publish","type":"page","link":"https:\/\/eskypartners.com\/pl\/faq\/","title":{"rendered":"FAQ"},"content":{"rendered":"<section style=\"background: #ffffff;\" class=\"section pyl spys  \" >\n<div class=\"wrapper wrapper content\">\n<div class=\"dt\">\n<div class=\"dtc\">\n<div class=\"faqwd_conteiner \">\n<div class=\"faqwd_search\">\n                    <input type=\"text\" class=\"faqwd_search_input\"\/><\/p>\n<div class=\"faqwd_search_button\"><\/div>\n<\/p>\n<\/div>\n<p><input type=\"hidden\" class=\"faqwd_search_text1\" value=\"Nothing has been found\" \/><input type=\"hidden\" class=\"faqwd_search_text2\" value=\"Search key must contain only letters and numbers\" \/><input type=\"hidden\" class=\"faqwd_search_text3\" value=\"Search result\" \/><\/p>\n<div  class=\"faqwd_categories\">\n<ul class=\"faqwd_categories_ul\">\n<li class=\"faqwd_categories_li faqwd_category_id_12\" data-catid=\"12\">1. PL<\/li>\n<\/ul>\n<\/div>\n<div class=\"faqwd_expand_collapse\">\n    <span class=\"faqwd_expand\">Poka\u017c wszystkie<\/span><br \/>\n        <span class=\"faqwd_hidden\">|<\/span><br \/>\n    <span class=\"faqwd_collapse\">Ukryj wszystkie<\/span>\n    <\/div>\n<div class=\"faqwd_questions\">\n<div class=\"faqwd_cat_12 faqwd_cat faqwd_hidden\">\n<ul class=\"faqwd_questions_ul\">\n<li class=\"faqwd_question_li expand faqwd_qustion_li_12_924\">\n<div class=\"faqwd_question_title_container\" data-faqid=12_924>\n<div class=\"faqwd_question_title\"> <span class=\"faqwd_quest_numbering\">1. <\/span><span class=\"faqwd_post_title\" id=\"12_924\">Kto mo\u017ce do\u0142\u0105czy\u0107 do\u00a0programu afiliacyjnego eSky?<\/span><\/div>\n<div class=\"before20\"><span class=\"arr\">&nbsp;<\/span><\/div>\n<\/div>\n<div class=\"faqwd_question_content faqwd_question_12_924\">\n<div class=\"faqwd_answer_container\">\n<div class=\"faqwd_post_info\"><span class=\"faqwd_post_author\">Author: alycha <\/span ><span class=\"faqwd_date\">20.11.17<\/span><\/div>\n<div class=\"faqwd_answer\">\n<p>Do programu afiliacyjnego eSky mo\u017ce do\u0142\u0105czy\u0107 firma lub osoba fizyczna, kt\u00f3ra jest wydawc\u0105 serwisu tematycznego i jednocze\u015bnie na swojej stronie chce promowa\u0107 tanie podr\u00f3\u017ce. <\/p>\n<p>&nbsp;<\/p>\n<\/div>\n<p><span><a class=\"faqwd_read_more_button\" href=\"http:\/\/eskypartners.com\/faqwd\/kto-moze-dolaczyc-do-programu-afiliacyjnego-esky\/\">More<\/a><\/span><\/p>\n<div class=\"faqwd_question_options\">\n<div class=\"faqwd_vote_option\" data-faqid= 924><span>Was this answer helpful ? <\/span><span title=\"\"class=\"faqwd_useful\"><br \/>\n                                                        <span class=\"useful_yes_no\">Yes<\/span><\/span><span> \/<\/span><span title=\"\" class=\"faqwd_non_useful\"><br \/>\n                                                        <span class=\"useful_yes_no\">No<\/span><\/span><\/div>\n<p><span class=\"faqwd_viewed\" >Viewed<br \/>\n                                        <span class=\"faqwd_count_hits_924\">201<\/span> Times <\/span><\/div>\n<\/div>\n<\/div>\n<\/li >\n<li class=\"faqwd_question_li expand faqwd_qustion_li_12_944\">\n<div class=\"faqwd_question_title_container\" data-faqid=12_944>\n<div class=\"faqwd_question_title\"> <span class=\"faqwd_quest_numbering\">2. <\/span><span class=\"faqwd_post_title\" id=\"12_944\">Co to s\u0105 cookies i w jaki spos\u00f3b mog\u0119 je wykorzysta\u0107?<\/span><\/div>\n<div class=\"before20\"><span class=\"arr\">&nbsp;<\/span><\/div>\n<\/div>\n<div class=\"faqwd_question_content faqwd_question_12_944\">\n<div class=\"faqwd_answer_container\">\n<div class=\"faqwd_post_info\"><span class=\"faqwd_post_author\">Author: alycha <\/span ><span class=\"faqwd_date\">20.11.17<\/span><\/div>\n<div class=\"faqwd_answer\">\n<p>Cookies to niewielkie informacje wysy\u0142ane przez serwis internetowy, kt\u00f3ry odwiedzamy i zapisywane na urz\u0105dzeniu, z kt\u00f3rego korzystamy.<br \/>\nDzi\u0119ki ciasteczkom zostaje zapisana informacja o Partner ID, dlatego je\u017celi osoba, kt\u00f3ra odwiedzi\u0142a serwis partnera pierwszego dnia miesi\u0105ca, nie dokona\u0142a w tym dniu zakupu, ale powr\u00f3ci\u0142a do linku z okazj\u0105 po 20 dniach i dokona\u0142a zakupu, to sprzeda\u017c liczona jest na konto partnera. W przypadku eSky cookies obowi\u0105zuje zasada \u201eostatnie ciasteczko wygrywa\u201d.  D\u0142ugo\u015b\u0107 \u017cycia ciasteczek wynosi 30 dni. Wi\u0119cej informacji o cisteczkach TU (http:\/\/wszystkoociasteczkach.pl\/po-co-sa-ciasteczka\/).<\/p>\n<\/div>\n<p><span><a class=\"faqwd_read_more_button\" href=\"http:\/\/eskypartners.com\/faqwd\/co-to-sa-cookies-i-w-jaki-sposob-moge-je-wykorzystac\/\">More<\/a><\/span><\/p>\n<div class=\"faqwd_question_options\">\n<div class=\"faqwd_vote_option\" data-faqid= 944><span>Was this answer helpful ? <\/span><span title=\"\"class=\"faqwd_useful\"><br \/>\n                                                        <span class=\"useful_yes_no\">Yes<\/span><\/span><span> \/<\/span><span title=\"\" class=\"faqwd_non_useful\"><br \/>\n                                                        <span class=\"useful_yes_no\">No<\/span><\/span><\/div>\n<p><span class=\"faqwd_viewed\" >Viewed<br \/>\n                                        <span class=\"faqwd_count_hits_944\">61<\/span> Times <\/span><\/div>\n<\/div>\n<\/div>\n<\/li >\n<li class=\"faqwd_question_li expand faqwd_qustion_li_12_931\">\n<div class=\"faqwd_question_title_container\" data-faqid=12_931>\n<div class=\"faqwd_question_title\"> <span class=\"faqwd_quest_numbering\">3. <\/span><span class=\"faqwd_post_title\" id=\"12_931\">Jaka jest wysoko\u015b\u0107 prowizji?<\/span><\/div>\n<div class=\"before20\"><span class=\"arr\">&nbsp;<\/span><\/div>\n<\/div>\n<div class=\"faqwd_question_content faqwd_question_12_931\">\n<div class=\"faqwd_answer_container\">\n<div class=\"faqwd_post_info\"><span class=\"faqwd_post_author\">Author: alycha <\/span ><span class=\"faqwd_date\">20.11.17<\/span><\/div>\n<div class=\"faqwd_answer\">\n<p>Wysoko\u015b\u0107 prowizji jak\u0105 oferujemy zale\u017cy od produktu, kt\u00f3ry b\u0119dzie promowany przez partnera:<br \/>\n&#8211; bilety lotnicze: od 20% warto\u015bci op\u0142aty transakcyjnej,<br \/>\n&#8211; hotele: 50% mar\u017cy netto eSky. Prowizja jest naliczana partnerowi w momencie wyliczenia mar\u017cy jednak nie wcze\u015bniej ni\u017c w dacie wykwaterowania klienta z hotelu (zrealizowania us\u0142ugi),<br \/>\n&#8211; ubezpieczenia: od 5% warto\u015bci netto wykupionej polisy.<\/p>\n<\/div>\n<p><span><a class=\"faqwd_read_more_button\" href=\"http:\/\/eskypartners.com\/faqwd\/jaka-jest-wysokosc-prowizji\/\">More<\/a><\/span><\/p>\n<div class=\"faqwd_question_options\">\n<div class=\"faqwd_vote_option\" data-faqid= 931><span>Was this answer helpful ? <\/span><span title=\"\"class=\"faqwd_useful\"><br \/>\n                                                        <span class=\"useful_yes_no\">Yes<\/span><\/span><span> \/<\/span><span title=\"\" class=\"faqwd_non_useful\"><br \/>\n                                                        <span class=\"useful_yes_no\">No<\/span><\/span><\/div>\n<p><span class=\"faqwd_viewed\" >Viewed<br \/>\n                                        <span class=\"faqwd_count_hits_931\">108<\/span> Times <\/span><\/div>\n<\/div>\n<\/div>\n<\/li >\n<li class=\"faqwd_question_li expand faqwd_qustion_li_12_935\">\n<div class=\"faqwd_question_title_container\" data-faqid=12_935>\n<div class=\"faqwd_question_title\"> <span class=\"faqwd_quest_numbering\">4. <\/span><span class=\"faqwd_post_title\" id=\"12_935\">Gdzie znajd\u0119 raporty sprzeda\u017cowe?<\/span><\/div>\n<div class=\"before20\"><span class=\"arr\">&nbsp;<\/span><\/div>\n<\/div>\n<div class=\"faqwd_question_content faqwd_question_12_935\">\n<div class=\"faqwd_answer_container\">\n<div class=\"faqwd_post_info\"><span class=\"faqwd_post_author\">Author: alycha <\/span ><span class=\"faqwd_date\">20.11.17<\/span><\/div>\n<div class=\"faqwd_answer\">\n<p>Raporty sprzeda\u017cowe b\u0119d\u0105 wysy\u0142ane Partnerowi drog\u0105 mailow\u0105 na pocz\u0105tku ka\u017cdego miesi\u0105ca za miesi\u0105c go poprzedzaj\u0105cy.<\/p>\n<\/div>\n<p><span><a class=\"faqwd_read_more_button\" href=\"http:\/\/eskypartners.com\/faqwd\/gdzie-znajde-raporty-sprzedazowe\/\">More<\/a><\/span><\/p>\n<div class=\"faqwd_question_options\">\n<div class=\"faqwd_vote_option\" data-faqid= 935><span>Was this answer helpful ? <\/span><span title=\"\"class=\"faqwd_useful\"><br \/>\n                                                        <span class=\"useful_yes_no\">Yes<\/span><\/span><span> \/<\/span><span title=\"\" class=\"faqwd_non_useful\"><br \/>\n                                                        <span class=\"useful_yes_no\">No<\/span><\/span><\/div>\n<p><span class=\"faqwd_viewed\" >Viewed<br \/>\n                                        <span class=\"faqwd_count_hits_935\">56<\/span> Times <\/span><\/div>\n<\/div>\n<\/div>\n<\/li >\n<li class=\"faqwd_question_li expand faqwd_qustion_li_12_939\">\n<div class=\"faqwd_question_title_container\" data-faqid=12_939>\n<div class=\"faqwd_question_title\"> <span class=\"faqwd_quest_numbering\">5. <\/span><span class=\"faqwd_post_title\" id=\"12_939\">Co to jest Partner ID?<\/span><\/div>\n<div class=\"before20\"><span class=\"arr\">&nbsp;<\/span><\/div>\n<\/div>\n<div class=\"faqwd_question_content faqwd_question_12_939\">\n<div class=\"faqwd_answer_container\">\n<div class=\"faqwd_post_info\"><span class=\"faqwd_post_author\">Author: alycha <\/span ><span class=\"faqwd_date\">20.11.17<\/span><\/div>\n<div class=\"faqwd_answer\">\n<p>Partner ID jest to indywidualny kod partnera, dzi\u0119ki kt\u00f3remu identyfikowane zostan\u0105 wszystkie sprzeda\u017ce wygenerowane przez jego stron\u0119.<\/p>\n<\/div>\n<p><span><a class=\"faqwd_read_more_button\" href=\"http:\/\/eskypartners.com\/faqwd\/co-to-jest-partner-id-2\/\">More<\/a><\/span><\/p>\n<div class=\"faqwd_question_options\">\n<div class=\"faqwd_vote_option\" data-faqid= 939><span>Was this answer helpful ? <\/span><span title=\"\"class=\"faqwd_useful\"><br \/>\n                                                        <span class=\"useful_yes_no\">Yes<\/span><\/span><span> \/<\/span><span title=\"\" class=\"faqwd_non_useful\"><br \/>\n                                                        <span class=\"useful_yes_no\">No<\/span><\/span><\/div>\n<p><span class=\"faqwd_viewed\" >Viewed<br \/>\n                                        <span class=\"faqwd_count_hits_939\">63<\/span> Times <\/span><\/div>\n<\/div>\n<\/div>\n<\/li >\n<li class=\"faqwd_question_li expand faqwd_qustion_li_12_930\">\n<div class=\"faqwd_question_title_container\" data-faqid=12_930>\n<div class=\"faqwd_question_title\"> <span class=\"faqwd_quest_numbering\">6. <\/span><span class=\"faqwd_post_title\" id=\"12_930\">Jak do\u0142\u0105czy\u0107 do programu afiliacyjnego eSky?<\/span><\/div>\n<div class=\"before20\"><span class=\"arr\">&nbsp;<\/span><\/div>\n<\/div>\n<div class=\"faqwd_question_content faqwd_question_12_930\">\n<div class=\"faqwd_answer_container\">\n<div class=\"faqwd_post_info\"><span class=\"faqwd_post_author\">Author: alycha <\/span ><span class=\"faqwd_date\">20.11.17<\/span><\/div>\n<div class=\"faqwd_answer\">\n<p>To bardzo proste. Wystarczy wys\u0142a\u0107 maila na adres partners@esky.pl, podaj\u0105c kilka niezb\u0119dnych informacji:<br \/>\n&#8211; adres strony internetowej,<br \/>\n&#8211; nazwa firmy.<br \/>\nW odpowiedzi na zg\u0142oszenie wy\u015blemy Ci propozycj\u0119 umowy i instrukcje co do dalszych krok\u00f3w.<\/p>\n<\/div>\n<p><span><a class=\"faqwd_read_more_button\" href=\"http:\/\/eskypartners.com\/faqwd\/jak-dolaczyc-do-programu-afiliacyjnego-esky\/\">More<\/a><\/span><\/p>\n<div class=\"faqwd_question_options\">\n<div class=\"faqwd_vote_option\" data-faqid= 930><span>Was this answer helpful ? <\/span><span title=\"\"class=\"faqwd_useful\"><br \/>\n                                                        <span class=\"useful_yes_no\">Yes<\/span><\/span><span> \/<\/span><span title=\"\" class=\"faqwd_non_useful\"><br \/>\n                                                        <span class=\"useful_yes_no\">No<\/span><\/span><\/div>\n<p><span class=\"faqwd_viewed\" >Viewed<br \/>\n                                        <span class=\"faqwd_count_hits_930\">109<\/span> Times <\/span><\/div>\n<\/div>\n<\/div>\n<\/li >\n<li class=\"faqwd_question_li expand faqwd_qustion_li_12_942\">\n<div class=\"faqwd_question_title_container\" data-faqid=12_942>\n<div class=\"faqwd_question_title\"> <span class=\"faqwd_quest_numbering\">7. <\/span><span class=\"faqwd_post_title\" id=\"12_942\">W jaki spos\u00f3b mog\u0119 zaimplementowa\u0107 wyszukiwark\u0119 (QSF \u2013 Quick Search Flight) na swojej stronie?<\/span><\/div>\n<div class=\"before20\"><span class=\"arr\">&nbsp;<\/span><\/div>\n<\/div>\n<div class=\"faqwd_question_content faqwd_question_12_942\">\n<div class=\"faqwd_answer_container\">\n<div class=\"faqwd_post_info\"><span class=\"faqwd_post_author\">Author: alycha <\/span ><span class=\"faqwd_date\">20.11.17<\/span><\/div>\n<div class=\"faqwd_answer\">\n<p>Implementacja wyszukiwarki na stronie jest bardzo prosta \u2013 w kodzie strony wystarczy osadzi\u0107 prosty kod JavaScript, do kt\u00f3rego nale\u017cy doda\u0107 jedynie parametr partner_id. Instrukcje wdro\u017cenia kodu otrzymacie po rejestracji. <\/p>\n<\/div>\n<p><span><a class=\"faqwd_read_more_button\" href=\"http:\/\/eskypartners.com\/faqwd\/w-jaki-sposob-moge-zaimplementowac-wyszukiwarke-qsf-quick-search-flight-na-swojej-stronie\/\">More<\/a><\/span><\/p>\n<div class=\"faqwd_question_options\">\n<div class=\"faqwd_vote_option\" data-faqid= 942><span>Was this answer helpful ? <\/span><span title=\"\"class=\"faqwd_useful\"><br \/>\n                                                        <span class=\"useful_yes_no\">Yes<\/span><\/span><span> \/<\/span><span title=\"\" class=\"faqwd_non_useful\"><br \/>\n                                                        <span class=\"useful_yes_no\">No<\/span><\/span><\/div>\n<p><span class=\"faqwd_viewed\" >Viewed<br \/>\n                                        <span class=\"faqwd_count_hits_942\">72<\/span> Times <\/span><\/div>\n<\/div>\n<\/div>\n<\/li >\n<li class=\"faqwd_question_li expand faqwd_qustion_li_12_936\">\n<div class=\"faqwd_question_title_container\" data-faqid=12_936>\n<div class=\"faqwd_question_title\"> <span class=\"faqwd_quest_numbering\">8. <\/span><span class=\"faqwd_post_title\" id=\"12_936\">Czy mog\u0119 \u015bledzi\u0107 konwersje w\u0142asnym kodem Google Analytics?<\/span><\/div>\n<div class=\"before20\"><span class=\"arr\">&nbsp;<\/span><\/div>\n<\/div>\n<div class=\"faqwd_question_content faqwd_question_12_936\">\n<div class=\"faqwd_answer_container\">\n<div class=\"faqwd_post_info\"><span class=\"faqwd_post_author\">Author: alycha <\/span ><span class=\"faqwd_date\">20.11.17<\/span><\/div>\n<div class=\"faqwd_answer\">\n<p>Taki dodatkowy benefit jest ustalany indywidualnie i skierowany do Partner\u00f3w, kt\u00f3rzy generuj\u0105 najwi\u0119ksz\u0105 sprzeda\u017c.<\/p>\n<\/div>\n<p><span><a class=\"faqwd_read_more_button\" href=\"http:\/\/eskypartners.com\/faqwd\/czy-moge-sledzic-konwersje-wlasnym-kodem-google-analytics\/\">More<\/a><\/span><\/p>\n<div class=\"faqwd_question_options\">\n<div class=\"faqwd_vote_option\" data-faqid= 936><span>Was this answer helpful ? <\/span><span title=\"\"class=\"faqwd_useful\"><br \/>\n                                                        <span class=\"useful_yes_no\">Yes<\/span><\/span><span> \/<\/span><span title=\"\" class=\"faqwd_non_useful\"><br \/>\n                                                        <span class=\"useful_yes_no\">No<\/span><\/span><\/div>\n<p><span class=\"faqwd_viewed\" >Viewed<br \/>\n                                        <span class=\"faqwd_count_hits_936\">72<\/span> Times <\/span><\/div>\n<\/div>\n<\/div>\n<\/li >\n<li class=\"faqwd_question_li expand faqwd_qustion_li_12_943\">\n<div class=\"faqwd_question_title_container\" data-faqid=12_943>\n<div class=\"faqwd_question_title\"> <span class=\"faqwd_quest_numbering\">9. <\/span><span class=\"faqwd_post_title\" id=\"12_943\">Jaka jest wysoko\u015b\u0107 op\u0142aty transakcyjnej?<\/span><\/div>\n<div class=\"before20\"><span class=\"arr\">&nbsp;<\/span><\/div>\n<\/div>\n<div class=\"faqwd_question_content faqwd_question_12_943\">\n<div class=\"faqwd_answer_container\">\n<div class=\"faqwd_post_info\"><span class=\"faqwd_post_author\">Author: alycha <\/span ><span class=\"faqwd_date\">20.11.17<\/span><\/div>\n<div class=\"faqwd_answer\">\n<p>Wysoko\u015b\u0107 op\u0142aty transakcyjnej zale\u017cy od rodzaju zakupionego biletu.<\/p>\n<\/div>\n<p><span><a class=\"faqwd_read_more_button\" href=\"http:\/\/eskypartners.com\/faqwd\/jaka-jest-wysokosc-tf-transaction-fee\/\">More<\/a><\/span><\/p>\n<div class=\"faqwd_question_options\">\n<div class=\"faqwd_vote_option\" data-faqid= 943><span>Was this answer helpful ? <\/span><span title=\"\"class=\"faqwd_useful\"><br \/>\n                                                        <span class=\"useful_yes_no\">Yes<\/span><\/span><span> \/<\/span><span title=\"\" class=\"faqwd_non_useful\"><br \/>\n                                                        <span class=\"useful_yes_no\">No<\/span><\/span><\/div>\n<p><span class=\"faqwd_viewed\" >Viewed<br \/>\n                                        <span class=\"faqwd_count_hits_943\">88<\/span> Times <\/span><\/div>\n<\/div>\n<\/div>\n<\/li ><\/ul > <\/div > <\/div>\n<div class=\"faqwd_pagination\"><\/div>\n<\/div>\n<\/div>\n<\/div>\n<\/div>\n<\/section>\n<section id=\"registerbox\" class=\"section  imagebg registerbox  none\" style=\" ; ;\"><img decoding=\"async\" class=\"image-bg\" style=\"display: none;\" src=\"data:image\/gif;base64,R0lGODlhAQABAAAAACH5BAEKAAEALAAAAAABAAEAAAICTAEAOw==\" srcset=\"https:\/\/eskypartners.com\/content\/uploads\/2017\/11\/yyuuu11111-640x266.jpg 640w,  https:\/\/eskypartners.com\/content\/uploads\/2017\/11\/yyuuu11111.jpg 1920w,  https:\/\/eskypartners.com\/content\/uploads\/2017\/11\/yyuuu11111@2x.jpg 3840w\"><\/p>\n<div class=\"wrapper reveal\" style=\"\">\n<div class=\"dt\">\n<div class=\"dtc\">\n<div class=\"columns cf\">\n<div class=\"columns__item cf span_24 sspan_24 content\">\n<h2 style=\"text-align: center;\"><span style=\"color: #ffffff;\"><strong>Do\u0142\u0105cz ju\u017c dzisiaj i zacznij zarabia\u0107!<\/strong><\/span><\/h2>\n<p style=\"text-align: center;\"><span style=\"color: #ffffff;\"><a class=\"btn btn--default\" style=\"background: #e70e6a;\" href=\"https:\/\/skybox.eskypartners.com\/register1\">Do\u0142\u0105cz do nas \u00bb<\/a><\/span><\/p>\n<\/div>\n<\/div>\n<\/div>\n<\/div>\n<\/div>\n<\/section>\n","protected":false},"excerpt":{"rendered":"<p>1. PL Poka\u017c wszystkie | Ukryj wszystkie 1. Kto mo\u017ce do\u0142\u0105czy\u0107 do\u00a0programu afiliacyjnego eSky? &nbsp; Author: alycha 20.11.17 Do programu afiliacyjnego eSky mo\u017ce do\u0142\u0105czy\u0107 firma lub osoba fizyczna, kt\u00f3ra jest wydawc\u0105 serwisu tematycznego i jednocze\u015bnie na swojej stronie chce promowa\u0107 tanie podr\u00f3\u017ce. &nbsp; More Was this answer helpful ? Yes \/ No Viewed 201 Times [&hellip;]<\/p>\n","protected":false},"author":18,"featured_media":0,"parent":0,"menu_order":0,"comment_status":"closed","ping_status":"closed","template":"template-projects.php","meta":{"footnotes":""},"yoast_head":"<!-- This site is optimized with the Yoast SEO plugin v21.9.1 - https:\/\/yoast.com\/wordpress\/plugins\/seo\/ -->\n<title>FAQ - eSky Partners<\/title>\n<meta name=\"description\" content=\"Program afiliacyjny eSky Partners to nowoczesny spos\u00f3b na zarabianie przez internet. Dowiedz si\u0119, jak dzia\u0142a system prowizyjny, kt\u00f3re produkty mo\u017cesz poleca\u0107, z jakich narz\u0119dzi korzystamy i w jaki spos\u00f3b do nas do\u0142\u0105czy\u0107. Odpowiemy na wszystkie pytania!\" \/>\n<meta name=\"robots\" content=\"index, follow, max-snippet:-1, max-image-preview:large, max-video-preview:-1\" \/>\n<link rel=\"canonical\" href=\"https:\/\/eskypartners.com\/pl\/faq\/\" \/>\n<meta property=\"og:locale\" content=\"pl_PL\" \/>\n<meta property=\"og:type\" content=\"article\" \/>\n<meta property=\"og:title\" content=\"FAQ - eSky Partners\" \/>\n<meta property=\"og:description\" content=\"Program afiliacyjny eSky Partners to nowoczesny spos\u00f3b na zarabianie przez internet. Dowiedz si\u0119, jak dzia\u0142a system prowizyjny, kt\u00f3re produkty mo\u017cesz poleca\u0107, z jakich narz\u0119dzi korzystamy i w jaki spos\u00f3b do nas do\u0142\u0105czy\u0107. Odpowiemy na wszystkie pytania!\" \/>\n<meta property=\"og:url\" content=\"https:\/\/eskypartners.com\/pl\/faq\/\" \/>\n<meta property=\"og:site_name\" content=\"eSky Partners\" \/>\n<meta property=\"article:modified_time\" content=\"2019-03-29T11:38:37+00:00\" \/>\n<meta name=\"twitter:card\" content=\"summary_large_image\" \/>\n<meta name=\"twitter:label1\" content=\"Szacowany czas czytania\" \/>\n\t<meta name=\"twitter:data1\" content=\"3 minuty\" \/>\n<script type=\"application\/ld+json\" class=\"yoast-schema-graph\">{\"@context\":\"https:\/\/schema.org\",\"@graph\":[{\"@type\":\"WebPage\",\"@id\":\"https:\/\/eskypartners.com\/pl\/faq\/\",\"url\":\"https:\/\/eskypartners.com\/pl\/faq\/\",\"name\":\"FAQ - eSky Partners\",\"isPartOf\":{\"@id\":\"http:\/\/eskypartners.com\/#website\"},\"datePublished\":\"2017-11-16T00:04:10+00:00\",\"dateModified\":\"2019-03-29T11:38:37+00:00\",\"description\":\"Program afiliacyjny eSky Partners to nowoczesny spos\u00f3b na zarabianie przez internet. Dowiedz si\u0119, jak dzia\u0142a system prowizyjny, kt\u00f3re produkty mo\u017cesz poleca\u0107, z jakich narz\u0119dzi korzystamy i w jaki spos\u00f3b do nas do\u0142\u0105czy\u0107. Odpowiemy na wszystkie pytania!\",\"breadcrumb\":{\"@id\":\"https:\/\/eskypartners.com\/pl\/faq\/#breadcrumb\"},\"inLanguage\":\"pl-PL\",\"potentialAction\":[{\"@type\":\"ReadAction\",\"target\":[\"https:\/\/eskypartners.com\/pl\/faq\/\"]}]},{\"@type\":\"BreadcrumbList\",\"@id\":\"https:\/\/eskypartners.com\/pl\/faq\/#breadcrumb\",\"itemListElement\":[{\"@type\":\"ListItem\",\"position\":1,\"name\":\"Strona g\u0142\u00f3wna\",\"item\":\"https:\/\/eskypartners.com\/pl\/\"},{\"@type\":\"ListItem\",\"position\":2,\"name\":\"FAQ\"}]},{\"@type\":\"WebSite\",\"@id\":\"http:\/\/eskypartners.com\/#website\",\"url\":\"http:\/\/eskypartners.com\/\",\"name\":\"eSky Partners\",\"description\":\"\",\"potentialAction\":[{\"@type\":\"SearchAction\",\"target\":{\"@type\":\"EntryPoint\",\"urlTemplate\":\"http:\/\/eskypartners.com\/?s={search_term_string}\"},\"query-input\":\"required name=search_term_string\"}],\"inLanguage\":\"pl-PL\"}]}<\/script>\n<!-- \/ Yoast SEO plugin. -->","yoast_head_json":{"title":"FAQ - eSky Partners","description":"Program afiliacyjny eSky Partners to nowoczesny spos\u00f3b na zarabianie przez internet. Dowiedz si\u0119, jak dzia\u0142a system prowizyjny, kt\u00f3re produkty mo\u017cesz poleca\u0107, z jakich narz\u0119dzi korzystamy i w jaki spos\u00f3b do nas do\u0142\u0105czy\u0107. Odpowiemy na wszystkie pytania!","robots":{"index":"index","follow":"follow","max-snippet":"max-snippet:-1","max-image-preview":"max-image-preview:large","max-video-preview":"max-video-preview:-1"},"canonical":"https:\/\/eskypartners.com\/pl\/faq\/","og_locale":"pl_PL","og_type":"article","og_title":"FAQ - eSky Partners","og_description":"Program afiliacyjny eSky Partners to nowoczesny spos\u00f3b na zarabianie przez internet. Dowiedz si\u0119, jak dzia\u0142a system prowizyjny, kt\u00f3re produkty mo\u017cesz poleca\u0107, z jakich narz\u0119dzi korzystamy i w jaki spos\u00f3b do nas do\u0142\u0105czy\u0107. Odpowiemy na wszystkie pytania!","og_url":"https:\/\/eskypartners.com\/pl\/faq\/","og_site_name":"eSky Partners","article_modified_time":"2019-03-29T11:38:37+00:00","twitter_card":"summary_large_image","twitter_misc":{"Szacowany czas czytania":"3 minuty"},"schema":{"@context":"https:\/\/schema.org","@graph":[{"@type":"WebPage","@id":"https:\/\/eskypartners.com\/pl\/faq\/","url":"https:\/\/eskypartners.com\/pl\/faq\/","name":"FAQ - eSky Partners","isPartOf":{"@id":"http:\/\/eskypartners.com\/#website"},"datePublished":"2017-11-16T00:04:10+00:00","dateModified":"2019-03-29T11:38:37+00:00","description":"Program afiliacyjny eSky Partners to nowoczesny spos\u00f3b na zarabianie przez internet. Dowiedz si\u0119, jak dzia\u0142a system prowizyjny, kt\u00f3re produkty mo\u017cesz poleca\u0107, z jakich narz\u0119dzi korzystamy i w jaki spos\u00f3b do nas do\u0142\u0105czy\u0107. Odpowiemy na wszystkie pytania!","breadcrumb":{"@id":"https:\/\/eskypartners.com\/pl\/faq\/#breadcrumb"},"inLanguage":"pl-PL","potentialAction":[{"@type":"ReadAction","target":["https:\/\/eskypartners.com\/pl\/faq\/"]}]},{"@type":"BreadcrumbList","@id":"https:\/\/eskypartners.com\/pl\/faq\/#breadcrumb","itemListElement":[{"@type":"ListItem","position":1,"name":"Strona g\u0142\u00f3wna","item":"https:\/\/eskypartners.com\/pl\/"},{"@type":"ListItem","position":2,"name":"FAQ"}]},{"@type":"WebSite","@id":"http:\/\/eskypartners.com\/#website","url":"http:\/\/eskypartners.com\/","name":"eSky Partners","description":"","potentialAction":[{"@type":"SearchAction","target":{"@type":"EntryPoint","urlTemplate":"http:\/\/eskypartners.com\/?s={search_term_string}"},"query-input":"required name=search_term_string"}],"inLanguage":"pl-PL"}]}},"_links":{"self":[{"href":"https:\/\/eskypartners.com\/pl\/wp-json\/wp\/v2\/pages\/729"}],"collection":[{"href":"https:\/\/eskypartners.com\/pl\/wp-json\/wp\/v2\/pages"}],"about":[{"href":"https:\/\/eskypartners.com\/pl\/wp-json\/wp\/v2\/types\/page"}],"author":[{"embeddable":true,"href":"https:\/\/eskypartners.com\/pl\/wp-json\/wp\/v2\/users\/18"}],"replies":[{"embeddable":true,"href":"https:\/\/eskypartners.com\/pl\/wp-json\/wp\/v2\/comments?post=729"}],"version-history":[{"count":0,"href":"https:\/\/eskypartners.com\/pl\/wp-json\/wp\/v2\/pages\/729\/revisions"}],"wp:attachment":[{"href":"https:\/\/eskypartners.com\/pl\/wp-json\/wp\/v2\/media?parent=729"}],"curies":[{"name":"wp","href":"https:\/\/api.w.org\/{rel}","templated":true}]}}