{"id":727,"date":"2017-11-16T01:01:49","date_gmt":"2017-11-16T00:01:49","guid":{"rendered":"https:\/\/partnerdev.esky.pl\/?page_id=727"},"modified":"2019-04-04T11:46:28","modified_gmt":"2019-04-04T09:46:28","slug":"korzysci","status":"publish","type":"page","link":"https:\/\/eskypartners.com\/pl\/korzysci\/","title":{"rendered":"Korzy\u015bci"},"content":{"rendered":"<section style=\"background: ;\" class=\"section pyl spys  \" >\n<div class=\"wrapper wrapper content\">\n<div class=\"dt\">\n<div class=\"dtc\"><\/div>\n<\/div>\n<\/div>\n<\/section>\n<section id=\"korzysci\" class=\"section  imagebg korzysci  none\" style=\" ; ;\">\n<div class=\"wrapper reveal\" style=\"\">\n<div class=\"dt\">\n<div class=\"dtc\">\n<div class=\"columns cf\">\n<div class=\"columns__item cf span_12 sspan_24 content\">\n<div class=\"korzysci_left\"><img loading=\"lazy\" decoding=\"async\" class=\"korzysci_icons \" src=\"\/content\/uploads\/2017\/11\/pieniadze-1.png\" alt=\"\" width=\"270\" height=\"270\" \/><\/div>\n<div class=\"korzysci_right\">\n<div class=\"korzysci_text\">\n<h4><strong>Atrakcyjna prowizja<\/strong><\/h4>\n<p class=\"keep-me\">Mamy przejrzysty system prowizyjny. Ka\u017cdego miesi\u0105ca wyp\u0142acamy Ci nale\u017cne wynagrodzenie przy osi\u0105gni\u0119ciu minimalnego pu\u0142apu 150 z\u0142.<\/p>\n<\/div>\n<\/div>\n<\/div>\n<div class=\"columns__item cf span_12 sspan_24 content\">\n<div class=\"korzysci_left\"><img loading=\"lazy\" decoding=\"async\" class=\"korzysci_icons \" src=\"\/content\/uploads\/2017\/11\/znika.png\" alt=\"\" width=\"270\" height=\"270\" \/><\/div>\n<div class=\"korzysci_right\">\n<div class=\"korzysci_text\">\n<h4><strong>Najlepsze ceny<\/strong><\/h4>\n<p class=\"keep-me\">Du\u017ca liczba linii lotniczych, z kt\u00f3rymi wsp\u00f3\u0142pracujemy i kilku dostawc\u00f3w hotelowych gwarantuj\u0105 Twoim klientom bogat\u0105 ofert\u0119 w konkurencyjnych cenach.<\/p>\n<\/div>\n<\/div>\n<\/div>\n<\/div>\n<\/div>\n<\/div>\n<\/div>\n<\/section>\n<section id=\"korzysci\" class=\"section  imagebg korzysci  none\" style=\" ; ;\">\n<div class=\"wrapper reveal\" style=\"\">\n<div class=\"dt\">\n<div class=\"dtc\">\n<div class=\"columns cf\">\n<div class=\"columns__item cf span_12 sspan_24 content\">\n<div class=\"korzysci_left\"><img loading=\"lazy\" decoding=\"async\" class=\"korzysci_icons \" src=\"\/content\/uploads\/2017\/11\/czas.png\" alt=\"\" width=\"270\" height=\"270\" \/><\/div>\n<div class=\"korzysci_right\">\n<div class=\"korzysci_text\">\n<h4><strong>Szybka implementacja<\/strong><\/h4>\n<p class=\"keep-me\">Implementacja rozwi\u0105za\u0144, kt\u00f3re Ci proponujemy jest bardzo prosta. Nie wymaga od Ciebie znajomo\u015bci zagadnie\u0144 informatycznych.<\/p>\n<\/div>\n<\/div>\n<\/div>\n<div class=\"columns__item cf span_12 sspan_24 content\">\n<div class=\"korzysci_left\"><img loading=\"lazy\" decoding=\"async\" class=\"korzysci_icons \" src=\"\/content\/uploads\/2017\/11\/portfel.png\" alt=\"\" width=\"270\" height=\"270\" \/><\/div>\n<div class=\"korzysci_right\">\n<div class=\"korzysci_text\">\n<h4><strong>Zero koszt\u00f3w<\/strong><\/h4>\n<p class=\"keep-me\">Rejestracja w naszym programie jest szybka i bezp\u0142atna. W dodatku zajmujemy si\u0119 rezerwacj\u0105 produkt\u00f3w turystycznych i obs\u0142ug\u0105 posprzeda\u017cow\u0105. Nie musisz wi\u0119c obs\u0142ugiwa\u0107 niezale\u017cnej infolinii ani wykonywa\u0107 prac administracyjnych czy ksi\u0119gowych.<\/p>\n<\/div>\n<\/div>\n<\/div>\n<\/div>\n<\/div>\n<\/div>\n<\/div>\n<\/section>\n<section id=\"korzysci\" class=\"section  imagebg korzysci  none\" style=\" ; ;\">\n<div class=\"wrapper reveal\" style=\"\">\n<div class=\"dt\">\n<div class=\"dtc\">\n<div class=\"columns cf\">\n<div class=\"columns__item cf span_12 sspan_24 content\">\n<div class=\"korzysci_left\"><img loading=\"lazy\" decoding=\"async\" class=\"korzysci_icons \" src=\"\/content\/uploads\/2017\/11\/innow.png\" alt=\"\" width=\"270\" height=\"270\" \/><\/div>\n<div class=\"korzysci_right\">\n<div class=\"korzysci_text\">\n<h4><strong>Innowacyjne narz\u0119dzia<\/strong><\/h4>\n<p class=\"keep-me\">Dajemy Ci nasze narz\u0119dzia, dzi\u0119ki temu pracujesz na systemach, do kt\u00f3rych dotychczas dost\u0119p mieli tylko liderzy bran\u017cy e-travel. Zaczynasz zarabia\u0107 od razu, nie ponosz\u0105c \u017cadnych koszt\u00f3w.<\/p>\n<\/div>\n<\/div>\n<\/div>\n<div class=\"columns__item cf span_12 sspan_24 content\">\n<div class=\"korzysci_left\"><img loading=\"lazy\" decoding=\"async\" class=\"korzysci_icons \" src=\"\/content\/uploads\/2017\/11\/produkty.png\" alt=\"\" width=\"270\" height=\"270\" \/><\/div>\n<div class=\"korzysci_right\">\n<div class=\"korzysci_text\">\n<h4><strong>Najwi\u0119ksza baza ofert<\/strong><\/h4>\n<p class=\"keep-me\">Udost\u0119pniamy zintegrowan\u0105 ofert\u0119 860 regularnych i tanich linii lotniczych, a tak\u017ce baz\u0119 ponad 1 000 000 obiekt\u00f3w hotelowych pochodz\u0105c\u0105 od najwi\u0119kszych \u015bwiatowych dostawc\u00f3w.<\/p>\n<\/div>\n<\/div>\n<\/div>\n<\/div>\n<\/div>\n<\/div>\n<\/div>\n<\/section>\n<section id=\"korzysci\" class=\"section  imagebg korzysci  none\" style=\" ; ;\">\n<div class=\"wrapper reveal\" style=\"\">\n<div class=\"dt\">\n<div class=\"dtc\">\n<div class=\"columns cf\">\n<div class=\"columns__item cf span_12 sspan_24 content\">\n<div class=\"korzysci_left\"><img loading=\"lazy\" decoding=\"async\" class=\"korzysci_icons \" src=\"\/content\/uploads\/2017\/11\/monitor.png\" alt=\"\" width=\"270\" height=\"270\" \/><\/div>\n<div class=\"korzysci_right\">\n<div class=\"korzysci_text\">\n<h4><strong>Raporty on-line<\/strong><\/h4>\n<p class=\"keep-me\">Zapewniamy Ci dost\u0119p do przejrzystego systemu raportowania online, kt\u00f3ry pozwala na badanie wynik\u00f3w sprzeda\u017cy i precyzyjne optymalizowanie kampanii tak, aby osi\u0105ga\u0142a jak najlepsze rezultaty.<\/p>\n<\/div>\n<\/div>\n<\/div>\n<div class=\"columns__item cf span_12 sspan_24 content\">\n<div class=\"korzysci_left\"><img loading=\"lazy\" decoding=\"async\" class=\"korzysci_icons \" src=\"\/content\/uploads\/2017\/11\/formalonosci.png\" alt=\"\" width=\"270\" height=\"270\" \/><\/div>\n<div class=\"korzysci_right\">\n<div class=\"korzysci_text\">\n<h4><strong>Bez zb\u0119dnych formalno\u015bci<\/strong><\/h4>\n<p class=\"keep-me\">Dzi\u0119ki wsp\u00f3\u0142pracy z nami nie musisz podpisywa\u0107 um\u00f3w z dostawcami us\u0142ug, z poszczeg\u00f3lnymi systemami rezerwacyjnymi czy biurem posiadaj\u0105cym akredytacj\u0119 IATA uprawniaj\u0105c\u0105 do wystawiania bilet\u00f3w lotniczych. Nasza firma zapewni Ci to wszystko! Wygodny formularz zapewnia b\u0142yskawiczn\u0105 i darmow\u0105 rejestracj\u0119.<\/p>\n<\/div>\n<\/div>\n<\/div>\n<\/div>\n<\/div>\n<\/div>\n<\/div>\n<\/section>\n<section id=\"korzysci\" class=\"section  imagebg korzysci  none\" style=\" ; ;\">\n<div class=\"wrapper reveal\" style=\"\">\n<div class=\"dt\">\n<div class=\"dtc\">\n<div class=\"columns cf\">\n<div class=\"columns__item cf span_12 sspan_24 content\">\n<div class=\"korzysci_left\"><img loading=\"lazy\" decoding=\"async\" class=\"korzysci_icons \" src=\"\/content\/uploads\/2017\/11\/pomysly.png\" alt=\"\" width=\"270\" height=\"270\" \/><\/div>\n<div class=\"korzysci_right\">\n<div class=\"korzysci_text\">\n<h4><strong>Pliki cookie<\/strong><\/h4>\n<p class=\"keep-me\">Ka\u017cde przej\u015bcie u\u017cytkownika z Twojego serwisu do eSky powoduje zapisanie pliku cookie w jego przegl\u0105darce. Wa\u017cno\u015b\u0107 ciasteczka wynosi 30 dni i jest przed\u0142u\u017cana o kolejne 30 przy ka\u017cdym kolejnym przej\u015bciu u\u017cytkownika z Twojego serwisu.<\/p>\n<\/div>\n<\/div>\n<\/div>\n<div class=\"columns__item cf span_12 sspan_24 content\">\n<div class=\"korzysci_left\"><img loading=\"lazy\" decoding=\"async\" class=\"korzysci_icons \" src=\"\/content\/uploads\/2017\/11\/user.png\" alt=\"\" width=\"270\" height=\"270\" \/><\/div>\n<div class=\"korzysci_right\">\n<div class=\"korzysci_text\">\n<h4><strong>System wsparcia u\u017cytkownika<\/strong><\/h4>\n<p class=\"keep-me\">Zajmujemy si\u0119 kompleksow\u0105 obs\u0142ug\u0105 b\u0142\u0119d\u00f3w i wyj\u0105tk\u00f3w zintegrowan\u0105 z Telefonicznym Centrum Obs\u0142ugi. Dzi\u0119ki temu Twoi u\u017cytkownicy zostan\u0105 obs\u0142u\u017ceni nawet w sytuacji, gdy ich rezerwacja b\u0119dzie niekompletna (np. z powodu braku autoryzacji karty kredytowej).<\/p>\n<\/div>\n<\/div>\n<\/div>\n<\/div>\n<\/div>\n<\/div>\n<\/div>\n<\/section>\n<section style=\"background: ;\" class=\"section pyl spys  \" >\n<div class=\"wrapper wrapper content\">\n<div class=\"dt\">\n<div class=\"dtc\"><\/div>\n<\/div>\n<\/div>\n<\/section>\n<section id=\"registerbox\" class=\"section  imagebg registerbox  none\" style=\" ; ;\"><img decoding=\"async\" class=\"image-bg\" style=\"display: none;\" src=\"data:image\/gif;base64,R0lGODlhAQABAAAAACH5BAEKAAEALAAAAAABAAEAAAICTAEAOw==\" srcset=\"https:\/\/eskypartners.com\/content\/uploads\/2017\/11\/yyuuu11111-640x266.jpg 640w,  https:\/\/eskypartners.com\/content\/uploads\/2017\/11\/yyuuu11111.jpg 1920w,  https:\/\/eskypartners.com\/content\/uploads\/2017\/11\/yyuuu11111@2x.jpg 3840w\"><\/p>\n<div class=\"wrapper reveal\" style=\"\">\n<div class=\"dt\">\n<div class=\"dtc\">\n<div class=\"columns cf\">\n<div class=\"columns__item cf span_24 sspan_24 content\">\n<h2 style=\"text-align: center;\"><span style=\"color: #ffffff;\"><strong>Do\u0142\u0105cz ju\u017c dzisiaj i zacznij zarabia\u0107!<\/strong><\/span><\/h2>\n<p style=\"text-align: center;\"><span style=\"color: #ffffff;\"><a class=\"btn btn--default\" style=\"background: #e70e6a;\" href=\"https:\/\/skybox.eskypartners.com\/register1\">Do\u0142\u0105cz do nas \u00bb<\/a><\/span><\/p>\n<\/div>\n<\/div>\n<\/div>\n<\/div>\n<\/div>\n<\/section>\n","protected":false},"excerpt":{"rendered":"<p>Atrakcyjna prowizja Mamy przejrzysty system prowizyjny. Ka\u017cdego miesi\u0105ca wyp\u0142acamy Ci nale\u017cne wynagrodzenie przy osi\u0105gni\u0119ciu minimalnego pu\u0142apu 150 z\u0142. Najlepsze ceny Du\u017ca liczba linii lotniczych, z kt\u00f3rymi wsp\u00f3\u0142pracujemy i kilku dostawc\u00f3w hotelowych gwarantuj\u0105 Twoim klientom bogat\u0105 ofert\u0119 w konkurencyjnych cenach. Szybka implementacja Implementacja rozwi\u0105za\u0144, kt\u00f3re Ci proponujemy jest bardzo prosta. Nie wymaga od Ciebie znajomo\u015bci zagadnie\u0144 [&hellip;]<\/p>\n","protected":false},"author":18,"featured_media":0,"parent":0,"menu_order":0,"comment_status":"closed","ping_status":"closed","template":"template-projects.php","meta":{"footnotes":""},"yoast_head":"<!-- This site is optimized with the Yoast SEO plugin v21.9.1 - https:\/\/yoast.com\/wordpress\/plugins\/seo\/ -->\n<title>Korzy\u015bci - eSky Partners - co zyskujesz do\u0142\u0105czaj\u0105c do programu<\/title>\n<meta name=\"description\" content=\"Program partnerski eSky Partners to maksimum korzy\u015bci i minimum formalno\u015bci. Oferujemy przejrzysty system prowizyjny, udost\u0119pniamy nowoczesne narz\u0119dzia marketingowe i zapewniamy wsparcie na ka\u017cdym etapie wsp\u00f3\u0142pracy \u2013 bez \u017cadnych op\u0142at!\" \/>\n<meta name=\"robots\" content=\"index, follow, max-snippet:-1, max-image-preview:large, max-video-preview:-1\" \/>\n<link rel=\"canonical\" href=\"https:\/\/eskypartners.com\/pl\/korzysci\/\" \/>\n<meta property=\"og:locale\" content=\"pl_PL\" \/>\n<meta property=\"og:type\" content=\"article\" \/>\n<meta property=\"og:title\" content=\"Korzy\u015bci - eSky Partners - co zyskujesz do\u0142\u0105czaj\u0105c do programu\" \/>\n<meta property=\"og:description\" content=\"Program partnerski eSky Partners to maksimum korzy\u015bci i minimum formalno\u015bci. Oferujemy przejrzysty system prowizyjny, udost\u0119pniamy nowoczesne narz\u0119dzia marketingowe i zapewniamy wsparcie na ka\u017cdym etapie wsp\u00f3\u0142pracy \u2013 bez \u017cadnych op\u0142at!\" \/>\n<meta property=\"og:url\" content=\"https:\/\/eskypartners.com\/pl\/korzysci\/\" \/>\n<meta property=\"og:site_name\" content=\"eSky Partners\" \/>\n<meta property=\"article:modified_time\" content=\"2019-04-04T09:46:28+00:00\" \/>\n<meta name=\"twitter:card\" content=\"summary_large_image\" \/>\n<meta name=\"twitter:label1\" content=\"Szacowany czas czytania\" \/>\n\t<meta name=\"twitter:data1\" content=\"2 minuty\" \/>\n<script type=\"application\/ld+json\" class=\"yoast-schema-graph\">{\"@context\":\"https:\/\/schema.org\",\"@graph\":[{\"@type\":\"WebPage\",\"@id\":\"https:\/\/eskypartners.com\/pl\/korzysci\/\",\"url\":\"https:\/\/eskypartners.com\/pl\/korzysci\/\",\"name\":\"Korzy\u015bci - eSky Partners - co zyskujesz do\u0142\u0105czaj\u0105c do programu\",\"isPartOf\":{\"@id\":\"http:\/\/eskypartners.com\/#website\"},\"datePublished\":\"2017-11-16T00:01:49+00:00\",\"dateModified\":\"2019-04-04T09:46:28+00:00\",\"description\":\"Program partnerski eSky Partners to maksimum korzy\u015bci i minimum formalno\u015bci. Oferujemy przejrzysty system prowizyjny, udost\u0119pniamy nowoczesne narz\u0119dzia marketingowe i zapewniamy wsparcie na ka\u017cdym etapie wsp\u00f3\u0142pracy \u2013 bez \u017cadnych op\u0142at!\",\"breadcrumb\":{\"@id\":\"https:\/\/eskypartners.com\/pl\/korzysci\/#breadcrumb\"},\"inLanguage\":\"pl-PL\",\"potentialAction\":[{\"@type\":\"ReadAction\",\"target\":[\"https:\/\/eskypartners.com\/pl\/korzysci\/\"]}]},{\"@type\":\"BreadcrumbList\",\"@id\":\"https:\/\/eskypartners.com\/pl\/korzysci\/#breadcrumb\",\"itemListElement\":[{\"@type\":\"ListItem\",\"position\":1,\"name\":\"Strona g\u0142\u00f3wna\",\"item\":\"https:\/\/eskypartners.com\/pl\/\"},{\"@type\":\"ListItem\",\"position\":2,\"name\":\"Korzy\u015bci\"}]},{\"@type\":\"WebSite\",\"@id\":\"http:\/\/eskypartners.com\/#website\",\"url\":\"http:\/\/eskypartners.com\/\",\"name\":\"eSky Partners\",\"description\":\"\",\"potentialAction\":[{\"@type\":\"SearchAction\",\"target\":{\"@type\":\"EntryPoint\",\"urlTemplate\":\"http:\/\/eskypartners.com\/?s={search_term_string}\"},\"query-input\":\"required name=search_term_string\"}],\"inLanguage\":\"pl-PL\"}]}<\/script>\n<!-- \/ Yoast SEO plugin. -->","yoast_head_json":{"title":"Korzy\u015bci - eSky Partners - co zyskujesz do\u0142\u0105czaj\u0105c do programu","description":"Program partnerski eSky Partners to maksimum korzy\u015bci i minimum formalno\u015bci. Oferujemy przejrzysty system prowizyjny, udost\u0119pniamy nowoczesne narz\u0119dzia marketingowe i zapewniamy wsparcie na ka\u017cdym etapie wsp\u00f3\u0142pracy \u2013 bez \u017cadnych op\u0142at!","robots":{"index":"index","follow":"follow","max-snippet":"max-snippet:-1","max-image-preview":"max-image-preview:large","max-video-preview":"max-video-preview:-1"},"canonical":"https:\/\/eskypartners.com\/pl\/korzysci\/","og_locale":"pl_PL","og_type":"article","og_title":"Korzy\u015bci - eSky Partners - co zyskujesz do\u0142\u0105czaj\u0105c do programu","og_description":"Program partnerski eSky Partners to maksimum korzy\u015bci i minimum formalno\u015bci. Oferujemy przejrzysty system prowizyjny, udost\u0119pniamy nowoczesne narz\u0119dzia marketingowe i zapewniamy wsparcie na ka\u017cdym etapie wsp\u00f3\u0142pracy \u2013 bez \u017cadnych op\u0142at!","og_url":"https:\/\/eskypartners.com\/pl\/korzysci\/","og_site_name":"eSky Partners","article_modified_time":"2019-04-04T09:46:28+00:00","twitter_card":"summary_large_image","twitter_misc":{"Szacowany czas czytania":"2 minuty"},"schema":{"@context":"https:\/\/schema.org","@graph":[{"@type":"WebPage","@id":"https:\/\/eskypartners.com\/pl\/korzysci\/","url":"https:\/\/eskypartners.com\/pl\/korzysci\/","name":"Korzy\u015bci - eSky Partners - co zyskujesz do\u0142\u0105czaj\u0105c do programu","isPartOf":{"@id":"http:\/\/eskypartners.com\/#website"},"datePublished":"2017-11-16T00:01:49+00:00","dateModified":"2019-04-04T09:46:28+00:00","description":"Program partnerski eSky Partners to maksimum korzy\u015bci i minimum formalno\u015bci. Oferujemy przejrzysty system prowizyjny, udost\u0119pniamy nowoczesne narz\u0119dzia marketingowe i zapewniamy wsparcie na ka\u017cdym etapie wsp\u00f3\u0142pracy \u2013 bez \u017cadnych op\u0142at!","breadcrumb":{"@id":"https:\/\/eskypartners.com\/pl\/korzysci\/#breadcrumb"},"inLanguage":"pl-PL","potentialAction":[{"@type":"ReadAction","target":["https:\/\/eskypartners.com\/pl\/korzysci\/"]}]},{"@type":"BreadcrumbList","@id":"https:\/\/eskypartners.com\/pl\/korzysci\/#breadcrumb","itemListElement":[{"@type":"ListItem","position":1,"name":"Strona g\u0142\u00f3wna","item":"https:\/\/eskypartners.com\/pl\/"},{"@type":"ListItem","position":2,"name":"Korzy\u015bci"}]},{"@type":"WebSite","@id":"http:\/\/eskypartners.com\/#website","url":"http:\/\/eskypartners.com\/","name":"eSky Partners","description":"","potentialAction":[{"@type":"SearchAction","target":{"@type":"EntryPoint","urlTemplate":"http:\/\/eskypartners.com\/?s={search_term_string}"},"query-input":"required name=search_term_string"}],"inLanguage":"pl-PL"}]}},"_links":{"self":[{"href":"https:\/\/eskypartners.com\/pl\/wp-json\/wp\/v2\/pages\/727"}],"collection":[{"href":"https:\/\/eskypartners.com\/pl\/wp-json\/wp\/v2\/pages"}],"about":[{"href":"https:\/\/eskypartners.com\/pl\/wp-json\/wp\/v2\/types\/page"}],"author":[{"embeddable":true,"href":"https:\/\/eskypartners.com\/pl\/wp-json\/wp\/v2\/users\/18"}],"replies":[{"embeddable":true,"href":"https:\/\/eskypartners.com\/pl\/wp-json\/wp\/v2\/comments?post=727"}],"version-history":[{"count":0,"href":"https:\/\/eskypartners.com\/pl\/wp-json\/wp\/v2\/pages\/727\/revisions"}],"wp:attachment":[{"href":"https:\/\/eskypartners.com\/pl\/wp-json\/wp\/v2\/media?parent=727"}],"curies":[{"name":"wp","href":"https:\/\/api.w.org\/{rel}","templated":true}]}}