{"id":725,"date":"2017-11-16T00:58:57","date_gmt":"2017-11-15T23:58:57","guid":{"rendered":"https:\/\/partnerdev.esky.pl\/?page_id=725"},"modified":"2019-04-09T07:42:05","modified_gmt":"2019-04-09T05:42:05","slug":"narzedzia","status":"publish","type":"page","link":"https:\/\/eskypartners.com\/pl\/narzedzia\/","title":{"rendered":"Narz\u0119dzia"},"content":{"rendered":"<section style=\"background: ;\" class=\"section pyl spys  \" >\n<div class=\"wrapper wrapper content\">\n<div class=\"dt\">\n<div class=\"dtc\"><\/div>\n<\/div>\n<\/div>\n<\/section>\n<section id=\"\" class=\"section  imagebg   none\" style=\" ; ;\">\n<div class=\"wrapper reveal\" style=\"\">\n<div class=\"dt\">\n<div class=\"dtc\">\n<div class=\"columns cf\">\n<div class=\"columns__item cf span_12 sspan_24 content\">\n<p><img decoding=\"async\" class=\"aligncenter wp-image-1044 size-full\" src=\"https:\/\/partnerdev.esky.pl\/content\/uploads\/2017\/11\/eskypartnersskybox.jpg\" alt=\"\" width=\"100%\" height=\"100%\" srcset=\"https:\/\/eskypartners.com\/content\/uploads\/2017\/11\/eskypartnersskybox.jpg 2000w, https:\/\/eskypartners.com\/content\/uploads\/2017\/11\/eskypartnersskybox-150x150.jpg 150w, https:\/\/eskypartners.com\/content\/uploads\/2017\/11\/eskypartnersskybox-300x300.jpg 300w, https:\/\/eskypartners.com\/content\/uploads\/2017\/11\/eskypartnersskybox-768x768.jpg 768w, https:\/\/eskypartners.com\/content\/uploads\/2017\/11\/eskypartnersskybox-1024x1024.jpg 1024w, https:\/\/eskypartners.com\/content\/uploads\/2017\/11\/eskypartnersskybox-90x90.jpg 90w, https:\/\/eskypartners.com\/content\/uploads\/2017\/11\/eskypartnersskybox-610x610.jpg 610w, https:\/\/eskypartners.com\/content\/uploads\/2017\/11\/eskypartnersskybox-305x305.jpg 305w, https:\/\/eskypartners.com\/content\/uploads\/2017\/11\/eskypartnersskybox-420x420.jpg 420w\" sizes=\"(max-width: 2000px) 100vw, 2000px\" \/><\/p>\n<\/div>\n<div class=\"columns__item cf span_12 sspan_24 content\">\n<h2 class=\"h2\"><strong>Modu\u0142 wyszukiwarki \u2013 SkyBox<\/strong><\/h2>\n<div class=\"separator--colors\" style=\"margin-bottom: 25px; margin-left: 0px;\"><\/div>\n<p class=\"keep-me\">\u017beby zaimplementowa\u0107 na swojej stronie modu\u0142 wyszukiwarki nie potrzebujesz programistycznej wiedzy. Wystarczy, ze do kodu strony dodasz prosty kod JavaScript i umie\u015bcisz w nim sw\u00f3j indywidualny partner_ID. Modu\u0142 SkyBox jest w pe\u0142ni responsywny, dost\u0119pny w wersji horyzontalnej i wertykalnej oraz w kilku wariantach kolorystycznych.<br \/>\nW zale\u017cno\u015bci od tego, co chcesz promowa\u0107, proponujemy Ci kilka konfiguracji produktowych:<\/p>\n<ul class=\"list-2\">\n<li>&#8211; bilety lotnicze + hotele<\/li>\n<li>&#8211; bilety lotnicze<\/li>\n<li>&#8211; hotele<\/li>\n<\/ul>\n<p class=\"keep-me\">Mo\u017cesz zarabia\u0107 sprzedaj\u0105c produkty turystyczne od momentu umieszczenia naszej wyszukiwarki na Twojej stronie. Nasza autorska platforma wyszukiwania dost\u0119pna jest w trzech wersjach. Dajemy Ci mo\u017cliwo\u015b\u0107 wyboru tej, kt\u00f3ra najlepiej pasuje do profilu Twojej dzia\u0142alno\u015bci w Internecie.<\/p>\n<p>&nbsp;<\/p>\n<\/div>\n<\/div>\n<\/div>\n<\/div>\n<\/div>\n<\/section>\n<section id=\"\" class=\"section  imagebg   none\" style=\" ; ;\">\n<div class=\"wrapper reveal\" style=\"\">\n<div class=\"dt\">\n<div class=\"dtc\">\n<div class=\"columns cf\">\n<div class=\"columns__item cf span_12 sspan_24 content\">\n<h2 class=\"h2\"><strong>Kalendarze lot\u00f3w z wykorzystaniem deals API<\/strong><\/h2>\n<div class=\"separator--colors\" style=\"margin-bottom: 25px; margin-left: 0px;\"><\/div>\n<p class=\"keep-me\">Dzi\u0119ki sta\u0142emu dost\u0119powi do naszego API okazji lotniczych, masz bie\u017c\u0105ce informacje o ponad 500 aktualnych okazjach lotniczych. Na tej podstawie mo\u017cesz stworzy\u0107 dowolnie ostylowany kalendarz okazji lotniczych i osadzi\u0107 go na swojej stronie, wybieraj\u0105c np. 10 pierwszych wynik\u00f3w. Dane mo\u017cesz dowolnie filtrowa\u0107, ustawiaj\u0105c np. okre\u015blone miejsce wylotu, czy te\u017c odpowiedni\u0105 walut\u0119.<\/p>\n<\/div>\n<div class=\"columns__item cf span_12 sspan_24 content\">\n<p><img decoding=\"async\" class=\"aligncenter size-full wp-image-1045\" src=\"https:\/\/partnerdev.esky.pl\/content\/uploads\/2017\/11\/eskypartnersdealsapi.jpg\" alt=\"\" width=\"100%\" height=\"100%\" srcset=\"https:\/\/eskypartners.com\/content\/uploads\/2017\/11\/eskypartnersdealsapi.jpg 2000w, https:\/\/eskypartners.com\/content\/uploads\/2017\/11\/eskypartnersdealsapi-150x150.jpg 150w, https:\/\/eskypartners.com\/content\/uploads\/2017\/11\/eskypartnersdealsapi-300x300.jpg 300w, https:\/\/eskypartners.com\/content\/uploads\/2017\/11\/eskypartnersdealsapi-768x768.jpg 768w, https:\/\/eskypartners.com\/content\/uploads\/2017\/11\/eskypartnersdealsapi-1024x1024.jpg 1024w, https:\/\/eskypartners.com\/content\/uploads\/2017\/11\/eskypartnersdealsapi-90x90.jpg 90w, https:\/\/eskypartners.com\/content\/uploads\/2017\/11\/eskypartnersdealsapi-610x610.jpg 610w, https:\/\/eskypartners.com\/content\/uploads\/2017\/11\/eskypartnersdealsapi-305x305.jpg 305w, https:\/\/eskypartners.com\/content\/uploads\/2017\/11\/eskypartnersdealsapi-420x420.jpg 420w\" sizes=\"(max-width: 2000px) 100vw, 2000px\" \/><\/p>\n<\/div>\n<\/div>\n<\/div>\n<\/div>\n<\/div>\n<\/section>\n<section id=\"\" class=\"section  imagebg   none\" style=\" ; ;\">\n<div class=\"wrapper reveal\" style=\"\">\n<div class=\"dt\">\n<div class=\"dtc\">\n<div class=\"columns cf\">\n<div class=\"columns__item cf span_12 sspan_24 content\">\n<p><img decoding=\"async\" class=\"aligncenter size-full wp-image-1046\" src=\"https:\/\/partnerdev.esky.pl\/content\/uploads\/2017\/11\/eskypartnersbanery.jpg\" alt=\"\" width=\"100%\" height=\"100%\" srcset=\"https:\/\/eskypartners.com\/content\/uploads\/2017\/11\/eskypartnersbanery.jpg 2000w, https:\/\/eskypartners.com\/content\/uploads\/2017\/11\/eskypartnersbanery-150x150.jpg 150w, https:\/\/eskypartners.com\/content\/uploads\/2017\/11\/eskypartnersbanery-300x300.jpg 300w, https:\/\/eskypartners.com\/content\/uploads\/2017\/11\/eskypartnersbanery-768x768.jpg 768w, https:\/\/eskypartners.com\/content\/uploads\/2017\/11\/eskypartnersbanery-1024x1024.jpg 1024w, https:\/\/eskypartners.com\/content\/uploads\/2017\/11\/eskypartnersbanery-90x90.jpg 90w, https:\/\/eskypartners.com\/content\/uploads\/2017\/11\/eskypartnersbanery-610x610.jpg 610w, https:\/\/eskypartners.com\/content\/uploads\/2017\/11\/eskypartnersbanery-305x305.jpg 305w, https:\/\/eskypartners.com\/content\/uploads\/2017\/11\/eskypartnersbanery-420x420.jpg 420w\" sizes=\"(max-width: 2000px) 100vw, 2000px\" \/><\/p>\n<\/div>\n<div class=\"columns__item cf span_12 sspan_24 content\">\n<h2><strong>Linki tekstowe i banery reklamowe<\/strong><\/h2>\n<div class=\"separator--colors\" style=\"margin-bottom: 25px; margin-left: 0px;\"><\/div>\n<p>Linki tekstowe i banery reklamowe to najbardziej podstawowe narz\u0119dzia programu partnerskiego. Linki tekstowe oraz banery przekierowuj\u0105 Twojego u\u017cytkownika do strony eSky.pl, gdzie mo\u017ce on zakupi\u0107 ka\u017cdy dost\u0119pny produkt turystyczny. Za ka\u017cd\u0105 transakcj\u0119 przeprowadzon\u0105 za po\u015brednictwem Twojej strony, otrzymasz prowizj\u0119.<br \/>\nKa\u017cdy link tekstowy oraz baner zawiera Twoje unikalne partner ID, dzi\u0119ki kt\u00f3remu konwersje b\u0119d\u0105 prawid\u0142owo zliczane na Twoje konto. Linki mo\u017cesz wykorzystywa\u0107 jako osobne linki tekstowe promuj\u0105ce dany produkt albo do linkowania s\u0142\u00f3w w tek\u015bcie.<\/p>\n<\/div>\n<\/div>\n<\/div>\n<\/div>\n<\/div>\n<\/section>\n<section id=\"dealscalendarbox\" class=\"section  imagebg dealscalendarbox  columns--pbig\" style=\" ; ;\"><img decoding=\"async\" class=\"image-bg\" style=\"display: none;\" src=\"data:image\/gif;base64,R0lGODlhAQABAAAAACH5BAEKAAEALAAAAAABAAEAAAICTAEAOw==\" srcset=\"https:\/\/eskypartners.com\/content\/uploads\/2017\/11\/adc12-640x266.jpg 640w,  https:\/\/eskypartners.com\/content\/uploads\/2017\/11\/adc12.jpg 1920w,  https:\/\/eskypartners.com\/content\/uploads\/2017\/11\/adc12@2x.jpg 3840w\"><\/p>\n<div class=\"wrapper reveal\" style=\"\">\n<div class=\"dt\">\n<div class=\"dtc\">\n<div class=\"columns cf\">\n<div class=\"columns__item cf span_12 sspan_24 content\">\n<p>.<\/p>\n<\/div>\n<div class=\"columns__item cf span_12 sspan_24 content\">\n<h2><strong>Kalendarz okazji<\/strong><\/h2>\n<div class=\"separator--colors\" style=\"margin-bottom: 25px; margin-left: 0px;\"><\/div>\n<p>Kalendarz okazji mo\u017cesz zbudowa\u0107 na swojej stronie korzystaj\u0105c z naszego API okazji. To surowe dane do okazji lotniczych, dzi\u0119ki kt\u00f3rym mo\u017cesz prezentowa\u0107 na swojej stronie wybrane oferty w dowolny spos\u00f3b. Rozwi\u0105zanie jest proste i efektywne, poniewa\u017c umo\u017cliwia prezentacj\u0119 najpopularniejszych kierunk\u00f3w i najlepszych ofert w jasny i czytelny spos\u00f3b.<\/p>\n<\/div>\n<\/div>\n<\/div>\n<\/div>\n<\/div>\n<\/section>\n<section id=\"registerbox\" class=\"section  imagebg registerbox  none\" style=\" ; ;\"><img decoding=\"async\" class=\"image-bg\" style=\"display: none;\" src=\"data:image\/gif;base64,R0lGODlhAQABAAAAACH5BAEKAAEALAAAAAABAAEAAAICTAEAOw==\" srcset=\"https:\/\/eskypartners.com\/content\/uploads\/2017\/11\/yyuuu11111-640x266.jpg 640w,  https:\/\/eskypartners.com\/content\/uploads\/2017\/11\/yyuuu11111.jpg 1920w,  https:\/\/eskypartners.com\/content\/uploads\/2017\/11\/yyuuu11111@2x.jpg 3840w\"><\/p>\n<div class=\"wrapper reveal\" style=\"\">\n<div class=\"dt\">\n<div class=\"dtc\">\n<div class=\"columns cf\">\n<div class=\"columns__item cf span_24 sspan_24 content\">\n<h2 style=\"text-align: center;\"><span style=\"color: #ffffff;\"><strong>Do\u0142\u0105cz ju\u017c dzisiaj i zacznij zarabia\u0107!<\/strong><\/span><\/h2>\n<p style=\"text-align: center;\"><span style=\"color: #ffffff;\"><a class=\"btn btn--default\" style=\"background: #e70e6a;\" href=\"https:\/\/skybox.eskypartners.com\/register1\">Do\u0142\u0105cz do nas \u00bb<\/a><\/span><\/p>\n<\/div>\n<\/div>\n<\/div>\n<\/div>\n<\/div>\n<\/section>\n","protected":false},"excerpt":{"rendered":"<p>Modu\u0142 wyszukiwarki \u2013 SkyBox \u017beby zaimplementowa\u0107 na swojej stronie modu\u0142 wyszukiwarki nie potrzebujesz programistycznej wiedzy. Wystarczy, ze do kodu strony dodasz prosty kod JavaScript i umie\u015bcisz w nim sw\u00f3j indywidualny partner_ID. Modu\u0142 SkyBox jest w pe\u0142ni responsywny, dost\u0119pny w wersji horyzontalnej i wertykalnej oraz w kilku wariantach kolorystycznych. W zale\u017cno\u015bci od tego, co chcesz promowa\u0107, [&hellip;]<\/p>\n","protected":false},"author":18,"featured_media":0,"parent":0,"menu_order":0,"comment_status":"closed","ping_status":"closed","template":"template-projects.php","meta":{"footnotes":""},"yoast_head":"<!-- This site is optimized with the Yoast SEO plugin v21.9.1 - https:\/\/yoast.com\/wordpress\/plugins\/seo\/ -->\n<title>Narz\u0119dzia - eSky Partners - wyszukiwarka lot\u00f3w SkyBox<\/title>\n<meta name=\"description\" content=\"W programie eSky Partners wykorzystujemy zr\u00f3\u017cnicowane narz\u0119dzia marketingowe. Modu\u0142 wyszukiwarki lot\u00f3w i hoteli, banery reklamowe, linki tekstowe \u2013 wybierz takie rozwi\u0105zanie, kt\u00f3re odpowiada Twoim potrzebom. Pami\u0119taj, \u017ce odpowiednia forma promocji to wi\u0119ksze zyski!\" \/>\n<meta name=\"robots\" content=\"index, follow, max-snippet:-1, max-image-preview:large, max-video-preview:-1\" \/>\n<link rel=\"canonical\" href=\"https:\/\/eskypartners.com\/pl\/narzedzia\/\" \/>\n<meta property=\"og:locale\" content=\"pl_PL\" \/>\n<meta property=\"og:type\" content=\"article\" \/>\n<meta property=\"og:title\" content=\"Narz\u0119dzia - eSky Partners - wyszukiwarka lot\u00f3w SkyBox\" \/>\n<meta property=\"og:description\" content=\"W programie eSky Partners wykorzystujemy zr\u00f3\u017cnicowane narz\u0119dzia marketingowe. Modu\u0142 wyszukiwarki lot\u00f3w i hoteli, banery reklamowe, linki tekstowe \u2013 wybierz takie rozwi\u0105zanie, kt\u00f3re odpowiada Twoim potrzebom. Pami\u0119taj, \u017ce odpowiednia forma promocji to wi\u0119ksze zyski!\" \/>\n<meta property=\"og:url\" content=\"https:\/\/eskypartners.com\/pl\/narzedzia\/\" \/>\n<meta property=\"og:site_name\" content=\"eSky Partners\" \/>\n<meta property=\"article:modified_time\" content=\"2019-04-09T05:42:05+00:00\" \/>\n<meta property=\"og:image\" content=\"https:\/\/partnerdev.esky.pl\/content\/uploads\/2017\/11\/eskypartnersskybox.jpg\" \/>\n<meta name=\"twitter:card\" content=\"summary_large_image\" \/>\n<meta name=\"twitter:label1\" content=\"Szacowany czas czytania\" \/>\n\t<meta name=\"twitter:data1\" content=\"2 minuty\" \/>\n<script type=\"application\/ld+json\" class=\"yoast-schema-graph\">{\"@context\":\"https:\/\/schema.org\",\"@graph\":[{\"@type\":\"WebPage\",\"@id\":\"https:\/\/eskypartners.com\/pl\/narzedzia\/\",\"url\":\"https:\/\/eskypartners.com\/pl\/narzedzia\/\",\"name\":\"Narz\u0119dzia - eSky Partners - wyszukiwarka lot\u00f3w SkyBox\",\"isPartOf\":{\"@id\":\"http:\/\/eskypartners.com\/#website\"},\"datePublished\":\"2017-11-15T23:58:57+00:00\",\"dateModified\":\"2019-04-09T05:42:05+00:00\",\"description\":\"W programie eSky Partners wykorzystujemy zr\u00f3\u017cnicowane narz\u0119dzia marketingowe. Modu\u0142 wyszukiwarki lot\u00f3w i hoteli, banery reklamowe, linki tekstowe \u2013 wybierz takie rozwi\u0105zanie, kt\u00f3re odpowiada Twoim potrzebom. Pami\u0119taj, \u017ce odpowiednia forma promocji to wi\u0119ksze zyski!\",\"breadcrumb\":{\"@id\":\"https:\/\/eskypartners.com\/pl\/narzedzia\/#breadcrumb\"},\"inLanguage\":\"pl-PL\",\"potentialAction\":[{\"@type\":\"ReadAction\",\"target\":[\"https:\/\/eskypartners.com\/pl\/narzedzia\/\"]}]},{\"@type\":\"BreadcrumbList\",\"@id\":\"https:\/\/eskypartners.com\/pl\/narzedzia\/#breadcrumb\",\"itemListElement\":[{\"@type\":\"ListItem\",\"position\":1,\"name\":\"Strona g\u0142\u00f3wna\",\"item\":\"https:\/\/eskypartners.com\/pl\/\"},{\"@type\":\"ListItem\",\"position\":2,\"name\":\"Narz\u0119dzia\"}]},{\"@type\":\"WebSite\",\"@id\":\"http:\/\/eskypartners.com\/#website\",\"url\":\"http:\/\/eskypartners.com\/\",\"name\":\"eSky Partners\",\"description\":\"\",\"potentialAction\":[{\"@type\":\"SearchAction\",\"target\":{\"@type\":\"EntryPoint\",\"urlTemplate\":\"http:\/\/eskypartners.com\/?s={search_term_string}\"},\"query-input\":\"required name=search_term_string\"}],\"inLanguage\":\"pl-PL\"}]}<\/script>\n<!-- \/ Yoast SEO plugin. -->","yoast_head_json":{"title":"Narz\u0119dzia - eSky Partners - wyszukiwarka lot\u00f3w SkyBox","description":"W programie eSky Partners wykorzystujemy zr\u00f3\u017cnicowane narz\u0119dzia marketingowe. Modu\u0142 wyszukiwarki lot\u00f3w i hoteli, banery reklamowe, linki tekstowe \u2013 wybierz takie rozwi\u0105zanie, kt\u00f3re odpowiada Twoim potrzebom. Pami\u0119taj, \u017ce odpowiednia forma promocji to wi\u0119ksze zyski!","robots":{"index":"index","follow":"follow","max-snippet":"max-snippet:-1","max-image-preview":"max-image-preview:large","max-video-preview":"max-video-preview:-1"},"canonical":"https:\/\/eskypartners.com\/pl\/narzedzia\/","og_locale":"pl_PL","og_type":"article","og_title":"Narz\u0119dzia - eSky Partners - wyszukiwarka lot\u00f3w SkyBox","og_description":"W programie eSky Partners wykorzystujemy zr\u00f3\u017cnicowane narz\u0119dzia marketingowe. Modu\u0142 wyszukiwarki lot\u00f3w i hoteli, banery reklamowe, linki tekstowe \u2013 wybierz takie rozwi\u0105zanie, kt\u00f3re odpowiada Twoim potrzebom. Pami\u0119taj, \u017ce odpowiednia forma promocji to wi\u0119ksze zyski!","og_url":"https:\/\/eskypartners.com\/pl\/narzedzia\/","og_site_name":"eSky Partners","article_modified_time":"2019-04-09T05:42:05+00:00","og_image":[{"url":"https:\/\/partnerdev.esky.pl\/content\/uploads\/2017\/11\/eskypartnersskybox.jpg"}],"twitter_card":"summary_large_image","twitter_misc":{"Szacowany czas czytania":"2 minuty"},"schema":{"@context":"https:\/\/schema.org","@graph":[{"@type":"WebPage","@id":"https:\/\/eskypartners.com\/pl\/narzedzia\/","url":"https:\/\/eskypartners.com\/pl\/narzedzia\/","name":"Narz\u0119dzia - eSky Partners - wyszukiwarka lot\u00f3w SkyBox","isPartOf":{"@id":"http:\/\/eskypartners.com\/#website"},"datePublished":"2017-11-15T23:58:57+00:00","dateModified":"2019-04-09T05:42:05+00:00","description":"W programie eSky Partners wykorzystujemy zr\u00f3\u017cnicowane narz\u0119dzia marketingowe. Modu\u0142 wyszukiwarki lot\u00f3w i hoteli, banery reklamowe, linki tekstowe \u2013 wybierz takie rozwi\u0105zanie, kt\u00f3re odpowiada Twoim potrzebom. Pami\u0119taj, \u017ce odpowiednia forma promocji to wi\u0119ksze zyski!","breadcrumb":{"@id":"https:\/\/eskypartners.com\/pl\/narzedzia\/#breadcrumb"},"inLanguage":"pl-PL","potentialAction":[{"@type":"ReadAction","target":["https:\/\/eskypartners.com\/pl\/narzedzia\/"]}]},{"@type":"BreadcrumbList","@id":"https:\/\/eskypartners.com\/pl\/narzedzia\/#breadcrumb","itemListElement":[{"@type":"ListItem","position":1,"name":"Strona g\u0142\u00f3wna","item":"https:\/\/eskypartners.com\/pl\/"},{"@type":"ListItem","position":2,"name":"Narz\u0119dzia"}]},{"@type":"WebSite","@id":"http:\/\/eskypartners.com\/#website","url":"http:\/\/eskypartners.com\/","name":"eSky Partners","description":"","potentialAction":[{"@type":"SearchAction","target":{"@type":"EntryPoint","urlTemplate":"http:\/\/eskypartners.com\/?s={search_term_string}"},"query-input":"required name=search_term_string"}],"inLanguage":"pl-PL"}]}},"_links":{"self":[{"href":"https:\/\/eskypartners.com\/pl\/wp-json\/wp\/v2\/pages\/725"}],"collection":[{"href":"https:\/\/eskypartners.com\/pl\/wp-json\/wp\/v2\/pages"}],"about":[{"href":"https:\/\/eskypartners.com\/pl\/wp-json\/wp\/v2\/types\/page"}],"author":[{"embeddable":true,"href":"https:\/\/eskypartners.com\/pl\/wp-json\/wp\/v2\/users\/18"}],"replies":[{"embeddable":true,"href":"https:\/\/eskypartners.com\/pl\/wp-json\/wp\/v2\/comments?post=725"}],"version-history":[{"count":0,"href":"https:\/\/eskypartners.com\/pl\/wp-json\/wp\/v2\/pages\/725\/revisions"}],"wp:attachment":[{"href":"https:\/\/eskypartners.com\/pl\/wp-json\/wp\/v2\/media?parent=725"}],"curies":[{"name":"wp","href":"https:\/\/api.w.org\/{rel}","templated":true}]}}