{"id":723,"date":"2017-11-16T00:41:55","date_gmt":"2017-11-15T23:41:55","guid":{"rendered":"https:\/\/partnerdev.esky.pl\/?page_id=723"},"modified":"2022-03-09T13:20:37","modified_gmt":"2022-03-09T12:20:37","slug":"produkty","status":"publish","type":"page","link":"https:\/\/eskypartners.com\/pl\/produkty\/","title":{"rendered":"Produkty"},"content":{"rendered":"<section id=\"produkty\" class=\"section  imagebg produkty  none\" style=\" ; ;\">\n<div class=\"wrapper reveal\" style=\"\">\n<div class=\"dt\">\n<div class=\"dtc\">\n<div class=\"columns cf\">\n<div class=\"columns__item cf span_12 sspan_24 content\">\n<div class=\"product_left1\"><img decoding=\"async\" loading=\"lazy\" class=\"products_icons \" src=\"https:\/\/eskypartners.com\/content\/uploads\/2017\/11\/loty.png\" alt=\"\" width=\"270\" height=\"270\" \/><\/div>\n<div class=\"product_right1\">\n<div class=\"product_text\">\n<h2><strong>Bilety lotnicze<\/strong><\/h2>\n<div class=\"separator--colors\" style=\"margin-bottom: 25px; margin-left: 0px;\"><\/div>\n<p class=\"keep-me\">Na swojej stronie mo\u017cesz zamie\u015bci\u0107 nasz\u0105 wyszukiwark\u0119 lot\u00f3w lub linkowa\u0107 do konkretnych okazji lotniczych czy bezpo\u015brednio do kalendarzy lot\u00f3w. Dzi\u0119ki okazjom udost\u0119pnionym przez nasze deals API mo\u017cesz r\u00f3wnie\u017c zbudowa\u0107 i ostylowa\u0107 niezale\u017cny kalendarz lot\u00f3w w najlepszych cenach.<\/p>\n<p><strong>Co zyskujesz?<\/strong><br \/>\n\u25cf nawet do 80% prowizji za op\u0142at\u0119 serwisow\u0105<br \/>\n\u25cf darmow\u0105 implementacj\u0119 narz\u0119dzi<br \/>\n\u25cf dodatkowe zni\u017cki i oferty specjalne<\/p>\n<p><strong>Mo\u017cliwo\u015bci:<\/strong><br \/>\n\u25cf w pe\u0142ni responsywna wyszukiwarka lot\u00f3w SkyBox<br \/>\n\u25cf linki do okazji, tanich lot\u00f3w, linii lotniczych, kierunk\u00f3w<br \/>\n\u25cf kalendarze deals API, filtrowanie w oparciu o r\u00f3\u017cne kryteria<br \/>\n\u25cf ponad 860 linii lotniczych w ofercie<br \/>\n\u25cf regularne i tanie linie lotnicze<br \/>\n\u25cf szeroki wyb\u00f3r lot\u00f3w czarterowych<\/p>\n<\/div>\n<\/div>\n<\/div>\n<div class=\"columns__item cf span_12 sspan_24 content\">\n<div class=\"product_left2\"><img decoding=\"async\" loading=\"lazy\" class=\"products_icons\" src=\"https:\/\/eskypartners.com\/content\/uploads\/2017\/11\/hotele.png\" alt=\"\" width=\"270\" height=\"270\" \/><\/div>\n<div class=\"product_right2\">\n<div class=\"product_text\">\n<h2><strong>Hotele<\/strong><\/h2>\n<div class=\"separator--colors\" style=\"margin-bottom: 25px; margin-left: 0px;\"><\/div>\n<p>Dzi\u0119ki widgetowi wyszukiwarki lot\u00f3w i hoteli SkyBox, Twoi u\u017cytkownicy mog\u0105 w prosty spos\u00f3b przegl\u0105da\u0107 i filtrowa\u0107 ponad 1 000 000 obiekt\u00f3w hotelowych. Promocj\u0119 hoteli warto dostosowa\u0107 do p\u00f3r roku: latem eksponujemy kierunki wakacyjne, a zim\u0105 noclegi w g\u00f3rskich kurortach.<\/p>\n<p><strong>Co zyskujesz:<\/strong><br \/>\n\u25cf do 50% prowizji hotelowej eSky<br \/>\n\u25cf zerowe koszty uczestnictwa w programie<br \/>\n\u25cf brak op\u0142at rezerwacyjnych<br \/>\n\u25cf indywidualne promocje<\/p>\n<p><strong>Mo\u017cliwo\u015bci:<\/strong><br \/>\n\u25cf modu\u0142 wyszukiwarki SkyBox dla hoteli i apartament\u00f3w<br \/>\n\u25cf filtrowanie ponad 1 000000 obiekt\u00f3w hotelowych<br \/>\n\u25cf linki z polecaniem rezerwacji nocleg\u00f3w w najlepszych hotelach<br \/>\n\u25cf widget wyszukiwarki kompleksowych pakiet\u00f3w lot+hotel<\/p>\n<\/div>\n<\/div>\n<\/div>\n<\/div>\n<\/div>\n<\/div>\n<\/div>\n<\/section>\n<section id=\"produkty1\" class=\"section  imagebg produkty1  none\" style=\" ; ;\">\n<div class=\"wrapper reveal\" style=\"\">\n<div class=\"dt\">\n<div class=\"dtc\">\n<div class=\"columns cf\">\n<div class=\"columns__item cf span_12 sspan_24 content\">\n<div class=\"product_left2\"><img decoding=\"async\" loading=\"lazy\" class=\"products_icons\" src=\"https:\/\/eskypartners.com\/content\/uploads\/2017\/11\/ubezpieczenia.png\" alt=\"\" width=\"270\" height=\"270\" \/><\/div>\n<div class=\"product_right2\">\n<div class=\"product_text\">\n<h2><strong>Ubezpieczenia<\/strong><\/h2>\n<div class=\"separator--colors\" style=\"margin-bottom: 25px; margin-left: 0px;\"><\/div>\n<p>Udost\u0119pniamy r\u00f3\u017cne warianty ubezpiecze\u0144 podr\u00f3\u017cnych, m.in. od nieszcz\u0119\u015bliwych wypadk\u00f3w czy od zgubionego baga\u017cu. Ten produkt jest najcz\u0119\u015bciej kupowany w crosselingu z biletami lotniczymi.<\/p>\n<p><strong>Co zyskujesz:<\/strong><br \/>\n\u25cf do 10% prowizji warto\u015bci ubezpieczenia<br \/>\n\u25cf darmow\u0105 implementacj\u0119 narz\u0119dzi<\/p>\n<p><strong>Mo\u017cliwo\u015bci:<\/strong><br \/>\n\u25cf linkowanie r\u00f3\u017cnych wariant\u00f3w ubezpiecze\u0144 podr\u00f3\u017cnych<br \/>\n\u25cf ubezpieczenie turystyczne jako samodzielny produkt lub w crossellingu z biletami<br \/>\n\u25cf niskie koszty ubezpieczenia<br \/>\n\u25cf szeroki zakres ubezpieczenia<br \/>\n\u25cf gwarancja wysokich odszkodowa\u0144<br \/>\n\u25cf natychmiastowa pomoc<\/p>\n<\/div>\n<\/div>\n<\/div>\n<div class=\"columns__item cf span_12 sspan_24 content\">\n<div style=\"display: none;\">\n<div class=\"product_left1\"><img decoding=\"async\" loading=\"lazy\" class=\"products_icons\" src=\"https:\/\/partnerdev.esky.pl\/content\/uploads\/2017\/11\/pakiety.png\" alt=\"\" width=\"270\" height=\"270\" \/><\/div>\n<div class=\"product_right1\">\n<div class=\"product_text\">\n<h2><strong>Pakiety<\/strong><\/h2>\n<div class=\"separator--colors\" style=\"margin-bottom: 25px; margin-left: 0px;\"><\/div>\n<p>Rozwi\u0105zanie pakietowe lot+hotel to mo\u017cliwo\u015b\u0107 zyskania rabatu w wysoko\u015bci do 30% w stosunku do ceny, kt\u00f3r\u0105 klient p\u0142aci rezerwuj\u0105c niezale\u017cnie lot i hotel.<\/p>\n<\/div>\n<\/div>\n<\/div>\n<\/div>\n<\/div>\n<\/div>\n<\/div>\n<\/div>\n<\/section>\n<section id=\"registerbox\" class=\"section  imagebg registerbox  none\" style=\" ; ;\"><img decoding=\"async\" class=\"image-bg\" style=\"display: none;\" src=\"data:image\/gif;base64,R0lGODlhAQABAAAAACH5BAEKAAEALAAAAAABAAEAAAICTAEAOw==\" srcset=\"https:\/\/eskypartners.com\/content\/uploads\/2017\/11\/yyuuu11111-640x266.jpg 640w,  https:\/\/eskypartners.com\/content\/uploads\/2017\/11\/yyuuu11111.jpg 1920w,  https:\/\/eskypartners.com\/content\/uploads\/2017\/11\/yyuuu11111@2x.jpg 3840w\"><\/p>\n<div class=\"wrapper reveal\" style=\"\">\n<div class=\"dt\">\n<div class=\"dtc\">\n<div class=\"columns cf\">\n<div class=\"columns__item cf span_24 sspan_24 content\">\n<h2 style=\"text-align: center;\"><span style=\"color: #ffffff;\"><strong>Do\u0142\u0105cz ju\u017c dzisiaj i zacznij zarabia\u0107!<\/strong><\/span><\/h2>\n<p style=\"text-align: center;\"><span style=\"color: #ffffff;\"><a class=\"btn btn--default\" style=\"background: #e70e6a;\" href=\"https:\/\/skybox.eskypartners.com\/register1\">Do\u0142\u0105cz do nas \u00bb<\/a><\/span><\/p>\n<\/div>\n<\/div>\n<\/div>\n<\/div>\n<\/div>\n<\/section>\n","protected":false},"excerpt":{"rendered":"<p>Bilety lotnicze Na swojej stronie mo\u017cesz zamie\u015bci\u0107 nasz\u0105 wyszukiwark\u0119 lot\u00f3w lub linkowa\u0107 do konkretnych okazji lotniczych czy bezpo\u015brednio do kalendarzy lot\u00f3w. Dzi\u0119ki okazjom udost\u0119pnionym przez nasze deals API mo\u017cesz r\u00f3wnie\u017c zbudowa\u0107 i ostylowa\u0107 niezale\u017cny kalendarz lot\u00f3w w najlepszych cenach. Co zyskujesz? \u25cf nawet do 80% prowizji za op\u0142at\u0119 serwisow\u0105 \u25cf darmow\u0105 implementacj\u0119 narz\u0119dzi \u25cf dodatkowe [&hellip;]<\/p>\n","protected":false},"author":18,"featured_media":0,"parent":0,"menu_order":0,"comment_status":"closed","ping_status":"closed","template":"template-projects.php","meta":{"footnotes":""},"yoast_head":"<!-- This site is optimized with the Yoast SEO plugin v21.9.1 - https:\/\/yoast.com\/wordpress\/plugins\/seo\/ -->\n<title>Produkty - Loty, Hotele, Ubezpieczenia - eSky Partners<\/title>\n<meta name=\"description\" content=\"Program afiliacyjny eSky Partners umo\u017cliwia promowanie produkt\u00f3w, z kt\u00f3rych korzystaj\u0105 podr\u00f3\u017cni na ca\u0142ym \u015bwiecie. Oferujemy bilety lotnicze przewo\u017anik\u00f3w regularnych, niskokosztowych oraz czarterowych, a tak\u017ce hotele i ubezpieczenia. Od Ciebie zale\u017cy, kt\u00f3ry produkt wybierzesz.\" \/>\n<meta name=\"robots\" content=\"index, follow, max-snippet:-1, max-image-preview:large, max-video-preview:-1\" \/>\n<link rel=\"canonical\" href=\"https:\/\/eskypartners.com\/pl\/produkty\/\" \/>\n<meta property=\"og:locale\" content=\"pl_PL\" \/>\n<meta property=\"og:type\" content=\"article\" \/>\n<meta property=\"og:title\" content=\"Produkty - Loty, Hotele, Ubezpieczenia - eSky Partners\" \/>\n<meta property=\"og:description\" content=\"Program afiliacyjny eSky Partners umo\u017cliwia promowanie produkt\u00f3w, z kt\u00f3rych korzystaj\u0105 podr\u00f3\u017cni na ca\u0142ym \u015bwiecie. Oferujemy bilety lotnicze przewo\u017anik\u00f3w regularnych, niskokosztowych oraz czarterowych, a tak\u017ce hotele i ubezpieczenia. Od Ciebie zale\u017cy, kt\u00f3ry produkt wybierzesz.\" \/>\n<meta property=\"og:url\" content=\"https:\/\/eskypartners.com\/pl\/produkty\/\" \/>\n<meta property=\"og:site_name\" content=\"eSky Partners\" \/>\n<meta property=\"article:modified_time\" content=\"2022-03-09T12:20:37+00:00\" \/>\n<meta property=\"og:image\" content=\"https:\/\/eskypartners.com\/content\/uploads\/2017\/11\/loty.png\" \/>\n<meta name=\"twitter:card\" content=\"summary_large_image\" \/>\n<meta name=\"twitter:label1\" content=\"Szacowany czas czytania\" \/>\n\t<meta name=\"twitter:data1\" content=\"3 minuty\" \/>\n<script type=\"application\/ld+json\" class=\"yoast-schema-graph\">{\"@context\":\"https:\/\/schema.org\",\"@graph\":[{\"@type\":\"WebPage\",\"@id\":\"https:\/\/eskypartners.com\/pl\/produkty\/\",\"url\":\"https:\/\/eskypartners.com\/pl\/produkty\/\",\"name\":\"Produkty - Loty, Hotele, Ubezpieczenia - eSky Partners\",\"isPartOf\":{\"@id\":\"http:\/\/eskypartners.com\/#website\"},\"datePublished\":\"2017-11-15T23:41:55+00:00\",\"dateModified\":\"2022-03-09T12:20:37+00:00\",\"description\":\"Program afiliacyjny eSky Partners umo\u017cliwia promowanie produkt\u00f3w, z kt\u00f3rych korzystaj\u0105 podr\u00f3\u017cni na ca\u0142ym \u015bwiecie. Oferujemy bilety lotnicze przewo\u017anik\u00f3w regularnych, niskokosztowych oraz czarterowych, a tak\u017ce hotele i ubezpieczenia. Od Ciebie zale\u017cy, kt\u00f3ry produkt wybierzesz.\",\"breadcrumb\":{\"@id\":\"https:\/\/eskypartners.com\/pl\/produkty\/#breadcrumb\"},\"inLanguage\":\"pl-PL\",\"potentialAction\":[{\"@type\":\"ReadAction\",\"target\":[\"https:\/\/eskypartners.com\/pl\/produkty\/\"]}]},{\"@type\":\"BreadcrumbList\",\"@id\":\"https:\/\/eskypartners.com\/pl\/produkty\/#breadcrumb\",\"itemListElement\":[{\"@type\":\"ListItem\",\"position\":1,\"name\":\"Strona g\u0142\u00f3wna\",\"item\":\"https:\/\/eskypartners.com\/pl\/\"},{\"@type\":\"ListItem\",\"position\":2,\"name\":\"Produkty\"}]},{\"@type\":\"WebSite\",\"@id\":\"http:\/\/eskypartners.com\/#website\",\"url\":\"http:\/\/eskypartners.com\/\",\"name\":\"eSky Partners\",\"description\":\"\",\"potentialAction\":[{\"@type\":\"SearchAction\",\"target\":{\"@type\":\"EntryPoint\",\"urlTemplate\":\"http:\/\/eskypartners.com\/?s={search_term_string}\"},\"query-input\":\"required name=search_term_string\"}],\"inLanguage\":\"pl-PL\"}]}<\/script>\n<!-- \/ Yoast SEO plugin. -->","yoast_head_json":{"title":"Produkty - Loty, Hotele, Ubezpieczenia - eSky Partners","description":"Program afiliacyjny eSky Partners umo\u017cliwia promowanie produkt\u00f3w, z kt\u00f3rych korzystaj\u0105 podr\u00f3\u017cni na ca\u0142ym \u015bwiecie. Oferujemy bilety lotnicze przewo\u017anik\u00f3w regularnych, niskokosztowych oraz czarterowych, a tak\u017ce hotele i ubezpieczenia. Od Ciebie zale\u017cy, kt\u00f3ry produkt wybierzesz.","robots":{"index":"index","follow":"follow","max-snippet":"max-snippet:-1","max-image-preview":"max-image-preview:large","max-video-preview":"max-video-preview:-1"},"canonical":"https:\/\/eskypartners.com\/pl\/produkty\/","og_locale":"pl_PL","og_type":"article","og_title":"Produkty - Loty, Hotele, Ubezpieczenia - eSky Partners","og_description":"Program afiliacyjny eSky Partners umo\u017cliwia promowanie produkt\u00f3w, z kt\u00f3rych korzystaj\u0105 podr\u00f3\u017cni na ca\u0142ym \u015bwiecie. Oferujemy bilety lotnicze przewo\u017anik\u00f3w regularnych, niskokosztowych oraz czarterowych, a tak\u017ce hotele i ubezpieczenia. Od Ciebie zale\u017cy, kt\u00f3ry produkt wybierzesz.","og_url":"https:\/\/eskypartners.com\/pl\/produkty\/","og_site_name":"eSky Partners","article_modified_time":"2022-03-09T12:20:37+00:00","og_image":[{"url":"https:\/\/eskypartners.com\/content\/uploads\/2017\/11\/loty.png"}],"twitter_card":"summary_large_image","twitter_misc":{"Szacowany czas czytania":"3 minuty"},"schema":{"@context":"https:\/\/schema.org","@graph":[{"@type":"WebPage","@id":"https:\/\/eskypartners.com\/pl\/produkty\/","url":"https:\/\/eskypartners.com\/pl\/produkty\/","name":"Produkty - Loty, Hotele, Ubezpieczenia - eSky Partners","isPartOf":{"@id":"http:\/\/eskypartners.com\/#website"},"datePublished":"2017-11-15T23:41:55+00:00","dateModified":"2022-03-09T12:20:37+00:00","description":"Program afiliacyjny eSky Partners umo\u017cliwia promowanie produkt\u00f3w, z kt\u00f3rych korzystaj\u0105 podr\u00f3\u017cni na ca\u0142ym \u015bwiecie. Oferujemy bilety lotnicze przewo\u017anik\u00f3w regularnych, niskokosztowych oraz czarterowych, a tak\u017ce hotele i ubezpieczenia. Od Ciebie zale\u017cy, kt\u00f3ry produkt wybierzesz.","breadcrumb":{"@id":"https:\/\/eskypartners.com\/pl\/produkty\/#breadcrumb"},"inLanguage":"pl-PL","potentialAction":[{"@type":"ReadAction","target":["https:\/\/eskypartners.com\/pl\/produkty\/"]}]},{"@type":"BreadcrumbList","@id":"https:\/\/eskypartners.com\/pl\/produkty\/#breadcrumb","itemListElement":[{"@type":"ListItem","position":1,"name":"Strona g\u0142\u00f3wna","item":"https:\/\/eskypartners.com\/pl\/"},{"@type":"ListItem","position":2,"name":"Produkty"}]},{"@type":"WebSite","@id":"http:\/\/eskypartners.com\/#website","url":"http:\/\/eskypartners.com\/","name":"eSky Partners","description":"","potentialAction":[{"@type":"SearchAction","target":{"@type":"EntryPoint","urlTemplate":"http:\/\/eskypartners.com\/?s={search_term_string}"},"query-input":"required name=search_term_string"}],"inLanguage":"pl-PL"}]}},"_links":{"self":[{"href":"https:\/\/eskypartners.com\/pl\/wp-json\/wp\/v2\/pages\/723"}],"collection":[{"href":"https:\/\/eskypartners.com\/pl\/wp-json\/wp\/v2\/pages"}],"about":[{"href":"https:\/\/eskypartners.com\/pl\/wp-json\/wp\/v2\/types\/page"}],"author":[{"embeddable":true,"href":"https:\/\/eskypartners.com\/pl\/wp-json\/wp\/v2\/users\/18"}],"replies":[{"embeddable":true,"href":"https:\/\/eskypartners.com\/pl\/wp-json\/wp\/v2\/comments?post=723"}],"version-history":[{"count":0,"href":"https:\/\/eskypartners.com\/pl\/wp-json\/wp\/v2\/pages\/723\/revisions"}],"wp:attachment":[{"href":"https:\/\/eskypartners.com\/pl\/wp-json\/wp\/v2\/media?parent=723"}],"curies":[{"name":"wp","href":"https:\/\/api.w.org\/{rel}","templated":true}]}}