{"id":704,"date":"2017-11-15T23:12:56","date_gmt":"2017-11-15T22:12:56","guid":{"rendered":"https:\/\/partnerdev.esky.pl\/?page_id=704"},"modified":"2019-05-17T08:25:36","modified_gmt":"2019-05-17T06:25:36","slug":"o-programie","status":"publish","type":"page","link":"https:\/\/eskypartners.com\/pl\/o-programie\/","title":{"rendered":"O programie"},"content":{"rendered":"<section id=\"iiii\" class=\"section  imagebg iiii  none\" style=\" ; ;\"><img decoding=\"async\" class=\"image-bg\" style=\"display: none;\" src=\"data:image\/gif;base64,R0lGODlhAQABAAAAACH5BAEKAAEALAAAAAABAAEAAAICTAEAOw==\" srcset=\"https:\/\/eskypartners.com\/content\/uploads\/2017\/11\/adobestock164972173b-470x305.jpg 640w,  https:\/\/eskypartners.com\/content\/uploads\/2017\/11\/adobestock164972173b-1920x915.jpg 1920w,  https:\/\/eskypartners.com\/content\/uploads\/2017\/11\/adobestock164972173b-1920x915@2x.jpg 3840w\"><\/p>\n<div class=\"wrapper reveal\" style=\"\">\n<div class=\"dt\">\n<div class=\"dtc\">\n<div class=\"columns cf\">\n<div class=\"columns__item cf span_12 sspan_24 content\"><\/div>\n<div class=\"columns__item cf span_12 sspan_24 content\">\n<h2 style=\"text-align: left;\"><span style=\"color: #ffffff;\"><strong>Jak dzia\u0142a nasz program partnerski?<\/strong><\/span><\/h2>\n<div class=\"separator--colors\" style=\"margin-bottom: 25px; margin-left: 0px;\"><\/div>\n<p class=\"keep-me\"><span style=\"color: #ffffff;\"><strong>Program partnerski eSky Partners<\/strong> to \u0142atwy i bezpieczny spos\u00f3b na zarabianie w Internecie. Ty wybierasz narz\u0119dzia reklamowe i miejsce promowania naszych produkt\u00f3w &#8211; mo\u017ce to by\u0107 strona internetowa, Facebook albo forum tematyczne. My wyp\u0142acamy Ci atrakcyjn\u0105 prowizj\u0119 za ka\u017cdego u\u017cytkownika przekierowanego na nasz\u0105 stron\u0119, kt\u00f3ry przeprowadzi dowoln\u0105 transakcj\u0119. Bez konieczno\u015bci zak\u0142adania dzia\u0142alno\u015bci gospodarczej i podpisywania um\u00f3w z us\u0142ugodawcami. To takie proste!.<\/span><\/p>\n<h3><span style=\"color: #ffffff;\"><strong>Program Partnerski &#8211; krok po kroku<\/strong><\/span><\/h3>\n<p><span style=\"font-size: 16px; color: #ffffff;\">1. Rejestrujesz si\u0119 za darmo w naszym programie,a my udost\u0119pniamy Ci panel partnera, w kt\u00f3rym znajdziesz niezb\u0119dne narz\u0119dzia i raporty.<\/span><br \/>\n<span style=\"font-size: 16px; color: #ffffff;\">2. Podpisujemy umow\u0119 i przydzielamy Ci unikalny Partner ID. <\/span><br \/>\n<span style=\"font-size: 16px; color: #ffffff;\">3. Zamieszczasz wybrane narz\u0119dzia reklamowe na swojej stronie, blogu albo forum i zaczynasz zarabia\u0107, polecaj\u0105c tanie bilety lotnicze, hotele lub ubezpieczenia.<\/span><br \/>\n<span style=\"font-size: 16px; color: #ffffff;\">4. Na podstawie raport\u00f3w sprzeda\u017cowych wysy\u0142anych przez nas pocz\u0105tkiem miesi\u0105ca wystawiasz nam faktury, a my wyp\u0142acamy Ci prowizj\u0119.<\/span><\/p>\n<\/div>\n<\/div>\n<\/div>\n<\/div>\n<\/div>\n<\/section>\n<section style=\"background: #002172;\" class=\"section pyl spys  \" >\n<div class=\"wrapper wrapper content\">\n<div class=\"dt\">\n<div class=\"dtc\">\n<h2 style=\"text-align: center;\"><span style=\"color: #ffffff;\"><strong>Na czym mog\u0119 zarabia\u0107?<\/strong><\/span><\/h2>\n<div class=\"separator--colors\"><\/div>\n<\/div>\n<\/div>\n<\/div>\n<\/section>\n<section id=\"uuuu\" class=\"section  imagebg uuuu  none\" style=\" background-color: #002172;; ;\">\n<div class=\"wrapper reveal\" style=\"\">\n<div class=\"dt\">\n<div class=\"dtc\">\n<div class=\"columns cf\">\n<div class=\"columns__item cf span_8 sspan_24 content\">\n<p><img loading=\"lazy\" decoding=\"async\" class=\"size-full wp-image-713 aligncenter\" src=\"https:\/\/partnerdev.esky.pl\/content\/uploads\/2017\/11\/flights.png\" alt=\"\" width=\"97\" height=\"97\" srcset=\"https:\/\/eskypartners.com\/content\/uploads\/2017\/11\/flights.png 97w, https:\/\/eskypartners.com\/content\/uploads\/2017\/11\/flights-90x90.png 90w\" sizes=\"(max-width: 97px) 100vw, 97px\" \/><\/p>\n<h4 style=\"text-align: center;\"><strong><span style=\"color: #ffffff;\">Bilety lotnicze<\/span><\/strong><\/h4>\n<p style=\"text-align: center; margin-left: 10px; margin-right: 10px;\"><span style=\"color: #ffffff;\">Na swojej stronie mo\u017cesz zamie\u015bci\u0107 nasz\u0105 wyszukiwark\u0119 lot\u00f3w lub linkowa\u0107 do konkretnych okazji lotniczych.<\/span><\/p>\n<\/div>\n<div class=\"columns__item cf span_8 sspan_24 content\">\n<p><span style=\"color: #ffffff;\"><img loading=\"lazy\" decoding=\"async\" class=\"alignnone size-full wp-image-715 aligncenter\" src=\"https:\/\/partnerdev.esky.pl\/content\/uploads\/2017\/11\/hotel.png\" alt=\"\" width=\"97\" height=\"97\" srcset=\"https:\/\/eskypartners.com\/content\/uploads\/2017\/11\/hotel.png 97w, https:\/\/eskypartners.com\/content\/uploads\/2017\/11\/hotel-90x90.png 90w\" sizes=\"(max-width: 97px) 100vw, 97px\" \/><\/span><\/p>\n<h4 style=\"text-align: center;\"><strong><span style=\"color: #ffffff; font-size: 20px;\">Hotele<\/span><\/strong><\/h4>\n<p style=\"text-align: center; margin-left: 10px; margin-right: 10px;\"><span style=\"color: #ffffff;\">Dzi\u0119ki modu\u0142owi wyszukiwarki lot\u00f3w i hoteli SkyBox, Twoi u\u017cytkownicy mog\u0105 w prosty spos\u00f3b przegl\u0105da\u0107 i filtrowa\u0107 ponad milion obiekt\u00f3w hotelowych.<\/span><\/p>\n<\/div>\n<div class=\"columns__item cf span_8 sspan_24 content\">\n<p><img loading=\"lazy\" decoding=\"async\" class=\"size-full wp-image-714 aligncenter\" src=\"\/content\/uploads\/2017\/11\/ubezpieczenie1.png\" alt=\"\" width=\"97\" height=\"97\" \/><\/p>\n<h4 style=\"text-align: center;\"><strong><span style=\"color: #ffffff;\">Ubezpieczenia<\/span><\/strong><\/h4>\n<p style=\"text-align: center; margin-left: 10px; margin-right: 10px;\"><span style=\"color: #ffffff;\">Udost\u0119pniamy r\u00f3\u017cne warianty ubezpiecze\u0144 podr\u00f3\u017cnych, m.in. od nieszcz\u0119\u015bliwych wypadk\u00f3w czy od zgubionego baga\u017cu.<\/span><\/p>\n<\/div>\n<\/div>\n<\/div>\n<\/div>\n<\/div>\n<\/section>\n<section id=\"korzysci2\" class=\"section  imagebg korzysci2  none\" style=\" background-color: #002172;; ;\">\n<div class=\"wrapper reveal\" style=\"\">\n<div class=\"dt\">\n<div class=\"dtc\">\n<div class=\"columns cf\">\n<div class=\"columns__item cf span_8 sspan_24 content\">\n<div class=\"korzysci_left\"><img loading=\"lazy\" decoding=\"async\" class=\"korzysci_icons\" src=\"\/content\/uploads\/2017\/11\/flights.png\" alt=\"\" width=\"270\" height=\"270\" \/><\/div>\n<div class=\"korzysci_right\">\n<div class=\"korzysci_text\">\n<h4><span style=\"color: #ffffff;\"><strong>Bilety lotnicze<\/strong><\/span><\/h4>\n<p class=\"keep-me\"><span style=\"color: #ffffff;\">Na swojej stronie mo\u017cesz zamie\u015bci\u0107 nasz\u0105 wyszukiwark\u0119 lot\u00f3w lub linkowa\u0107 do konkretnych okazji lotniczych.<\/span><\/p>\n<\/div>\n<\/div>\n<\/div>\n<div class=\"columns__item cf span_8 sspan_24 content\">\n<div class=\"korzysci_left\"><img loading=\"lazy\" decoding=\"async\" class=\"korzysci_icons\" src=\"\/content\/uploads\/2017\/11\/hotel.png\" alt=\"\" width=\"270\" height=\"270\" \/><\/div>\n<div class=\"korzysci_right\">\n<div class=\"korzysci_text\">\n<h4><span style=\"color: #ffffff;\"><strong>Hotele<\/strong><\/span><\/h4>\n<p class=\"keep-me\"><span style=\"color: #ffffff;\">Dzi\u0119ki modu\u0142owi wyszukiwarki lot\u00f3w i hoteli SkyBox, Twoi u\u017cytkownicy mog\u0105 w prosty spos\u00f3b przegl\u0105da\u0107 i filtrowa\u0107 ponad 992 000 obiekt\u00f3w hotelowych.<\/span><\/p>\n<\/div>\n<\/div>\n<\/div>\n<div class=\"columns__item cf span_8 sspan_24 content\">\n<div class=\"korzysci_left\"><img loading=\"lazy\" decoding=\"async\" class=\"korzysci2_icons\" src=\"\/content\/uploads\/2017\/11\/ubezpieczenie1.png\" alt=\"\" width=\"270\" height=\"270\" \/><\/div>\n<div class=\"korzysci_right\">\n<div class=\"korzysci_text\">\n<h4><span style=\"color: #ffffff;\"><strong>Ubezpieczenia<\/strong><\/span><\/h4>\n<p class=\"keep-me\"><span style=\"color: #ffffff;\">Udost\u0119pniamy r\u00f3\u017cne warianty ubezpiecze\u0144 podr\u00f3\u017cnych, m.in. od nieszcz\u0119\u015bliwych wypadk\u00f3w czy od zgubionego baga\u017cu.<\/span><\/p>\n<\/div>\n<\/div>\n<\/div>\n<\/div>\n<\/div>\n<\/div>\n<\/div>\n<\/section>\n<section id=\"vvvv\" class=\"section  imagebg vvvv  none\" style=\" ; ;\"><img decoding=\"async\" class=\"image-bg\" style=\"display: none;\" src=\"data:image\/gif;base64,R0lGODlhAQABAAAAACH5BAEKAAEALAAAAAABAAEAAAICTAEAOw==\" srcset=\"https:\/\/eskypartners.com\/content\/uploads\/2017\/11\/adobestock164972173acbc-640x272.jpg 640w,  https:\/\/eskypartners.com\/content\/uploads\/2017\/11\/adobestock164972173acbc-1920x915.jpg 1920w,  https:\/\/eskypartners.com\/content\/uploads\/2017\/11\/adobestock164972173acbc-1920x915@2x.jpg 3840w\"><\/p>\n<div class=\"wrapper reveal\" style=\"\">\n<div class=\"dt\">\n<div class=\"dtc\">\n<div class=\"columns cf\">\n<div class=\"columns__item cf span_12 sspan_24 content\">\n<p>&nbsp;<\/p>\n<p>&nbsp;<\/p>\n<\/div>\n<div class=\"columns__item cf span_12 sspan_24 content\">\n<h2 style=\"text-align: left;\"><span style=\"color: #ffffff;\"><strong>Dla kogo jest nasz program partnerski?<\/strong><\/span><\/h2>\n<div class=\"separator--colors\" style=\"margin-bottom: 25px; margin-left: 0px;\"><span style=\"color: #ffffff;\">\u00a0<\/span><\/div>\n<p class=\"keep-me\"><span style=\"color: #ffffff;\">Zapraszamy do naszego programu partnerskiego ka\u017cdego, kto uko\u0144czy\u0142 18 rok \u017cycia. Nie wymagamy od Ciebie otwarcia dzia\u0142alno\u015bci gospodarczej. U nas liczy si\u0119 tylko twoje zaanga\u017cowanie i zapa\u0142 \u2013 od tego zale\u017cy wysoko\u015b\u0107 Twojego wynagrodzenia.<\/span><\/p>\n<h3><span style=\"color: #ffffff;\">Polecamy nasz program je\u015bli:<\/span><\/h3>\n<p><span style=\"font-size: 16px; color: #ffffff;\">1. Posiadasz sklep internetowy<\/span><br \/>\n<span style=\"font-size: 16px; color: #ffffff;\">2. Prowadzisz w\u0142asny blog<\/span><br \/>\n<span style=\"font-size: 16px; color: #ffffff;\">3. Administrujesz fanpage na Facebooku<\/span><br \/>\n<span style=\"font-size: 16px; color: #ffffff;\">4. Aktywnie dzia\u0142asz na forach internetowych<\/span><br \/>\n<span style=\"font-size: 16px; color: #ffffff;\">5. Posiadasz do\u015bwiadczenie w marketingu<\/span><\/p>\n<\/div>\n<\/div>\n<\/div>\n<\/div>\n<\/div>\n<\/section>\n<section style=\"background: #002172;\" class=\"section pyl spys  \" >\n<div class=\"wrapper wrapper content\">\n<div class=\"dt\">\n<div class=\"dtc\">\n<h2 style=\"text-align: center;\"><span style=\"color: #ffffff;\"><strong>Ile mog\u0119 zarobi\u0107?<\/strong><\/span><\/h2>\n<div class=\"separator--colors\" style=\"text-align: center; margin-bottom: 25px;\"><span style=\"color: #ffffff;\">\u00a0<\/span><\/div>\n<p style=\"text-align: center;\"><span style=\"color: #ffffff;\">Pracujemy w systemie prowizyjnym, w kt\u00f3rym rozliczamy si\u0119 za ka\u017cd\u0105 transakcj\u0119 dokonan\u0105 przez u\u017cytkownika, kt\u00f3rego przekierujesz na nasz\u0105 stron\u0119. W przypadku bilet\u00f3w lotniczych p\u0142acimy procent od warto\u015bci op\u0142aty transakcyjnej, a im wi\u0119cej transakcji wygenerujesz, tym wi\u0119ksz\u0105 prowizj\u0119 otrzymasz. W przypadku hoteli rozliczamy si\u0119 za \u201eprzespan\u0105\u201d rezerwacj\u0119, a w przypadku ubezpiecze\u0144 oddajemy Ci procent jego ca\u0142kowitej warto\u015bci. Zarobki naszych partner\u00f3w wahaj\u0105 si\u0119 od kilkuset do kilkudziesi\u0119ciu tysi\u0119cy z\u0142otych miesi\u0119cznie. Uczestnictwo w naszym programie partnerskim jest ca\u0142kowicie darmowe, a prowizj\u0119 wyp\u0142acamy co miesi\u0105c, po osi\u0105gni\u0119ciu minimalnego pu\u0142apu 150 z\u0142.<\/span><\/p>\n<p style=\"text-align: center;\"><span style=\"color: #ffffff;\"><a class=\"btn btn--default\" href=\"https:\/\/skybox.eskypartners.com\/register1\">Do\u0142\u0105cz do nas ju\u017c dzi\u015b!<\/a><\/span><\/p>\n<\/div>\n<\/div>\n<\/div>\n<\/section>\n<section style=\"background: ;\" class=\"section pyl spys  \" >\n<div class=\"wrapper wrapper content\">\n<div class=\"dt\">\n<div class=\"dtc\">\n<h2 style=\"text-align: center;\"><strong>Referencje<\/strong><\/h2>\n<div class=\"separator--colors\"><\/div>\n<\/div>\n<\/div>\n<\/div>\n<\/section>\n<section id=\"xyza\" class=\"section  imagebg xyza  none\" style=\" ; ;\">\n<div class=\"wrapper reveal\" style=\"\">\n<div class=\"dt\">\n<div class=\"dtc\">\n<div class=\"columns cf\">\n<div class=\"columns__item cf span_8 sspan_24 content\">\n<div class=\"ctm__icons\">\n<p class=\"keep-me\"><em>\u201eBiuro eSky da\u0142o si\u0119 pozna\u0107 jako firma \u015bwiadcz\u0105ca us\u0142ugi na najwy\u017cszym poziomie.\u201d<\/em><\/p>\n<p style=\"text-align: right;\"><span style=\"font-size: 12px;\">\u2013 MARCIN MROCZKO, ONET.PL<\/span><\/p>\n<\/div>\n<\/div>\n<div class=\"columns__item cf span_8 sspan_24 content\">\n<div class=\"ctm__icons\">\n<p class=\"keep-me\"><em>\u201eeSky to wiarygodny i godny polecenia partner. Rzetelno\u015b\u0107 i profesjonalizm pracownik\u00f3w stanowi gwarancj\u0119 jako\u015bci\u201d<\/em><\/p>\n<p style=\"text-align: right;\"><span style=\"font-size: 12px;\">\u2013 PIOTR PLIKUS, PORT LOTNICZY LUBLIN S.A<\/span><\/p>\n<\/div>\n<\/div>\n<div class=\"columns__item cf span_8 sspan_24 content\">\n<div class=\"ctm__icons\">\n<p class=\"keep-me\"><em>\u201eSumienny, rzetelny i profesjonalny partner\u201d<\/em><\/p>\n<p style=\"text-align: right;\"><span style=\"font-size: 12px;\">\u2013 MA\u0141GORZATA B\u0104K, WP.PL<\/span><\/p>\n<\/div>\n<\/div>\n<\/div>\n<\/div>\n<\/div>\n<\/div>\n<\/section>\n<section id=\"xyza\" class=\"section  imagebg xyza  none\" style=\" ; ;\">\n<div class=\"wrapper reveal\" style=\"\">\n<div class=\"dt\">\n<div class=\"dtc\">\n<div class=\"columns cf\">\n<div class=\"columns__item cf span_8 sspan_24 content\">\n<div class=\"ctm__icons\">\n<p class=\"keep-me\"><em>\u201eeSky to wiarygodny partner biznesowy. Technologiczne rozwi\u0105zania, kt\u00f3re firma dostarcza jeszcze nas nie zawiod\u0142y przez prawie 5 lat wsp\u00f3\u0142pracy.\u201d<\/em><\/p>\n<p style=\"text-align: right;\"><span style=\"font-size: 12px;\">\u2013 KAMIL LODZI\u0143SKI, FLY4FREE.PL<\/span><\/p>\n<\/div>\n<\/div>\n<div class=\"columns__item cf span_8 sspan_24 content\">\n<div class=\"ctm__icons\">\n<p class=\"keep-me\"><em>\u201eProfesjonalna obs\u0142uga naszych klient\u00f3w oraz wysokie kompetencje czyni\u0105 eSky serwisem wartym polecenia.\u201d<\/em><\/p>\n<p style=\"text-align: right;\"><span style=\"font-size: 12px;\">\u2013 PAWE\u0141 CYBULAK, PASAZER.COM<\/span><\/p>\n<\/div>\n<\/div>\n<div class=\"columns__item cf span_8 sspan_24 content\">\n<div class=\"ctm__icons\">\n<p class=\"keep-me\"><em>\u201eWsp\u00f3\u0142pracujemy z eSky ju\u017c par\u0119 lat i bardzo cenimy t\u0119 wsp\u00f3\u0142prac\u0119 dzi\u0119ki mo\u017cliwo\u015bci wymiany opinii, terminowym p\u0142atno\u015bciom oraz profesjonalnemu podej\u015bciu do nowych, innowacyjnych rozwi\u0105za\u0144.\u201d<\/em><\/p>\n<p style=\"text-align: right;\"><span style=\"font-size: 12px;\">\u2013 KRZYSZTOF \u0141USZCZ, INFOLOTY.PL<\/span><\/p>\n<\/div>\n<\/div>\n<\/div>\n<\/div>\n<\/div>\n<\/div>\n<\/section>\n<section id=\"registerbox\" class=\"section  imagebg registerbox  none\" style=\" ; ;\"><img decoding=\"async\" class=\"image-bg\" style=\"display: none;\" src=\"data:image\/gif;base64,R0lGODlhAQABAAAAACH5BAEKAAEALAAAAAABAAEAAAICTAEAOw==\" srcset=\"https:\/\/eskypartners.com\/content\/uploads\/2017\/11\/yyuuu11111-640x266.jpg 640w,  https:\/\/eskypartners.com\/content\/uploads\/2017\/11\/yyuuu11111.jpg 1920w,  https:\/\/eskypartners.com\/content\/uploads\/2017\/11\/yyuuu11111@2x.jpg 3840w\"><\/p>\n<div class=\"wrapper reveal\" style=\"\">\n<div class=\"dt\">\n<div class=\"dtc\">\n<div class=\"columns cf\">\n<div class=\"columns__item cf span_24 sspan_24 content\">\n<h2 style=\"text-align: center;\"><span style=\"color: #ffffff;\"><strong>Do\u0142\u0105cz ju\u017c dzisiaj i zacznij zarabia\u0107!<\/strong><\/span><\/h2>\n<p style=\"text-align: center;\"><span style=\"color: #ffffff;\"><a class=\"btn btn--default\" style=\"background: #e70e6a;\" href=\"https:\/\/skybox.eskypartners.com\/register1\">Do\u0142\u0105cz do nas \u00bb<\/a><\/span><\/p>\n<\/div>\n<\/div>\n<\/div>\n<\/div>\n<\/div>\n<\/section>\n","protected":false},"excerpt":{"rendered":"<p>Jak dzia\u0142a nasz program partnerski? Program partnerski eSky Partners to \u0142atwy i bezpieczny spos\u00f3b na zarabianie w Internecie. Ty wybierasz narz\u0119dzia reklamowe i miejsce promowania naszych produkt\u00f3w &#8211; mo\u017ce to by\u0107 strona internetowa, Facebook albo forum tematyczne. My wyp\u0142acamy Ci atrakcyjn\u0105 prowizj\u0119 za ka\u017cdego u\u017cytkownika przekierowanego na nasz\u0105 stron\u0119, kt\u00f3ry przeprowadzi dowoln\u0105 transakcj\u0119. Bez konieczno\u015bci [&hellip;]<\/p>\n","protected":false},"author":18,"featured_media":0,"parent":0,"menu_order":0,"comment_status":"closed","ping_status":"closed","template":"template-offer.php","meta":{"footnotes":""},"yoast_head":"<!-- This site is optimized with the Yoast SEO plugin v21.9.1 - https:\/\/yoast.com\/wordpress\/plugins\/seo\/ -->\n<title>O programie - Program partnerski eSky jak to dzia\u0142a? - eSky Partners<\/title>\n<meta name=\"description\" content=\"eSky Partners to bezp\u0142atny program partnerski, kt\u00f3ry umo\u017cliwia zarabianie w internecie. Nie musisz prowadzi\u0107 dzia\u0142alno\u015bci gospodarczej, podpisywa\u0107 um\u00f3w ani dokonywa\u0107 op\u0142at rejestracyjnych. Ty polecasz tanie linie lotnicze i hotele, a my wyp\u0142acamy Ci prowizj\u0119!\" \/>\n<meta name=\"robots\" content=\"index, follow, max-snippet:-1, max-image-preview:large, max-video-preview:-1\" \/>\n<link rel=\"canonical\" href=\"https:\/\/eskypartners.com\/pl\/o-programie\/\" \/>\n<meta property=\"og:locale\" content=\"pl_PL\" \/>\n<meta property=\"og:type\" content=\"article\" \/>\n<meta property=\"og:title\" content=\"O programie - Program partnerski eSky jak to dzia\u0142a? - eSky Partners\" \/>\n<meta property=\"og:description\" content=\"eSky Partners to bezp\u0142atny program partnerski, kt\u00f3ry umo\u017cliwia zarabianie w internecie. Nie musisz prowadzi\u0107 dzia\u0142alno\u015bci gospodarczej, podpisywa\u0107 um\u00f3w ani dokonywa\u0107 op\u0142at rejestracyjnych. Ty polecasz tanie linie lotnicze i hotele, a my wyp\u0142acamy Ci prowizj\u0119!\" \/>\n<meta property=\"og:url\" content=\"https:\/\/eskypartners.com\/pl\/o-programie\/\" \/>\n<meta property=\"og:site_name\" content=\"eSky Partners\" \/>\n<meta property=\"article:modified_time\" content=\"2019-05-17T06:25:36+00:00\" \/>\n<meta property=\"og:image\" content=\"https:\/\/partnerdev.esky.pl\/content\/uploads\/2017\/11\/flights.png\" \/>\n<meta name=\"twitter:card\" content=\"summary_large_image\" \/>\n<meta name=\"twitter:label1\" content=\"Szacowany czas czytania\" \/>\n\t<meta name=\"twitter:data1\" content=\"3 minuty\" \/>\n<script type=\"application\/ld+json\" class=\"yoast-schema-graph\">{\"@context\":\"https:\/\/schema.org\",\"@graph\":[{\"@type\":\"WebPage\",\"@id\":\"https:\/\/eskypartners.com\/pl\/o-programie\/\",\"url\":\"https:\/\/eskypartners.com\/pl\/o-programie\/\",\"name\":\"O programie - Program partnerski eSky jak to dzia\u0142a? - eSky Partners\",\"isPartOf\":{\"@id\":\"http:\/\/eskypartners.com\/#website\"},\"datePublished\":\"2017-11-15T22:12:56+00:00\",\"dateModified\":\"2019-05-17T06:25:36+00:00\",\"description\":\"eSky Partners to bezp\u0142atny program partnerski, kt\u00f3ry umo\u017cliwia zarabianie w internecie. Nie musisz prowadzi\u0107 dzia\u0142alno\u015bci gospodarczej, podpisywa\u0107 um\u00f3w ani dokonywa\u0107 op\u0142at rejestracyjnych. Ty polecasz tanie linie lotnicze i hotele, a my wyp\u0142acamy Ci prowizj\u0119!\",\"breadcrumb\":{\"@id\":\"https:\/\/eskypartners.com\/pl\/o-programie\/#breadcrumb\"},\"inLanguage\":\"pl-PL\",\"potentialAction\":[{\"@type\":\"ReadAction\",\"target\":[\"https:\/\/eskypartners.com\/pl\/o-programie\/\"]}]},{\"@type\":\"BreadcrumbList\",\"@id\":\"https:\/\/eskypartners.com\/pl\/o-programie\/#breadcrumb\",\"itemListElement\":[{\"@type\":\"ListItem\",\"position\":1,\"name\":\"Strona g\u0142\u00f3wna\",\"item\":\"https:\/\/eskypartners.com\/pl\/\"},{\"@type\":\"ListItem\",\"position\":2,\"name\":\"O&nbsp;programie\"}]},{\"@type\":\"WebSite\",\"@id\":\"http:\/\/eskypartners.com\/#website\",\"url\":\"http:\/\/eskypartners.com\/\",\"name\":\"eSky Partners\",\"description\":\"\",\"potentialAction\":[{\"@type\":\"SearchAction\",\"target\":{\"@type\":\"EntryPoint\",\"urlTemplate\":\"http:\/\/eskypartners.com\/?s={search_term_string}\"},\"query-input\":\"required name=search_term_string\"}],\"inLanguage\":\"pl-PL\"}]}<\/script>\n<!-- \/ Yoast SEO plugin. -->","yoast_head_json":{"title":"O programie - Program partnerski eSky jak to dzia\u0142a? - eSky Partners","description":"eSky Partners to bezp\u0142atny program partnerski, kt\u00f3ry umo\u017cliwia zarabianie w internecie. Nie musisz prowadzi\u0107 dzia\u0142alno\u015bci gospodarczej, podpisywa\u0107 um\u00f3w ani dokonywa\u0107 op\u0142at rejestracyjnych. Ty polecasz tanie linie lotnicze i hotele, a my wyp\u0142acamy Ci prowizj\u0119!","robots":{"index":"index","follow":"follow","max-snippet":"max-snippet:-1","max-image-preview":"max-image-preview:large","max-video-preview":"max-video-preview:-1"},"canonical":"https:\/\/eskypartners.com\/pl\/o-programie\/","og_locale":"pl_PL","og_type":"article","og_title":"O programie - Program partnerski eSky jak to dzia\u0142a? - eSky Partners","og_description":"eSky Partners to bezp\u0142atny program partnerski, kt\u00f3ry umo\u017cliwia zarabianie w internecie. Nie musisz prowadzi\u0107 dzia\u0142alno\u015bci gospodarczej, podpisywa\u0107 um\u00f3w ani dokonywa\u0107 op\u0142at rejestracyjnych. Ty polecasz tanie linie lotnicze i hotele, a my wyp\u0142acamy Ci prowizj\u0119!","og_url":"https:\/\/eskypartners.com\/pl\/o-programie\/","og_site_name":"eSky Partners","article_modified_time":"2019-05-17T06:25:36+00:00","og_image":[{"url":"https:\/\/partnerdev.esky.pl\/content\/uploads\/2017\/11\/flights.png"}],"twitter_card":"summary_large_image","twitter_misc":{"Szacowany czas czytania":"3 minuty"},"schema":{"@context":"https:\/\/schema.org","@graph":[{"@type":"WebPage","@id":"https:\/\/eskypartners.com\/pl\/o-programie\/","url":"https:\/\/eskypartners.com\/pl\/o-programie\/","name":"O programie - Program partnerski eSky jak to dzia\u0142a? - eSky Partners","isPartOf":{"@id":"http:\/\/eskypartners.com\/#website"},"datePublished":"2017-11-15T22:12:56+00:00","dateModified":"2019-05-17T06:25:36+00:00","description":"eSky Partners to bezp\u0142atny program partnerski, kt\u00f3ry umo\u017cliwia zarabianie w internecie. Nie musisz prowadzi\u0107 dzia\u0142alno\u015bci gospodarczej, podpisywa\u0107 um\u00f3w ani dokonywa\u0107 op\u0142at rejestracyjnych. Ty polecasz tanie linie lotnicze i hotele, a my wyp\u0142acamy Ci prowizj\u0119!","breadcrumb":{"@id":"https:\/\/eskypartners.com\/pl\/o-programie\/#breadcrumb"},"inLanguage":"pl-PL","potentialAction":[{"@type":"ReadAction","target":["https:\/\/eskypartners.com\/pl\/o-programie\/"]}]},{"@type":"BreadcrumbList","@id":"https:\/\/eskypartners.com\/pl\/o-programie\/#breadcrumb","itemListElement":[{"@type":"ListItem","position":1,"name":"Strona g\u0142\u00f3wna","item":"https:\/\/eskypartners.com\/pl\/"},{"@type":"ListItem","position":2,"name":"O&nbsp;programie"}]},{"@type":"WebSite","@id":"http:\/\/eskypartners.com\/#website","url":"http:\/\/eskypartners.com\/","name":"eSky Partners","description":"","potentialAction":[{"@type":"SearchAction","target":{"@type":"EntryPoint","urlTemplate":"http:\/\/eskypartners.com\/?s={search_term_string}"},"query-input":"required name=search_term_string"}],"inLanguage":"pl-PL"}]}},"_links":{"self":[{"href":"https:\/\/eskypartners.com\/pl\/wp-json\/wp\/v2\/pages\/704"}],"collection":[{"href":"https:\/\/eskypartners.com\/pl\/wp-json\/wp\/v2\/pages"}],"about":[{"href":"https:\/\/eskypartners.com\/pl\/wp-json\/wp\/v2\/types\/page"}],"author":[{"embeddable":true,"href":"https:\/\/eskypartners.com\/pl\/wp-json\/wp\/v2\/users\/18"}],"replies":[{"embeddable":true,"href":"https:\/\/eskypartners.com\/pl\/wp-json\/wp\/v2\/comments?post=704"}],"version-history":[{"count":0,"href":"https:\/\/eskypartners.com\/pl\/wp-json\/wp\/v2\/pages\/704\/revisions"}],"wp:attachment":[{"href":"https:\/\/eskypartners.com\/pl\/wp-json\/wp\/v2\/media?parent=704"}],"curies":[{"name":"wp","href":"https:\/\/api.w.org\/{rel}","templated":true}]}}