{"id":679,"date":"2017-11-15T19:42:20","date_gmt":"2017-11-15T18:42:20","guid":{"rendered":"https:\/\/partnerdev.esky.pl\/?page_id=679"},"modified":"2022-03-07T14:24:24","modified_gmt":"2022-03-07T13:24:24","slug":"o-nas","status":"publish","type":"page","link":"https:\/\/eskypartners.com\/pl\/o-nas\/","title":{"rendered":"O nas"},"content":{"rendered":"<section class=\"section\">\n<div class=\"wrapper\">\n<div class=\"boxes\">\n<div class=\"boxes__item cf reveal\">\n<div class=\"span_12 sspan_24 left\" ><img decoding=\"async\" class=\"boxes__image right\" src=\"https:\/\/eskypartners.com\/content\/uploads\/2017\/11\/gggg-560x410.png\"><\/div>\n<div class=\"span_12 sspan_24 boxes__content boxes__content--right \">\n<div class=\"dt\">\n<div class=\"dtc content\">\n<h2><strong>Historia<\/strong><\/h2>\n<p>Marka <strong>eSky<\/strong> istnieje od 2004 roku. Od pocz\u0105tku dzia\u0142alno\u015bci tw\u00f3rcy obrali sobie za cel stworzenie narz\u0119dzi, kt\u00f3re w \u0142atwy i szybki spos\u00f3b pozwol\u0105 na rezerwacj\u0119 produkt\u00f3w turystycznych przez Internet. Za\u0142o\u017cenie to zosta\u0142o osi\u0105gni\u0119te, a firma zacz\u0119\u0142a wprowadza\u0107 swoje rozwi\u0105zania na rynki zagraniczne, rozpoczynaj\u0105c od Bu\u0142garii i Rumunii w 2008 i 2009 roku. W 2011 roku firma stworzy\u0142a mark\u0119 <strong>eDestinos<\/strong> dedykowan\u0105 Brazylii oraz rynkom Ameryki \u0141aci\u0144skiej i Po\u0142udniowej. Dzia\u0142alno\u015b\u0107 <strong>eDestinos<\/strong> obejmuje obecnie 18 kraj\u00f3w, natomiast ekspansja <strong>eSky<\/strong> obj\u0119\u0142a Europ\u0119 \u015arodkow\u0105, Zachodni\u0105 oraz USA. Zyskuj\u0105c siln\u0105 pozycj\u0119 na rynku firma postanowi\u0142a udost\u0119pnia\u0107 swoje autorskie narz\u0119dzia innym dzia\u0142aj\u0105cym na nim podmiotom. Dlatego te\u017c zacz\u0119\u0142a systematycznie tworzy\u0107 rozleg\u0142\u0105 sie\u0107 kontakt\u00f3w partnerskich. W ramach programu serwisy decyduj\u0105ce si\u0119 na wsp\u00f3\u0142prac\u0119 z eSky maj\u0105 szans\u0119 korzysta\u0107 z modu\u0142\u00f3w wyszukiwania bilet\u00f3w lotniczych (regularnych i tanich linii), obiekt\u00f3w hotelowych i ubezpiecze\u0144 podr\u00f3\u017cnych.<\/p>\n<\/div>\n<\/div>\n<\/div>\n<\/div>\n<\/div>\n<\/div>\n<\/section>\n<section id=\"mapbox\" class=\"section imagebg imagebg--page section-image--pnormal mapbox\" ><img decoding=\"async\" class=\"image-bg\" style=\"display: none;\" src=\"data:image\/gif;base64,R0lGODlhAQABAAAAACH5BAEKAAEALAAAAAABAAEAAAICTAEAOw==\" srcset=\" 640w,  1920w, \/@2x. 3840w\"><\/p>\n<div class=\"dt\">\n<div class=\"dtc\">\n<div style=\"max-width: 1000px; margin: auto;\">\n<h2 style=\"text-align: center;\"><span style=\"color: #ffffff;\"><strong>Zasi\u0119g eSky i eDestinos<\/strong><\/span><\/h2>\n<div class=\"separator--colors\"><\/div>\n<p><span style=\"color: #ffffff;\"> \u25cf 50 lokalnych domen na 5 kontynentach<\/span><br \/>\n<span style=\"color: #ffffff;\"> \u25cf 5 oddzia\u0142\u00f3w lokalnych w 4 krajach<\/span><br \/>\n<span style=\"color: #ffffff;\"> \u25cf ponad 500 pracownik\u00f3w na\u00a0ca\u0142ym \u015bwiecie<\/span><br \/>\n<span style=\"color: #ffffff;\"> \u25cf klienci z ponad 200 kraj\u00f3w<\/span><\/p>\n<\/div>\n<\/div>\n<\/div>\n<\/section>\n<section id=\"mapbox\" class=\"section imagebg imagebg--page section-image--pnormal mapbox\" ><img decoding=\"async\" class=\"image-bg\" style=\"display: none;\" src=\"data:image\/gif;base64,R0lGODlhAQABAAAAACH5BAEKAAEALAAAAAABAAEAAAICTAEAOw==\" srcset=\" 640w,  1920w, \/@2x. 3840w\"><\/p>\n<div class=\"dt\">\n<div class=\"dtc\">\n<div style=\"max-width: 1000px; margin: auto;\">\n<div  data-plugin=\"responsive-vector-maps\" data-ver=\"6.4.1\" class=\"map-container rvm-map-container\" id=\"world-map-683\"  ><\/div>\n<p><script type=\"text\/javascript\">( function($) { $(function(){var region_background = {\"BE\" : \"#e10d6a\",\"BG\" : \"#e10d6a\",\"BA\" : \"#e10d6a\",\"BO\" : \"#e10d6a\",\"BR\" : \"#e10d6a\",\"BY\" : \"#e10d6a\",\"RU\" : \"#e10d6a\",\"RS\" : \"#e10d6a\",\"RO\" : \"#e10d6a\",\"GT\" : \"#e10d6a\",\"GR\" : \"#e10d6a\",\"GB\" : \"#e10d6a\",\"HR\" : \"#e10d6a\",\"HU\" : \"#e10d6a\",\"HN\" : \"#e10d6a\",\"PR\" : \"#e10d6a\",\"PT\" : \"#e10d6a\",\"PY\" : \"#e10d6a\",\"PA\" : \"#e10d6a\",\"PE\" : \"#e10d6a\",\"PL\" : \"#e10d6a\",\"ZA\" : \"#e10d6a\",\"EC\" : \"#e10d6a\",\"ES\" : \"#e10d6a\",\"ME\" : \"#e10d6a\",\"MD\" : \"#e10d6a\",\"MX\" : \"#e10d6a\",\"FR\" : \"#e10d6a\",\"FI\" : \"#e10d6a\",\"NI\" : \"#e10d6a\",\"NL\" : \"#e10d6a\",\"NO\" : \"#e10d6a\",\"NZ\" : \"#e10d6a\",\"CH\" : \"#e10d6a\",\"CO\" : \"#e10d6a\",\"CL\" : \"#e10d6a\",\"CZ\" : \"#e10d6a\",\"CR\" : \"#e10d6a\",\"SV\" : \"#e10d6a\",\"SK\" : \"#e10d6a\",\"SE\" : \"#e10d6a\",\"DO\" : \"#e10d6a\",\"DK\" : \"#e10d6a\",\"DE\" : \"#e10d6a\",\"AT\" : \"#e10d6a\",\"US\" : \"#e10d6a\",\"UY\" : \"#e10d6a\",\"TR\" : \"#e10d6a\",\"IT\" : \"#e10d6a\",\"AR\" : \"#e10d6a\",\"IE\" : \"#e10d6a\"};var region_popup = {};var map = new jvm.Map({    container: $(\"#world-map-683\"),    map: \"world_merc_en\" , regionsSelectable: false, regionStyle: { initial: { fill: \"#f5f8fd\", \"fill-opacity\": 1, stroke: \"#b9dce8\", \"stroke-width\": 0.1}, hover: { \"fill\": \"#00d2e8\", \"fill-opacity\" : 1 }, selected: { fill: \"#ffffff\" }}, backgroundColor: \"transparent\", zoomButtons: true, zoomOnScroll: false, onRegionOver : function(event, code){region_over = true ;if( code == \"BE\"  ) { region_over = false; } if( code == \"BG\"  ) { region_over = false; } if( code == \"BA\"  ) { region_over = false; } if( code == \"BO\"  ) { region_over = false; } if( code == \"BR\"  ) { region_over = false; } if( code == \"BY\"  ) { region_over = false; } if( code == \"RU\"  ) { region_over = false; } if( code == \"RS\"  ) { region_over = false; } if( code == \"RO\"  ) { region_over = false; } if( code == \"GT\"  ) { region_over = false; } if( code == \"GR\"  ) { region_over = false; } if( code == \"GB\"  ) { region_over = false; } if( code == \"HR\"  ) { region_over = false; } if( code == \"HU\"  ) { region_over = false; } if( code == \"HN\"  ) { region_over = false; } if( code == \"PR\"  ) { region_over = false; } if( code == \"PT\"  ) { region_over = false; } if( code == \"PY\"  ) { region_over = false; } if( code == \"PA\"  ) { region_over = false; } if( code == \"PE\"  ) { region_over = false; } if( code == \"PL\"  ) { region_over = false; } if( code == \"ZA\"  ) { region_over = false; } if( code == \"EC\"  ) { region_over = false; } if( code == \"ES\"  ) { region_over = false; } if( code == \"ME\"  ) { region_over = false; } if( code == \"MD\"  ) { region_over = false; } if( code == \"MX\"  ) { region_over = false; } if( code == \"FR\"  ) { region_over = false; } if( code == \"FI\"  ) { region_over = false; } if( code == \"NI\"  ) { region_over = false; } if( code == \"NL\"  ) { region_over = false; } if( code == \"NO\"  ) { region_over = false; } if( code == \"NZ\"  ) { region_over = false; } if( code == \"CH\"  ) { region_over = false; } if( code == \"CO\"  ) { region_over = false; } if( code == \"CL\"  ) { region_over = false; } if( code == \"CZ\"  ) { region_over = false; } if( code == \"CR\"  ) { region_over = false; } if( code == \"SV\"  ) { region_over = false; } if( code == \"SK\"  ) { region_over = false; } if( code == \"SE\"  ) { region_over = false; } if( code == \"DO\"  ) { region_over = false; } if( code == \"DK\"  ) { region_over = false; } if( code == \"DE\"  ) { region_over = false; } if( code == \"AT\"  ) { region_over = false; } if( code == \"US\"  ) { region_over = false; } if( code == \"UY\"  ) { region_over = false; } if( code == \"TR\"  ) { region_over = false; } if( code == \"IT\"  ) { region_over = false; } if( code == \"AR\"  ) { region_over = false; } if( code == \"IE\"  ) { region_over = false; } if( region_over ) { event.preventDefault(); } }, onRegionOut: function(element, code, region) { document.body.style.cursor = \"default\"; }, onRegionClick : function(event, code){}, series: { regions: [{ values: region_background, attribute: \"fill\" }]}, onMarkerClick: function(event, index) {if( markers[index].weburl ) { window.location.assign( markers[index].weburl ) ; } }, markerStyle: {initial: { fill: \"#e04186\", stroke: \"#ffffff\" }}});});})(jQuery);<\/script><script type=\"text\/javascript\">( function($) {var map_container_width = $( \"#world-map-683\").width();var map_container_height = map_container_width \/ 1.5435268; $(\"#world-map-683\").css( { \"height\" : map_container_height ,  \"max-height\" : map_container_height } );$( window ).resize( function() {var map_container_width = $( \"#world-map-683\").width();var map_container_height = map_container_width \/ 1.5435268; $( \"#world-map-683\").css( { \"height\" : map_container_height ,  \"max-height\" : map_container_height } );});})(jQuery);<\/script><script>( function($) {$( \".rvm-close-default-card-container\").click(function (){$( \".rvm-close-default-card-container\").parents(\".rvm-default-card-container\").addClass(\"rvm-hide-card-container\");});})(jQuery);<\/script><\/div>\n<\/div>\n<\/div>\n<\/section>\n<section style=\"background: ;\" class=\"section pyl spys  \" >\n<div class=\"wrapper wrapper content\">\n<div class=\"dt\">\n<div class=\"dtc\">\n<h2 style=\"text-align: center;\"><strong>Wsp\u00f3\u0142praca<\/strong><\/h2>\n<div class=\"separator--colors\" style=\"margin-bottom: 25px;\"><\/div>\n<p style=\"text-align: center;\">Wsp\u00f3\u0142pracujemy z ponad 10 dostawcami hotelowymi, w\u015br\u00f3d kt\u00f3rych znajduje si\u0119 <strong>Expedia<\/strong> oraz <strong>Booking.com<\/strong>, oferuj\u0105c 1 000 000 sprawdzonych obiekt\u00f3w noclegowych. Nasza autorska platforma integruje bazy tych dostawc\u00f3w i proponuje u\u017cytkownikom noclegi w optymalnych cenach. Wsp\u00f3\u0142pracujemy te\u017c z najwi\u0119kszymi dostawcami system\u00f3w do obs\u0142ugi rezerwacji lotniczych, takimi jak: <strong>Amadeus<\/strong> i <strong>Sabre<\/strong>. Dzi\u0119ki temu w naszej zintegrowanej bazie znajdziesz oferty ponad 860 regularnych i tanich linii lotniczych.<\/p>\n<div style=\"width: 25%; float: left; text-align: center; padding-top: 7px;\"><img decoding=\"async\" class=\"wspolpraca\" style=\"max-height: 54px; margin: 0 auto;\" src=\"https:\/\/eskypartners.com\/content\/uploads\/2022\/03\/589a4c455aa6293a4aac48ca-e1646658934635.png\" \/><\/div>\n<div style=\"width: 25%; float: left;\"><img decoding=\"async\" class=\"wspolpraca\" src=\"https:\/\/eskypartners.com\/content\/uploads\/2017\/11\/booking-1-300x81.png\" \/><\/div>\n<div style=\"width: 25%; float: left;\"><img decoding=\"async\" class=\"wspolpraca\" src=\"https:\/\/eskypartners.com\/content\/uploads\/2017\/11\/amadeus-1-300x81.png\" \/><\/div>\n<div style=\"width: 25%; float: left;\"><img decoding=\"async\" class=\"wspolpraca\" src=\"https:\/\/eskypartners.com\/content\/uploads\/2019\/03\/sabre-300x81.png\" \/><\/div>\n<\/div>\n<\/div>\n<\/div>\n<\/section>\n<section style=\"background: #002172;\" class=\"section pyl spys  \" >\n<div class=\"wrapper wrapper content\">\n<div class=\"dt\">\n<div class=\"dtc\">\n<h2 style=\"text-align: center;\"><span style=\"color: #ffffff;\"><strong>Nagrody i wyr\u00f3\u017cnienia dla eSky<\/strong><\/span><\/h2>\n<div class=\"separator--colors\"><\/div>\n<\/div>\n<\/div>\n<\/div>\n<\/section>\n<section id=\"\" class=\"section  imagebg   none\" style=\" background-color: #002172;; ;\">\n<div class=\"wrapper reveal\" style=\"\">\n<div class=\"dt\">\n<div class=\"dtc\">\n<div class=\"columns cf\">\n<div class=\"columns__item cf span_12 sspan_24 content\">\n<p><img decoding=\"async\" loading=\"lazy\" class=\"alignnone size-medium wp-image-1034\" src=\"https:\/\/partnerdev.esky.pl\/content\/uploads\/2017\/11\/dobrywzorjpg-1-300x300.png\" alt=\"\" width=\"180\" height=\"180\" srcset=\"https:\/\/eskypartners.com\/content\/uploads\/2017\/11\/dobrywzorjpg-1-300x300.png 300w, https:\/\/eskypartners.com\/content\/uploads\/2017\/11\/dobrywzorjpg-1-150x150.png 150w, https:\/\/eskypartners.com\/content\/uploads\/2017\/11\/dobrywzorjpg-1-768x768.png 768w, https:\/\/eskypartners.com\/content\/uploads\/2017\/11\/dobrywzorjpg-1-1024x1024.png 1024w, https:\/\/eskypartners.com\/content\/uploads\/2017\/11\/dobrywzorjpg-1-90x90.png 90w, https:\/\/eskypartners.com\/content\/uploads\/2017\/11\/dobrywzorjpg-1-610x610.png 610w, https:\/\/eskypartners.com\/content\/uploads\/2017\/11\/dobrywzorjpg-1-305x305.png 305w, https:\/\/eskypartners.com\/content\/uploads\/2017\/11\/dobrywzorjpg-1-420x420.png 420w, https:\/\/eskypartners.com\/content\/uploads\/2017\/11\/dobrywzorjpg-1.png 1772w\" sizes=\"(max-width: 180px) 100vw, 180px\" \/><\/p>\n<\/div>\n<div class=\"columns__item cf span_12 sspan_24 content\">\n<h4><span style=\"color: #ffffff;\"><strong>Dobry Wz\u00f3r 2017<\/strong><\/span><\/h4>\n<p><span style=\"color: #ffffff;\">Aplikacja mobilna eSky otrzyma\u0142a nagrod\u0119 Dobry Wz\u00f3r 2017 w kategorii Us\u0142ugi przyznawan\u0105 przez Instytut Wzornictwa Przemys\u0142owego. Jury doceni\u0142o u\u017cyteczno\u015b\u0107 i praktyczno\u015b\u0107 aplikacji eSky, kt\u00f3ra umo\u017cliwia \u0142atwe i szybkie zorganizowania podr\u00f3\u017cy.<\/span><\/p>\n<\/div>\n<\/div>\n<\/div>\n<\/div>\n<\/div>\n<\/section>\n<section id=\"\" class=\"section  imagebg   none\" style=\" background-color: #002172;; ;\">\n<div class=\"wrapper reveal\" style=\"\">\n<div class=\"dt\">\n<div class=\"dtc\">\n<div class=\"columns cf\">\n<div class=\"columns__item cf span_12 sspan_24 content\">\n<p><img decoding=\"async\" loading=\"lazy\" class=\"alignnone wp-image-1043 size-full\" src=\"https:\/\/partnerdev.esky.pl\/content\/uploads\/2017\/11\/mobiletrends-1.png\" alt=\"\" width=\"180\" height=\"180\" srcset=\"https:\/\/eskypartners.com\/content\/uploads\/2017\/11\/mobiletrends-1.png 300w, https:\/\/eskypartners.com\/content\/uploads\/2017\/11\/mobiletrends-1-150x150.png 150w, https:\/\/eskypartners.com\/content\/uploads\/2017\/11\/mobiletrends-1-90x90.png 90w\" sizes=\"(max-width: 180px) 100vw, 180px\" \/><\/p>\n<\/div>\n<div class=\"columns__item cf span_12 sspan_24 content\">\n<h4><span style=\"color: #ffffff;\"><strong>Mobile Trends Awards 2016<\/strong><\/span><\/h4>\n<p class=\"keep-me\"><span style=\"color: #ffffff;\">Aplikacja eSky zwyci\u0119\u017cy\u0142a w kategorii M-commerce, pokonuj\u0105c m.in. rozwi\u0105zania TUI Poland, ITAKA, czy Empik. eSky zwyci\u0119\u017cy\u0142o nie tylko dzi\u0119ki g\u0142osom jury, ale te\u017c dzi\u0119ki wsparciu zadowolonych u\u017cytkownik\u00f3w, kt\u00f3rzy oddali na ni\u0105 g\u0142osy.<\/span><\/p>\n<\/div>\n<\/div>\n<\/div>\n<\/div>\n<\/div>\n<\/section>\n<section id=\"\" class=\"section  imagebg   none\" style=\" background-color: #ffffff;; ;\">\n<div class=\"wrapper reveal\" style=\"\">\n<div class=\"dt\">\n<div class=\"dtc\">\n<div class=\"columns cf\">\n<div class=\"columns__item cf span_12 sspan_24 content\">\n<p><img decoding=\"async\" loading=\"lazy\" class=\"alignnone wp-image-1043 size-full\" src=\"https:\/\/eskypartners.com\/content\/uploads\/2018\/03\/ecomm1.jpg\" alt=\"\" width=\"180\" height=\"180\" \/><\/p>\n<\/div>\n<div class=\"columns__item cf span_12 sspan_24 content\">\n<h4><span style=\"color: #002172;\"><strong>e.Comm Awards 2018<\/strong><\/span><\/h4>\n<p class=\"keep-me\"><span style=\"color: #002172;\">Ju\u017c 2. rok z rz\u0119du aplikacja mobilna eSky otrzyma\u0142a nagrod\u0119 w konkursie e.Comm Awards w Bu\u0142garii w kategorii Najlepsza aplikacja mobilna.<\/span><\/p>\n<\/div>\n<\/div>\n<\/div>\n<\/div>\n<\/div>\n<\/section>\n<section id=\"\" class=\"section  imagebg   none\" style=\" background-color: #ffffff;; ;\">\n<div class=\"wrapper reveal\" style=\"\">\n<div class=\"dt\">\n<div class=\"dtc\">\n<div class=\"columns cf\">\n<div class=\"columns__item cf span_12 sspan_24 content\">\n<p><img decoding=\"async\" loading=\"lazy\" class=\"alignnone wp-image-1043 size-full\" src=\"https:\/\/eskypartners.com\/content\/uploads\/2019\/03\/onestowatchsmall-300x155.jpg\" alt=\"\" width=\"180\" height=\"180\" \/><\/p>\n<\/div>\n<div class=\"columns__item cf span_12 sspan_24 content\">\n<h4><span style=\"color: #002172;\"><strong>eSky na li\u015bcie &#8222;Ones to Watch&#8221; 2018<\/strong><\/span><\/h4>\n<p class=\"keep-me\"><span style=\"color: #002172;\">eSky zosta\u0142o wymienione jako \u201eOnes to Watch\u201d &#8211; jedno z najlepszych przedsi\u0119wzi\u0119\u0107 biznesowych w Europie w kategorii Travel \/ Leisure, bior\u0105cych udzia\u0142 w konkursie European Business Awards. <\/span><\/p>\n<\/div>\n<\/div>\n<\/div>\n<\/div>\n<\/div>\n<\/section>\n<section id=\"\" class=\"section  imagebg   none\" style=\" background-color: #ffffff;; ;\">\n<div class=\"wrapper reveal\" style=\"\">\n<div class=\"dt\">\n<div class=\"dtc\">\n<div class=\"columns cf\">\n<div class=\"columns__item cf span_12 sspan_24 content\">\n<p><img decoding=\"async\" loading=\"lazy\" class=\"alignnone wp-image-1043 size-full\" src=\"https:\/\/eskypartners.com\/content\/uploads\/2019\/03\/smallgazela2018-300x155.jpg\" alt=\"\" width=\"180\" height=\"180\" \/><\/p>\n<\/div>\n<div class=\"columns__item cf span_12 sspan_24 content\">\n<h4><span style=\"color: #002172;\"><strong>Gazela Biznesu 2018<\/strong><\/span><\/h4>\n<p class=\"keep-me\"><span style=\"color: #002172;\">eSky znalaz\u0142o si\u0119 w\u015br\u00f3d finalist\u00f3w dziewi\u0119tnastej edycji rankingu Gazele Biznesu organizowanego przez Puls Biznesu. Ranking skupia najbardziej dynamicznie rozwijaj\u0105ce sie firmy z sektora M\u015aP.<\/span><\/p>\n<\/div>\n<\/div>\n<\/div>\n<\/div>\n<\/div>\n<\/section>\n<section id=\"registerbox\" class=\"section  imagebg registerbox  none\" style=\" ; ;\"><img decoding=\"async\" class=\"image-bg\" style=\"display: none;\" src=\"data:image\/gif;base64,R0lGODlhAQABAAAAACH5BAEKAAEALAAAAAABAAEAAAICTAEAOw==\" srcset=\"https:\/\/eskypartners.com\/content\/uploads\/2017\/11\/yyuuu11111-640x266.jpg 640w,  https:\/\/eskypartners.com\/content\/uploads\/2017\/11\/yyuuu11111.jpg 1920w,  https:\/\/eskypartners.com\/content\/uploads\/2017\/11\/yyuuu11111@2x.jpg 3840w\"><\/p>\n<div class=\"wrapper reveal\" style=\"\">\n<div class=\"dt\">\n<div class=\"dtc\">\n<div class=\"columns cf\">\n<div class=\"columns__item cf span_24 sspan_24 content\">\n<h2 style=\"text-align: center;\"><span style=\"color: #ffffff;\"><strong>Do\u0142\u0105cz ju\u017c dzisiaj i zacznij zarabia\u0107!<\/strong><\/span><\/h2>\n<p style=\"text-align: center;\"><span style=\"color: #ffffff;\"><a class=\"btn btn--default\" style=\"background: #e70e6a;\" href=\"https:\/\/skybox.eskypartners.com\/register1\">Do\u0142\u0105cz do nas \u00bb<\/a><\/span><\/p>\n<\/div>\n<\/div>\n<\/div>\n<\/div>\n<\/div>\n<\/section>\n","protected":false},"excerpt":{"rendered":"<p>Historia Marka eSky istnieje od 2004 roku. Od pocz\u0105tku dzia\u0142alno\u015bci tw\u00f3rcy obrali sobie za cel stworzenie narz\u0119dzi, kt\u00f3re w \u0142atwy i szybki spos\u00f3b pozwol\u0105 na rezerwacj\u0119 produkt\u00f3w turystycznych przez Internet. Za\u0142o\u017cenie to zosta\u0142o osi\u0105gni\u0119te, a firma zacz\u0119\u0142a wprowadza\u0107 swoje rozwi\u0105zania na rynki zagraniczne, rozpoczynaj\u0105c od Bu\u0142garii i Rumunii w 2008 i 2009 roku. W 2011 [&hellip;]<\/p>\n","protected":false},"author":18,"featured_media":0,"parent":0,"menu_order":0,"comment_status":"closed","ping_status":"closed","template":"template-projects.php","meta":{"footnotes":""},"yoast_head":"<!-- This site is optimized with the Yoast SEO plugin v21.9.1 - https:\/\/yoast.com\/wordpress\/plugins\/seo\/ -->\n<title>O nas - eSky Partners - System Afiliacyjny marki eSky<\/title>\n<meta name=\"description\" content=\"eSky umo\u017cliwia klientom b\u0142yskawiczne wyszukiwanie i wygodne rezerwowanie tanich bilet\u00f3w lotniczych, nocleg\u00f3w w hotelach oraz ubezpiecze\u0144 za po\u015brednictwem autorskiego systemu rezerwacyjnego eSky Travel Search. Do\u0142\u0105cz do naszego programu partnerskiego ju\u017c dzi\u015b!\" \/>\n<meta name=\"robots\" content=\"index, follow, max-snippet:-1, max-image-preview:large, max-video-preview:-1\" \/>\n<link rel=\"canonical\" href=\"https:\/\/eskypartners.com\/pl\/o-nas\/\" \/>\n<meta property=\"og:locale\" content=\"pl_PL\" \/>\n<meta property=\"og:type\" content=\"article\" \/>\n<meta property=\"og:title\" content=\"O nas - eSky Partners - System Afiliacyjny marki eSky\" \/>\n<meta property=\"og:description\" content=\"eSky umo\u017cliwia klientom b\u0142yskawiczne wyszukiwanie i wygodne rezerwowanie tanich bilet\u00f3w lotniczych, nocleg\u00f3w w hotelach oraz ubezpiecze\u0144 za po\u015brednictwem autorskiego systemu rezerwacyjnego eSky Travel Search. Do\u0142\u0105cz do naszego programu partnerskiego ju\u017c dzi\u015b!\" \/>\n<meta property=\"og:url\" content=\"https:\/\/eskypartners.com\/pl\/o-nas\/\" \/>\n<meta property=\"og:site_name\" content=\"eSky Partners\" \/>\n<meta property=\"article:modified_time\" content=\"2022-03-07T13:24:24+00:00\" \/>\n<meta property=\"og:image\" content=\"https:\/\/eskypartners.com\/content\/uploads\/2017\/11\/gggg-560x410.png\" \/>\n<meta name=\"twitter:card\" content=\"summary_large_image\" \/>\n<meta name=\"twitter:label1\" content=\"Szacowany czas czytania\" \/>\n\t<meta name=\"twitter:data1\" content=\"8 minut\" \/>\n<script type=\"application\/ld+json\" class=\"yoast-schema-graph\">{\"@context\":\"https:\/\/schema.org\",\"@graph\":[{\"@type\":\"WebPage\",\"@id\":\"https:\/\/eskypartners.com\/pl\/o-nas\/\",\"url\":\"https:\/\/eskypartners.com\/pl\/o-nas\/\",\"name\":\"O nas - eSky Partners - System Afiliacyjny marki eSky\",\"isPartOf\":{\"@id\":\"http:\/\/eskypartners.com\/#website\"},\"datePublished\":\"2017-11-15T18:42:20+00:00\",\"dateModified\":\"2022-03-07T13:24:24+00:00\",\"description\":\"eSky umo\u017cliwia klientom b\u0142yskawiczne wyszukiwanie i wygodne rezerwowanie tanich bilet\u00f3w lotniczych, nocleg\u00f3w w hotelach oraz ubezpiecze\u0144 za po\u015brednictwem autorskiego systemu rezerwacyjnego eSky Travel Search. Do\u0142\u0105cz do naszego programu partnerskiego ju\u017c dzi\u015b!\",\"breadcrumb\":{\"@id\":\"https:\/\/eskypartners.com\/pl\/o-nas\/#breadcrumb\"},\"inLanguage\":\"pl-PL\",\"potentialAction\":[{\"@type\":\"ReadAction\",\"target\":[\"https:\/\/eskypartners.com\/pl\/o-nas\/\"]}]},{\"@type\":\"BreadcrumbList\",\"@id\":\"https:\/\/eskypartners.com\/pl\/o-nas\/#breadcrumb\",\"itemListElement\":[{\"@type\":\"ListItem\",\"position\":1,\"name\":\"Strona g\u0142\u00f3wna\",\"item\":\"https:\/\/eskypartners.com\/pl\/\"},{\"@type\":\"ListItem\",\"position\":2,\"name\":\"O&nbsp;nas\"}]},{\"@type\":\"WebSite\",\"@id\":\"http:\/\/eskypartners.com\/#website\",\"url\":\"http:\/\/eskypartners.com\/\",\"name\":\"eSky Partners\",\"description\":\"\",\"potentialAction\":[{\"@type\":\"SearchAction\",\"target\":{\"@type\":\"EntryPoint\",\"urlTemplate\":\"http:\/\/eskypartners.com\/?s={search_term_string}\"},\"query-input\":\"required name=search_term_string\"}],\"inLanguage\":\"pl-PL\"}]}<\/script>\n<!-- \/ Yoast SEO plugin. -->","yoast_head_json":{"title":"O nas - eSky Partners - System Afiliacyjny marki eSky","description":"eSky umo\u017cliwia klientom b\u0142yskawiczne wyszukiwanie i wygodne rezerwowanie tanich bilet\u00f3w lotniczych, nocleg\u00f3w w hotelach oraz ubezpiecze\u0144 za po\u015brednictwem autorskiego systemu rezerwacyjnego eSky Travel Search. Do\u0142\u0105cz do naszego programu partnerskiego ju\u017c dzi\u015b!","robots":{"index":"index","follow":"follow","max-snippet":"max-snippet:-1","max-image-preview":"max-image-preview:large","max-video-preview":"max-video-preview:-1"},"canonical":"https:\/\/eskypartners.com\/pl\/o-nas\/","og_locale":"pl_PL","og_type":"article","og_title":"O nas - eSky Partners - System Afiliacyjny marki eSky","og_description":"eSky umo\u017cliwia klientom b\u0142yskawiczne wyszukiwanie i wygodne rezerwowanie tanich bilet\u00f3w lotniczych, nocleg\u00f3w w hotelach oraz ubezpiecze\u0144 za po\u015brednictwem autorskiego systemu rezerwacyjnego eSky Travel Search. Do\u0142\u0105cz do naszego programu partnerskiego ju\u017c dzi\u015b!","og_url":"https:\/\/eskypartners.com\/pl\/o-nas\/","og_site_name":"eSky Partners","article_modified_time":"2022-03-07T13:24:24+00:00","og_image":[{"url":"https:\/\/eskypartners.com\/content\/uploads\/2017\/11\/gggg-560x410.png"}],"twitter_card":"summary_large_image","twitter_misc":{"Szacowany czas czytania":"8 minut"},"schema":{"@context":"https:\/\/schema.org","@graph":[{"@type":"WebPage","@id":"https:\/\/eskypartners.com\/pl\/o-nas\/","url":"https:\/\/eskypartners.com\/pl\/o-nas\/","name":"O nas - eSky Partners - System Afiliacyjny marki eSky","isPartOf":{"@id":"http:\/\/eskypartners.com\/#website"},"datePublished":"2017-11-15T18:42:20+00:00","dateModified":"2022-03-07T13:24:24+00:00","description":"eSky umo\u017cliwia klientom b\u0142yskawiczne wyszukiwanie i wygodne rezerwowanie tanich bilet\u00f3w lotniczych, nocleg\u00f3w w hotelach oraz ubezpiecze\u0144 za po\u015brednictwem autorskiego systemu rezerwacyjnego eSky Travel Search. Do\u0142\u0105cz do naszego programu partnerskiego ju\u017c dzi\u015b!","breadcrumb":{"@id":"https:\/\/eskypartners.com\/pl\/o-nas\/#breadcrumb"},"inLanguage":"pl-PL","potentialAction":[{"@type":"ReadAction","target":["https:\/\/eskypartners.com\/pl\/o-nas\/"]}]},{"@type":"BreadcrumbList","@id":"https:\/\/eskypartners.com\/pl\/o-nas\/#breadcrumb","itemListElement":[{"@type":"ListItem","position":1,"name":"Strona g\u0142\u00f3wna","item":"https:\/\/eskypartners.com\/pl\/"},{"@type":"ListItem","position":2,"name":"O&nbsp;nas"}]},{"@type":"WebSite","@id":"http:\/\/eskypartners.com\/#website","url":"http:\/\/eskypartners.com\/","name":"eSky Partners","description":"","potentialAction":[{"@type":"SearchAction","target":{"@type":"EntryPoint","urlTemplate":"http:\/\/eskypartners.com\/?s={search_term_string}"},"query-input":"required name=search_term_string"}],"inLanguage":"pl-PL"}]}},"_links":{"self":[{"href":"https:\/\/eskypartners.com\/pl\/wp-json\/wp\/v2\/pages\/679"}],"collection":[{"href":"https:\/\/eskypartners.com\/pl\/wp-json\/wp\/v2\/pages"}],"about":[{"href":"https:\/\/eskypartners.com\/pl\/wp-json\/wp\/v2\/types\/page"}],"author":[{"embeddable":true,"href":"https:\/\/eskypartners.com\/pl\/wp-json\/wp\/v2\/users\/18"}],"replies":[{"embeddable":true,"href":"https:\/\/eskypartners.com\/pl\/wp-json\/wp\/v2\/comments?post=679"}],"version-history":[{"count":0,"href":"https:\/\/eskypartners.com\/pl\/wp-json\/wp\/v2\/pages\/679\/revisions"}],"wp:attachment":[{"href":"https:\/\/eskypartners.com\/pl\/wp-json\/wp\/v2\/media?parent=679"}],"curies":[{"name":"wp","href":"https:\/\/api.w.org\/{rel}","templated":true}]}}