{"id":646,"date":"2017-11-15T14:10:15","date_gmt":"2017-11-15T13:10:15","guid":{"rendered":"https:\/\/partnerdev.esky.pl\/?page_id=646"},"modified":"2020-03-13T15:08:06","modified_gmt":"2020-03-13T14:08:06","slug":"homepage-2","status":"publish","type":"page","link":"https:\/\/eskypartners.com\/pl\/","title":{"rendered":"Partners"},"content":{"rendered":"<section class=\"section ptxxl sptm\">\n<div class=\"wrapper reveal\">\n<div class=\"content \">\n<h2 style=\"text-align: center;\"><strong>Co zyskujesz do\u0142\u0105czaj\u0105c do programu partnerskiego eSky?<\/strong><\/h2>\n<div class=\"separator--colors\"><\/div>\n<\/div>\n<div class=\"variants flex flex--row\">\n<div class=\"variants__content variants__item flex__item content  \" style=\"background: \">\n<p style=\"text-align: center;\"><img loading=\"lazy\" decoding=\"async\" class=\"alignnone size-full wp-image-652\" src=\"https:\/\/partnerdev.esky.pl\/content\/uploads\/2017\/11\/leaders.png\" alt=\"\" width=\"97\" height=\"97\" srcset=\"https:\/\/eskypartners.com\/content\/uploads\/2017\/11\/leaders.png 97w, https:\/\/eskypartners.com\/content\/uploads\/2017\/11\/leaders-90x90.png 90w\" sizes=\"(max-width: 97px) 100vw, 97px\" \/><\/p>\n<h4 style=\"text-align: center;\"><strong>Wiod\u0105cy partner<\/strong><\/h4>\n<p style=\"text-align: center;\">Jako lider w\u015br\u00f3d globalnych internetowych centr\u00f3w podr\u00f3\u017cy jeste\u015bmy obecni na ponad <strong>50 rynkach<\/strong>, a nasi klienci pochodz\u0105 z ponad <strong>200 kraj\u00f3w<\/strong>. Korzystamy z autorskich rozwi\u0105za\u0144, dzi\u0119ki kt\u00f3rym nasz program to 100% korzy\u015bci i zero ryzyka.<\/p>\n<p class=\"aligncetner variants__button\"><a href=\"\"  class=\"btn btn--transparent\"><\/a><\/p>\n<\/div>\n<div class=\"variants__content variants__item flex__item content  \" style=\"background: \">\n<p style=\"text-align: center;\"><img loading=\"lazy\" decoding=\"async\" class=\"alignnone size-full wp-image-650\" src=\"https:\/\/partnerdev.esky.pl\/content\/uploads\/2017\/11\/cash.png\" alt=\"\" width=\"97\" height=\"97\" srcset=\"https:\/\/eskypartners.com\/content\/uploads\/2017\/11\/cash.png 97w, https:\/\/eskypartners.com\/content\/uploads\/2017\/11\/cash-90x90.png 90w\" sizes=\"(max-width: 97px) 100vw, 97px\" \/><\/p>\n<h4 style=\"text-align: center;\"><strong>Wysokie zarobki<\/strong><\/h4>\n<p style=\"text-align: center;\">Oferujemy r\u00f3\u017cnorodne produkty i profesjonalne narz\u0119dzia reklamowe. Dzi\u0119ki temu zwi\u0119kszamy zyski, tym samym oferuj\u0105c naszym partnerom wy\u017csze prowizje &#8211; nawet <strong>do 80%<\/strong>.<\/p>\n<p class=\"aligncetner variants__button\"><a href=\"\"  class=\"btn btn--transparent\"><\/a><\/p>\n<\/div>\n<div class=\"variants__content variants__item flex__item content  \" style=\"background: \">\n<p style=\"text-align: center;\"><img loading=\"lazy\" decoding=\"async\" class=\"alignnone size-full wp-image-651\" src=\"https:\/\/partnerdev.esky.pl\/content\/uploads\/2017\/11\/idea.png\" alt=\"\" width=\"97\" height=\"97\" srcset=\"https:\/\/eskypartners.com\/content\/uploads\/2017\/11\/idea.png 97w, https:\/\/eskypartners.com\/content\/uploads\/2017\/11\/idea-90x90.png 90w\" sizes=\"(max-width: 97px) 100vw, 97px\" \/><\/p>\n<h4 style=\"text-align: center;\"><strong>Autorskie narz\u0119dzia<\/strong><\/h4>\n<p style=\"text-align: center;\">Wykorzystywane przez nas narz\u0119dzia technologiczne ( wyszukiwarka lot\u00f3w <strong>SkyBox<\/strong>) i rozwi\u0105zania reklamowe ju\u017c na starcie zapewniaj\u0105 przewag\u0119 nad konkurencj\u0105. Wi\u0119cej przekierowa\u0144 i transakcji gwarantowane!<\/p>\n<p class=\"aligncetner variants__button\"><a href=\"\"  class=\"btn btn--transparent\"><\/a><\/p>\n<\/div>\n<\/div>\n<\/div>\n<\/section>\n<section id=\"whowearebox\" class=\"section imagebg imagebg--page none whowearebox\" ><img decoding=\"async\" class=\"image-bg\" style=\"display: none;\" src=\"data:image\/gif;base64,R0lGODlhAQABAAAAACH5BAEKAAEALAAAAAABAAEAAAICTAEAOw==\" srcset=\"https:\/\/eskypartners.com\/content\/uploads\/2016\/04\/esky-online-booking-569x305.jpg 640w, https:\/\/eskypartners.com\/content\/uploads\/2016\/04\/esky-online-booking-1920x1030.jpg 1920w, https:\/\/eskypartners.com\/content\/uploads\/2016\/04\/esky-online-booking-1920x1030@2x.jpg 3840w\"><\/p>\n<div class=\"dt\">\n<div class=\"dtc\">\n<h2 style=\"text-align: center;\"><span style=\"color: #ffffff;\"><strong>Dlaczego szukamy nowych partner\u00f3w?<\/strong><\/span><\/h2>\n<div class=\"separator--colors\" style=\"margin-bottom: 25px;\"><\/div>\n<p class=\"keep-me\" style=\"text-align: center; max-width: 1000px; margin: auto;\"><span style=\"color: #ffffff;\">Jeszcze kilkana\u015bcie lat temu podr\u00f3\u017cowanie na w\u0142asn\u0105 r\u0119k\u0119 z wykorzystaniem internetu by\u0142o udr\u0119k\u0105. Trzeba by\u0142o nie\u017ale nagimnastykowa\u0107 si\u0119, \u017ceby por\u00f3wna\u0107 ze sob\u0105 oferty cenowe lot\u00f3w w r\u00f3\u017cnych \u017ar\u00f3d\u0142ach, zestawi\u0107 je ze sob\u0105 i wybra\u0107 najkorzystniejsz\u0105. Rezerwacja noclegu czy wykup ubezpieczenia by\u0142o rozpoczynaniem tej w\u0119dr\u00f3wki od nowa. W 2004 roku postanowili\u015bmy uczyni\u0107 planowanie podr\u00f3\u017cy maksymalnie prostym, szybkim i przyjemnym. Tak powsta\u0142 eSky.<br \/>\nDzi\u015b potrzebujemy Ciebie, \u017ceby podzieli\u0107 si\u0119 z innymi naszymi rozwi\u0105zaniami i pomaga\u0107 ludziom odbywa\u0107 wymarzone podr\u00f3\u017ce w jak najni\u017cszych cenach. Pom\u00f3\u017c nam inspirowa\u0107 innych do podr\u00f3\u017cy i zyskuj na ka\u017cdej rezerwacji, kt\u00f3rej dzi\u0119ki Tobie dokonaj\u0105. <\/span><\/p>\n<\/div>\n<\/div>\n<\/section>\n<section class=\"section slider slider--content\">\n<div class=\"wrapper reveal\">\n<div class=\"content pbm spbm\">\n<h2 style=\"text-align: center;\"><strong>Partnerzy<\/strong><\/h2>\n<div class=\"separator--colors\"><\/div>\n<\/div>\n<div class=\"js-slick slick \" >\n<div class=\"slider__item \">\n<div class=\"slider__image aligncenter\">\n<div class=\"dt\">\n<div class=\"dtc\"><img decoding=\"async\" src=\"https:\/\/eskypartners.com\/content\/uploads\/2017\/11\/2-1.png\" alt=\"\" \/><\/div>\n<\/div>\n<\/div>\n<div class=\"slider__title\"><\/div>\n<div class=\"slider__content content\"><\/div>\n<\/div>\n<div class=\"slider__item \">\n<div class=\"slider__image aligncenter\">\n<div class=\"dt\">\n<div class=\"dtc\"><img decoding=\"async\" src=\"https:\/\/eskypartners.com\/content\/uploads\/2018\/07\/biletylotnicze.png\" alt=\"\" \/><\/div>\n<\/div>\n<\/div>\n<div class=\"slider__title\"><\/div>\n<div class=\"slider__content content\"><\/div>\n<\/div>\n<div class=\"slider__item \">\n<div class=\"slider__image aligncenter\">\n<div class=\"dt\">\n<div class=\"dtc\"><img decoding=\"async\" src=\"https:\/\/eskypartners.com\/content\/uploads\/2017\/11\/8-1.png\" alt=\"\" \/><\/div>\n<\/div>\n<\/div>\n<div class=\"slider__title\"><\/div>\n<div class=\"slider__content content\"><\/div>\n<\/div>\n<div class=\"slider__item \">\n<div class=\"slider__image aligncenter\">\n<div class=\"dt\">\n<div class=\"dtc\"><img decoding=\"async\" src=\"https:\/\/eskypartners.com\/content\/uploads\/2018\/03\/katowice-165x71.png\" alt=\"\" \/><\/div>\n<\/div>\n<\/div>\n<div class=\"slider__title\"><\/div>\n<div class=\"slider__content content\"><\/div>\n<\/div>\n<div class=\"slider__item \">\n<div class=\"slider__image aligncenter\">\n<div class=\"dt\">\n<div class=\"dtc\"><img decoding=\"async\" src=\"https:\/\/eskypartners.com\/content\/uploads\/2018\/07\/travelfree-watermark-165x56.png\" alt=\"\" \/><\/div>\n<\/div>\n<\/div>\n<div class=\"slider__title\"><\/div>\n<div class=\"slider__content content\"><\/div>\n<\/div>\n<div class=\"slider__item \">\n<div class=\"slider__image aligncenter\">\n<div class=\"dt\">\n<div class=\"dtc\"><img decoding=\"async\" src=\"https:\/\/eskypartners.com\/content\/uploads\/2017\/11\/7-1.png\" alt=\"\" \/><\/div>\n<\/div>\n<\/div>\n<div class=\"slider__title\"><\/div>\n<div class=\"slider__content content\"><\/div>\n<\/div>\n<div class=\"slider__item \">\n<div class=\"slider__image aligncenter\">\n<div class=\"dt\">\n<div class=\"dtc\"><img decoding=\"async\" src=\"https:\/\/eskypartners.com\/content\/uploads\/2017\/11\/10-1.png\" alt=\"\" \/><\/div>\n<\/div>\n<\/div>\n<div class=\"slider__title\"><\/div>\n<div class=\"slider__content content\"><\/div>\n<\/div>\n<div class=\"slider__item \">\n<div class=\"slider__image aligncenter\">\n<div class=\"dt\">\n<div class=\"dtc\"><img decoding=\"async\" src=\"https:\/\/eskypartners.com\/content\/uploads\/2018\/03\/kadelogo-3-02-165x31.png\" alt=\"\" \/><\/div>\n<\/div>\n<\/div>\n<div class=\"slider__title\"><\/div>\n<div class=\"slider__content content\"><\/div>\n<\/div>\n<div class=\"slider__item \">\n<div class=\"slider__image aligncenter\">\n<div class=\"dt\">\n<div class=\"dtc\"><img decoding=\"async\" src=\"https:\/\/eskypartners.com\/content\/uploads\/2018\/03\/350x150-4-letenky-za-babku-165x71.png\" alt=\"\" \/><\/div>\n<\/div>\n<\/div>\n<div class=\"slider__title\"><\/div>\n<div class=\"slider__content content\"><\/div>\n<\/div>\n<div class=\"slider__item \">\n<div class=\"slider__image aligncenter\">\n<div class=\"dt\">\n<div class=\"dtc\"><img decoding=\"async\" src=\"https:\/\/eskypartners.com\/content\/uploads\/2019\/03\/logocheckbghome-165x39.png\" alt=\"\" \/><\/div>\n<\/div>\n<\/div>\n<div class=\"slider__title\"><\/div>\n<div class=\"slider__content content\"><\/div>\n<\/div>\n<div class=\"slider__item \">\n<div class=\"slider__image aligncenter\">\n<div class=\"dt\">\n<div class=\"dtc\"><img decoding=\"async\" src=\"https:\/\/eskypartners.com\/content\/uploads\/2019\/04\/paybacklogosvg-165x67.png\" alt=\"\" \/><\/div>\n<\/div>\n<\/div>\n<div class=\"slider__title\"><\/div>\n<div class=\"slider__content content\"><\/div>\n<\/div>\n<\/div>\n<\/div>\n<\/section>\n<section id=\"registerbox\" class=\"section  imagebg registerbox  none\" style=\" background-color: #002172;; ;\"><img decoding=\"async\" class=\"image-bg\" style=\"display: none;\" src=\"data:image\/gif;base64,R0lGODlhAQABAAAAACH5BAEKAAEALAAAAAABAAEAAAICTAEAOw==\" srcset=\"https:\/\/eskypartners.com\/content\/uploads\/2017\/11\/yyuuu11111-640x266.jpg 640w,  https:\/\/eskypartners.com\/content\/uploads\/2017\/11\/yyuuu11111.jpg 1920w,  https:\/\/eskypartners.com\/content\/uploads\/2017\/11\/yyuuu11111@2x.jpg 3840w\"><\/p>\n<div class=\"wrapper reveal\" style=\"\">\n<div class=\"dt\">\n<div class=\"dtc\">\n<div class=\"columns cf\">\n<div class=\"columns__item cf span_24 sspan_24 content\">\n<h2 style=\"text-align: center;\"><span style=\"color: #ffffff;\"><strong>Do\u0142\u0105cz ju\u017c dzisiaj i zacznij zarabia\u0107!<\/strong><\/span><\/h2>\n<p style=\"text-align: center;\"><span style=\"color: #ffffff;\"><a class=\"btn btn--default\" style=\"background: #e70e6a;\" href=\"https:\/\/skybox.eskypartners.com\/register1\">Do\u0142\u0105cz do nas \u00bb<\/a><\/span><\/p>\n<\/div>\n<\/div>\n<\/div>\n<\/div>\n<\/div>\n<\/section>\n","protected":false},"excerpt":{"rendered":"<p>Co zyskujesz do\u0142\u0105czaj\u0105c do programu partnerskiego eSky? Wiod\u0105cy partner Jako lider w\u015br\u00f3d globalnych internetowych centr\u00f3w podr\u00f3\u017cy jeste\u015bmy obecni na ponad 50 rynkach, a nasi klienci pochodz\u0105 z ponad 200 kraj\u00f3w. Korzystamy z autorskich rozwi\u0105za\u0144, dzi\u0119ki kt\u00f3rym nasz program to 100% korzy\u015bci i zero ryzyka. Wysokie zarobki Oferujemy r\u00f3\u017cnorodne produkty i profesjonalne narz\u0119dzia reklamowe. Dzi\u0119ki temu [&hellip;]<\/p>\n","protected":false},"author":18,"featured_media":0,"parent":0,"menu_order":0,"comment_status":"closed","ping_status":"closed","template":"","meta":{"footnotes":""},"yoast_head":"<!-- This site is optimized with the Yoast SEO plugin v21.9.1 - https:\/\/yoast.com\/wordpress\/plugins\/seo\/ -->\n<title>eSky Partners - Program Afiliacyjny - Loty, Hotele, Ubezpieczenia<\/title>\n<meta name=\"description\" content=\"eSky Partners - Program Partnerski - Polecaj bilety lotnicze (prowizja do 80%), hotele (prowizja do 50%) i ubezpieczenia (prowizja do 5%).\" \/>\n<meta name=\"robots\" content=\"index, follow, max-snippet:-1, max-image-preview:large, max-video-preview:-1\" \/>\n<link rel=\"canonical\" href=\"https:\/\/eskypartners.com\/pl\/\" \/>\n<meta property=\"og:locale\" content=\"pl_PL\" \/>\n<meta property=\"og:type\" content=\"article\" \/>\n<meta property=\"og:title\" content=\"eSky Partners - Program Afiliacyjny - Loty, Hotele, Ubezpieczenia\" \/>\n<meta property=\"og:description\" content=\"eSky Partners - Program Partnerski - Polecaj bilety lotnicze (prowizja do 80%), hotele (prowizja do 50%) i ubezpieczenia (prowizja do 5%).\" \/>\n<meta property=\"og:url\" content=\"https:\/\/eskypartners.com\/pl\/\" \/>\n<meta property=\"og:site_name\" content=\"eSky Partners\" \/>\n<meta property=\"article:modified_time\" content=\"2020-03-13T14:08:06+00:00\" \/>\n<meta property=\"og:image\" content=\"https:\/\/partnerdev.esky.pl\/content\/uploads\/2017\/11\/leaders.png\" \/>\n<meta name=\"twitter:card\" content=\"summary_large_image\" \/>\n<meta name=\"twitter:label1\" content=\"Szacowany czas czytania\" \/>\n\t<meta name=\"twitter:data1\" content=\"1 minuta\" \/>\n<script type=\"application\/ld+json\" class=\"yoast-schema-graph\">{\"@context\":\"https:\/\/schema.org\",\"@graph\":[{\"@type\":\"WebPage\",\"@id\":\"https:\/\/eskypartners.com\/pl\/\",\"url\":\"https:\/\/eskypartners.com\/pl\/\",\"name\":\"eSky Partners - Program Afiliacyjny - Loty, Hotele, Ubezpieczenia\",\"isPartOf\":{\"@id\":\"http:\/\/eskypartners.com\/#website\"},\"datePublished\":\"2017-11-15T13:10:15+00:00\",\"dateModified\":\"2020-03-13T14:08:06+00:00\",\"description\":\"eSky Partners - Program Partnerski - Polecaj bilety lotnicze (prowizja do 80%), hotele (prowizja do 50%) i ubezpieczenia (prowizja do 5%).\",\"breadcrumb\":{\"@id\":\"https:\/\/eskypartners.com\/pl\/#breadcrumb\"},\"inLanguage\":\"pl-PL\",\"potentialAction\":[{\"@type\":\"ReadAction\",\"target\":[\"https:\/\/eskypartners.com\/pl\/\"]}]},{\"@type\":\"BreadcrumbList\",\"@id\":\"https:\/\/eskypartners.com\/pl\/#breadcrumb\",\"itemListElement\":[{\"@type\":\"ListItem\",\"position\":1,\"name\":\"Strona g\u0142\u00f3wna\",\"item\":\"https:\/\/eskypartners.com\/pl\/\"},{\"@type\":\"ListItem\",\"position\":2,\"name\":\"Partners\"}]},{\"@type\":\"WebSite\",\"@id\":\"http:\/\/eskypartners.com\/#website\",\"url\":\"http:\/\/eskypartners.com\/\",\"name\":\"eSky Partners\",\"description\":\"\",\"potentialAction\":[{\"@type\":\"SearchAction\",\"target\":{\"@type\":\"EntryPoint\",\"urlTemplate\":\"http:\/\/eskypartners.com\/?s={search_term_string}\"},\"query-input\":\"required name=search_term_string\"}],\"inLanguage\":\"pl-PL\"}]}<\/script>\n<!-- \/ Yoast SEO plugin. -->","yoast_head_json":{"title":"eSky Partners - Program Afiliacyjny - Loty, Hotele, Ubezpieczenia","description":"eSky Partners - Program Partnerski - Polecaj bilety lotnicze (prowizja do 80%), hotele (prowizja do 50%) i ubezpieczenia (prowizja do 5%).","robots":{"index":"index","follow":"follow","max-snippet":"max-snippet:-1","max-image-preview":"max-image-preview:large","max-video-preview":"max-video-preview:-1"},"canonical":"https:\/\/eskypartners.com\/pl\/","og_locale":"pl_PL","og_type":"article","og_title":"eSky Partners - Program Afiliacyjny - Loty, Hotele, Ubezpieczenia","og_description":"eSky Partners - Program Partnerski - Polecaj bilety lotnicze (prowizja do 80%), hotele (prowizja do 50%) i ubezpieczenia (prowizja do 5%).","og_url":"https:\/\/eskypartners.com\/pl\/","og_site_name":"eSky Partners","article_modified_time":"2020-03-13T14:08:06+00:00","og_image":[{"url":"https:\/\/partnerdev.esky.pl\/content\/uploads\/2017\/11\/leaders.png"}],"twitter_card":"summary_large_image","twitter_misc":{"Szacowany czas czytania":"1 minuta"},"schema":{"@context":"https:\/\/schema.org","@graph":[{"@type":"WebPage","@id":"https:\/\/eskypartners.com\/pl\/","url":"https:\/\/eskypartners.com\/pl\/","name":"eSky Partners - Program Afiliacyjny - Loty, Hotele, Ubezpieczenia","isPartOf":{"@id":"http:\/\/eskypartners.com\/#website"},"datePublished":"2017-11-15T13:10:15+00:00","dateModified":"2020-03-13T14:08:06+00:00","description":"eSky Partners - Program Partnerski - Polecaj bilety lotnicze (prowizja do 80%), hotele (prowizja do 50%) i ubezpieczenia (prowizja do 5%).","breadcrumb":{"@id":"https:\/\/eskypartners.com\/pl\/#breadcrumb"},"inLanguage":"pl-PL","potentialAction":[{"@type":"ReadAction","target":["https:\/\/eskypartners.com\/pl\/"]}]},{"@type":"BreadcrumbList","@id":"https:\/\/eskypartners.com\/pl\/#breadcrumb","itemListElement":[{"@type":"ListItem","position":1,"name":"Strona g\u0142\u00f3wna","item":"https:\/\/eskypartners.com\/pl\/"},{"@type":"ListItem","position":2,"name":"Partners"}]},{"@type":"WebSite","@id":"http:\/\/eskypartners.com\/#website","url":"http:\/\/eskypartners.com\/","name":"eSky Partners","description":"","potentialAction":[{"@type":"SearchAction","target":{"@type":"EntryPoint","urlTemplate":"http:\/\/eskypartners.com\/?s={search_term_string}"},"query-input":"required name=search_term_string"}],"inLanguage":"pl-PL"}]}},"_links":{"self":[{"href":"https:\/\/eskypartners.com\/pl\/wp-json\/wp\/v2\/pages\/646"}],"collection":[{"href":"https:\/\/eskypartners.com\/pl\/wp-json\/wp\/v2\/pages"}],"about":[{"href":"https:\/\/eskypartners.com\/pl\/wp-json\/wp\/v2\/types\/page"}],"author":[{"embeddable":true,"href":"https:\/\/eskypartners.com\/pl\/wp-json\/wp\/v2\/users\/18"}],"replies":[{"embeddable":true,"href":"https:\/\/eskypartners.com\/pl\/wp-json\/wp\/v2\/comments?post=646"}],"version-history":[{"count":0,"href":"https:\/\/eskypartners.com\/pl\/wp-json\/wp\/v2\/pages\/646\/revisions"}],"wp:attachment":[{"href":"https:\/\/eskypartners.com\/pl\/wp-json\/wp\/v2\/media?parent=646"}],"curies":[{"name":"wp","href":"https:\/\/api.w.org\/{rel}","templated":true}]}}