{"id":10,"date":"2016-04-07T10:46:31","date_gmt":"2016-04-07T08:46:31","guid":{"rendered":"http:\/\/businesstravel.esky.com\/?page_id=10"},"modified":"2022-05-04T11:57:32","modified_gmt":"2022-05-04T09:57:32","slug":"kontakt","status":"publish","type":"page","link":"https:\/\/eskypartners.com\/pl\/kontakt\/","title":{"rendered":"Kontakt"},"content":{"rendered":"<section style=\"background: #ffffff;\" class=\"section pyl spys  \" >\n<div class=\"wrapper wrapper content\">\n<div class=\"dt\">\n<div class=\"dtc\">\n<div role=\"form\" class=\"wpcf7\" id=\"wpcf7-f1017-o1\" lang=\"pl-PL\" dir=\"ltr\">\n<div class=\"screen-reader-response\">\n<p role=\"status\" aria-live=\"polite\" aria-atomic=\"true\">\n<ul><\/ul>\n<\/div>\n<form action=\"\/wordpress\/wp-admin\/post.php?post=10&#038;action=edit&#038;meta-box-loader=1&#038;meta-box-loader-nonce=c2c8b76400&#038;_locale=user#wpcf7-f1017-o1\" method=\"post\" class=\"wpcf7-form init\" novalidate=\"novalidate\" data-status=\"init\">\n<div style=\"display: none;\">\n<input type=\"hidden\" name=\"_wpcf7\" value=\"1017\" \/><br \/>\n<input type=\"hidden\" name=\"_wpcf7_version\" value=\"5.5.6\" \/><br \/>\n<input type=\"hidden\" name=\"_wpcf7_locale\" value=\"pl_PL\" \/><br \/>\n<input type=\"hidden\" name=\"_wpcf7_unit_tag\" value=\"wpcf7-f1017-o1\" \/><br \/>\n<input type=\"hidden\" name=\"_wpcf7_container_post\" value=\"0\" \/><br \/>\n<input type=\"hidden\" name=\"_wpcf7_posted_data_hash\" value=\"\" \/>\n<\/div>\n<p><label> Imi\u0119 i nazwisko (wymagane)<br \/>\n    <span class=\"wpcf7-form-control-wrap your-name\"><input type=\"text\" name=\"your-name\" value=\"\" size=\"40\" class=\"wpcf7-form-control wpcf7-text wpcf7-validates-as-required\" aria-required=\"true\" aria-invalid=\"false\" \/><\/span> <\/label><\/p>\n<p><label> Adres email (wymagane)<br \/>\n    <span class=\"wpcf7-form-control-wrap your-email\"><input type=\"email\" name=\"your-email\" value=\"\" size=\"40\" class=\"wpcf7-form-control wpcf7-text wpcf7-email wpcf7-validates-as-required wpcf7-validates-as-email\" aria-required=\"true\" aria-invalid=\"false\" \/><\/span> <\/label><\/p>\n<p><label> Temat<br \/>\n    <span class=\"wpcf7-form-control-wrap your-subject\"><input type=\"text\" name=\"your-subject\" value=\"\" size=\"40\" class=\"wpcf7-form-control wpcf7-text\" aria-invalid=\"false\" \/><\/span> <\/label><\/p>\n<p><label> Tre\u015b\u0107 wiadomo\u015bci<br \/>\n    <span class=\"wpcf7-form-control-wrap your-message\"><textarea name=\"your-message\" cols=\"40\" rows=\"10\" class=\"wpcf7-form-control wpcf7-textarea\" aria-invalid=\"false\"><\/textarea><\/span> <\/label><\/p>\n<p><input type=\"submit\" value=\"Wy\u015blij\" class=\"wpcf7-form-control has-spinner wpcf7-submit\" \/><\/p>\n<div class=\"wpcf7-response-output\" aria-hidden=\"true\"><\/div>\n<\/form>\n<\/div>\n<\/div>\n<\/div>\n<\/div>\n<\/section>\n","protected":false},"excerpt":{"rendered":"<p>Imi\u0119 i nazwisko (wymagane) Adres email (wymagane) Temat Tre\u015b\u0107 wiadomo\u015bci<\/p>\n","protected":false},"author":3,"featured_media":0,"parent":0,"menu_order":0,"comment_status":"closed","ping_status":"closed","template":"template-projects.php","meta":{"footnotes":""},"yoast_head":"<!-- This site is optimized with the Yoast SEO plugin v21.9.1 - https:\/\/yoast.com\/wordpress\/plugins\/seo\/ -->\n<title>Kontakt - eSky Partners<\/title>\n<meta name=\"description\" content=\"Interesuje Ci\u0119 program afiliacyjny eSky Partners? Masz pytania dotycz\u0105ce wsp\u00f3\u0142pracy, naszych produkt\u00f3w lub wykorzystywanych narz\u0119dzi marketingowych?\" \/>\n<meta name=\"robots\" content=\"index, follow, max-snippet:-1, max-image-preview:large, max-video-preview:-1\" \/>\n<link rel=\"canonical\" href=\"https:\/\/eskypartners.com\/pl\/kontakt\/\" \/>\n<meta property=\"og:locale\" content=\"pl_PL\" \/>\n<meta property=\"og:type\" content=\"article\" \/>\n<meta property=\"og:title\" content=\"Kontakt - eSky Partners\" \/>\n<meta property=\"og:description\" content=\"Interesuje Ci\u0119 program afiliacyjny eSky Partners? Masz pytania dotycz\u0105ce wsp\u00f3\u0142pracy, naszych produkt\u00f3w lub wykorzystywanych narz\u0119dzi marketingowych?\" \/>\n<meta property=\"og:url\" content=\"https:\/\/eskypartners.com\/pl\/kontakt\/\" \/>\n<meta property=\"og:site_name\" content=\"eSky Partners\" \/>\n<meta property=\"article:modified_time\" content=\"2022-05-04T09:57:32+00:00\" \/>\n<meta name=\"twitter:card\" content=\"summary_large_image\" \/>\n<script type=\"application\/ld+json\" class=\"yoast-schema-graph\">{\"@context\":\"https:\/\/schema.org\",\"@graph\":[{\"@type\":\"WebPage\",\"@id\":\"https:\/\/eskypartners.com\/pl\/kontakt\/\",\"url\":\"https:\/\/eskypartners.com\/pl\/kontakt\/\",\"name\":\"Kontakt - eSky Partners\",\"isPartOf\":{\"@id\":\"http:\/\/eskypartners.com\/#website\"},\"datePublished\":\"2016-04-07T08:46:31+00:00\",\"dateModified\":\"2022-05-04T09:57:32+00:00\",\"description\":\"Interesuje Ci\u0119 program afiliacyjny eSky Partners? Masz pytania dotycz\u0105ce wsp\u00f3\u0142pracy, naszych produkt\u00f3w lub wykorzystywanych narz\u0119dzi marketingowych?\",\"breadcrumb\":{\"@id\":\"https:\/\/eskypartners.com\/pl\/kontakt\/#breadcrumb\"},\"inLanguage\":\"pl-PL\",\"potentialAction\":[{\"@type\":\"ReadAction\",\"target\":[\"https:\/\/eskypartners.com\/pl\/kontakt\/\"]}]},{\"@type\":\"BreadcrumbList\",\"@id\":\"https:\/\/eskypartners.com\/pl\/kontakt\/#breadcrumb\",\"itemListElement\":[{\"@type\":\"ListItem\",\"position\":1,\"name\":\"Strona g\u0142\u00f3wna\",\"item\":\"https:\/\/eskypartners.com\/pl\/\"},{\"@type\":\"ListItem\",\"position\":2,\"name\":\"Kontakt\"}]},{\"@type\":\"WebSite\",\"@id\":\"http:\/\/eskypartners.com\/#website\",\"url\":\"http:\/\/eskypartners.com\/\",\"name\":\"eSky Partners\",\"description\":\"\",\"potentialAction\":[{\"@type\":\"SearchAction\",\"target\":{\"@type\":\"EntryPoint\",\"urlTemplate\":\"http:\/\/eskypartners.com\/?s={search_term_string}\"},\"query-input\":\"required name=search_term_string\"}],\"inLanguage\":\"pl-PL\"}]}<\/script>\n<!-- \/ Yoast SEO plugin. -->","yoast_head_json":{"title":"Kontakt - eSky Partners","description":"Interesuje Ci\u0119 program afiliacyjny eSky Partners? Masz pytania dotycz\u0105ce wsp\u00f3\u0142pracy, naszych produkt\u00f3w lub wykorzystywanych narz\u0119dzi marketingowych?","robots":{"index":"index","follow":"follow","max-snippet":"max-snippet:-1","max-image-preview":"max-image-preview:large","max-video-preview":"max-video-preview:-1"},"canonical":"https:\/\/eskypartners.com\/pl\/kontakt\/","og_locale":"pl_PL","og_type":"article","og_title":"Kontakt - eSky Partners","og_description":"Interesuje Ci\u0119 program afiliacyjny eSky Partners? Masz pytania dotycz\u0105ce wsp\u00f3\u0142pracy, naszych produkt\u00f3w lub wykorzystywanych narz\u0119dzi marketingowych?","og_url":"https:\/\/eskypartners.com\/pl\/kontakt\/","og_site_name":"eSky Partners","article_modified_time":"2022-05-04T09:57:32+00:00","twitter_card":"summary_large_image","schema":{"@context":"https:\/\/schema.org","@graph":[{"@type":"WebPage","@id":"https:\/\/eskypartners.com\/pl\/kontakt\/","url":"https:\/\/eskypartners.com\/pl\/kontakt\/","name":"Kontakt - eSky Partners","isPartOf":{"@id":"http:\/\/eskypartners.com\/#website"},"datePublished":"2016-04-07T08:46:31+00:00","dateModified":"2022-05-04T09:57:32+00:00","description":"Interesuje Ci\u0119 program afiliacyjny eSky Partners? Masz pytania dotycz\u0105ce wsp\u00f3\u0142pracy, naszych produkt\u00f3w lub wykorzystywanych narz\u0119dzi marketingowych?","breadcrumb":{"@id":"https:\/\/eskypartners.com\/pl\/kontakt\/#breadcrumb"},"inLanguage":"pl-PL","potentialAction":[{"@type":"ReadAction","target":["https:\/\/eskypartners.com\/pl\/kontakt\/"]}]},{"@type":"BreadcrumbList","@id":"https:\/\/eskypartners.com\/pl\/kontakt\/#breadcrumb","itemListElement":[{"@type":"ListItem","position":1,"name":"Strona g\u0142\u00f3wna","item":"https:\/\/eskypartners.com\/pl\/"},{"@type":"ListItem","position":2,"name":"Kontakt"}]},{"@type":"WebSite","@id":"http:\/\/eskypartners.com\/#website","url":"http:\/\/eskypartners.com\/","name":"eSky Partners","description":"","potentialAction":[{"@type":"SearchAction","target":{"@type":"EntryPoint","urlTemplate":"http:\/\/eskypartners.com\/?s={search_term_string}"},"query-input":"required name=search_term_string"}],"inLanguage":"pl-PL"}]}},"_links":{"self":[{"href":"https:\/\/eskypartners.com\/pl\/wp-json\/wp\/v2\/pages\/10"}],"collection":[{"href":"https:\/\/eskypartners.com\/pl\/wp-json\/wp\/v2\/pages"}],"about":[{"href":"https:\/\/eskypartners.com\/pl\/wp-json\/wp\/v2\/types\/page"}],"author":[{"embeddable":true,"href":"https:\/\/eskypartners.com\/pl\/wp-json\/wp\/v2\/users\/3"}],"replies":[{"embeddable":true,"href":"https:\/\/eskypartners.com\/pl\/wp-json\/wp\/v2\/comments?post=10"}],"version-history":[{"count":0,"href":"https:\/\/eskypartners.com\/pl\/wp-json\/wp\/v2\/pages\/10\/revisions"}],"wp:attachment":[{"href":"https:\/\/eskypartners.com\/pl\/wp-json\/wp\/v2\/media?parent=10"}],"curies":[{"name":"wp","href":"https:\/\/api.w.org\/{rel}","templated":true}]}}